{"id":645,"date":"2021-08-07T19:07:46","date_gmt":"2021-08-07T19:07:46","guid":{"rendered":"http:\/\/oel.fz325nap.at.edis.global\/?product=bio-ingwerstaebchen"},"modified":"2026-04-28T11:19:55","modified_gmt":"2026-04-28T09:19:55","slug":"bio-ingwerstaebchen","status":"publish","type":"product","link":"https:\/\/weinhandl-muehle.at\/?product=bio-ingwerstaebchen","title":{"rendered":"Bio-Ingwerst\u00e4bchen"},"content":{"rendered":"<p>Durchschnittliche N\u00e4hrwerte pro 100 Gramm:<br \/>\n<strong>Brennwerte:<\/strong> 1236 kj \/ 291 kcal<br \/>\n<strong>Fett <\/strong>0 g, davon ges. Fetts\u00e4uren 0 g<br \/>\n<strong>Kohlenhydrate:<\/strong> 72 davon Zucker 70 g<br \/>\n<strong>Ballaststoffe:<\/strong> 1,5 g<br \/>\n<strong>Eiwei\u00df:<\/strong> 0 g<br \/>\n<strong>Salz:<\/strong> 0,04 g <\/p>\n","protected":false},"excerpt":{"rendered":"<p>Die leichte Sch\u00e4rfe von Ingwer &#8211; s\u00fc\u00df kandiert zum Vernaschen. <\/p>\n<p><strong>vegan, laktosefrei, <\/p>\n<p>Zutaten<\/strong> * laut Rezeptur<br \/>\nIngwer*, Rohrzucker* unraffiniert, Wasser<\/p>\n","protected":false},"featured_media":1861,"template":"","meta":[],"product_cat":[25],"product_tag":[],"yoast_head":"<!-- This site is optimized with the Yoast SEO plugin v18.1 - https:\/\/yoast.com\/wordpress\/plugins\/seo\/ -->\n<title>Bio-Ingwerst\u00e4bchen - Weinhandl M\u00fchle OG<\/title>\n<meta name=\"robots\" content=\"index, follow, max-snippet:-1, max-image-preview:large, max-video-preview:-1\" \/>\n<link rel=\"canonical\" href=\"https:\/\/weinhandl-muehle.at\/?product=bio-ingwerstaebchen\" \/>\n<meta property=\"og:locale\" content=\"de_DE\" \/>\n<meta property=\"og:type\" content=\"article\" \/>\n<meta property=\"og:title\" content=\"Bio-Ingwerst\u00e4bchen - Weinhandl M\u00fchle OG\" \/>\n<meta property=\"og:description\" content=\"Die leichte Sch\u00e4rfe von Ingwer - s\u00fc\u00df kandiert zum Vernaschen.  vegan, laktosefrei,  Zutaten * laut Rezeptur Ingwer*, Rohrzucker* unraffiniert, Wasser\" \/>\n<meta property=\"og:url\" content=\"https:\/\/weinhandl-muehle.at\/?product=bio-ingwerstaebchen\" \/>\n<meta property=\"og:site_name\" content=\"Weinhandl M\u00fchle OG\" \/>\n<meta property=\"article:publisher\" content=\"https:\/\/www.facebook.com\/WeinhandlmuehleOG\/\" \/>\n<meta property=\"article:modified_time\" content=\"2026-04-28T09:19:55+00:00\" \/>\n<meta property=\"og:image\" content=\"https:\/\/weinhandl-muehle.at\/wp-content\/uploads\/2021\/09\/445300.jpg\" \/>\n\t<meta property=\"og:image:width\" content=\"1200\" \/>\n\t<meta property=\"og:image:height\" content=\"800\" \/>\n\t<meta property=\"og:image:type\" content=\"image\/jpeg\" \/>\n<meta name=\"twitter:card\" content=\"summary_large_image\" \/>\n<script type=\"application\/ld+json\" class=\"yoast-schema-graph\">{\"@context\":\"https:\/\/schema.org\",\"@graph\":[{\"@type\":\"Organization\",\"@id\":\"https:\/\/weinhandl-muehle.at\/#organization\",\"name\":\"Weinhandl M\u00fchle OG\",\"url\":\"https:\/\/weinhandl-muehle.at\/\",\"sameAs\":[\"https:\/\/www.facebook.com\/WeinhandlmuehleOG\/\"],\"logo\":{\"@type\":\"ImageObject\",\"@id\":\"https:\/\/weinhandl-muehle.at\/#logo\",\"inLanguage\":\"de-DE\",\"url\":\"https:\/\/weinhandl-muehle.at\/wp-content\/uploads\/2021\/09\/weinhandl-muehle_200.png\",\"contentUrl\":\"https:\/\/weinhandl-muehle.at\/wp-content\/uploads\/2021\/09\/weinhandl-muehle_200.png\",\"width\":243,\"height\":200,\"caption\":\"Weinhandl M\u00fchle OG\"},\"image\":{\"@id\":\"https:\/\/weinhandl-muehle.at\/#logo\"}},{\"@type\":\"WebSite\",\"@id\":\"https:\/\/weinhandl-muehle.at\/#website\",\"url\":\"https:\/\/weinhandl-muehle.at\/\",\"name\":\"Weinhandl M\u00fchle OG\",\"description\":\"in der S\u00fcdoststeiermark\",\"publisher\":{\"@id\":\"https:\/\/weinhandl-muehle.at\/#organization\"},\"potentialAction\":[{\"@type\":\"SearchAction\",\"target\":{\"@type\":\"EntryPoint\",\"urlTemplate\":\"https:\/\/weinhandl-muehle.at\/?s={search_term_string}\"},\"query-input\":\"required name=search_term_string\"}],\"inLanguage\":\"de-DE\"},{\"@type\":\"ImageObject\",\"@id\":\"https:\/\/weinhandl-muehle.at\/?product=bio-ingwerstaebchen#primaryimage\",\"inLanguage\":\"de-DE\",\"url\":\"https:\/\/weinhandl-muehle.at\/wp-content\/uploads\/2021\/09\/445300.jpg\",\"contentUrl\":\"https:\/\/weinhandl-muehle.at\/wp-content\/uploads\/2021\/09\/445300.jpg\",\"width\":1200,\"height\":800},{\"@type\":\"WebPage\",\"@id\":\"https:\/\/weinhandl-muehle.at\/?product=bio-ingwerstaebchen#webpage\",\"url\":\"https:\/\/weinhandl-muehle.at\/?product=bio-ingwerstaebchen\",\"name\":\"Bio-Ingwerst\u00e4bchen - Weinhandl M\u00fchle OG\",\"isPartOf\":{\"@id\":\"https:\/\/weinhandl-muehle.at\/#website\"},\"primaryImageOfPage\":{\"@id\":\"https:\/\/weinhandl-muehle.at\/?product=bio-ingwerstaebchen#primaryimage\"},\"datePublished\":\"2021-08-07T19:07:46+00:00\",\"dateModified\":\"2026-04-28T09:19:55+00:00\",\"breadcrumb\":{\"@id\":\"https:\/\/weinhandl-muehle.at\/?product=bio-ingwerstaebchen#breadcrumb\"},\"inLanguage\":\"de-DE\",\"potentialAction\":[{\"@type\":\"ReadAction\",\"target\":[\"https:\/\/weinhandl-muehle.at\/?product=bio-ingwerstaebchen\"]}]},{\"@type\":\"BreadcrumbList\",\"@id\":\"https:\/\/weinhandl-muehle.at\/?product=bio-ingwerstaebchen#breadcrumb\",\"itemListElement\":[{\"@type\":\"ListItem\",\"position\":1,\"name\":\"Startseite\",\"item\":\"https:\/\/weinhandl-muehle.at\/\"},{\"@type\":\"ListItem\",\"position\":2,\"name\":\"Shop\",\"item\":\"https:\/\/weinhandl-muehle.at\/?page_id=6\"},{\"@type\":\"ListItem\",\"position\":3,\"name\":\"Bio-Ingwerst\u00e4bchen\"}]}]}<\/script>\n<!-- \/ Yoast SEO plugin. -->","yoast_head_json":{"title":"Bio-Ingwerst\u00e4bchen - Weinhandl M\u00fchle OG","robots":{"index":"index","follow":"follow","max-snippet":"max-snippet:-1","max-image-preview":"max-image-preview:large","max-video-preview":"max-video-preview:-1"},"canonical":"https:\/\/weinhandl-muehle.at\/?product=bio-ingwerstaebchen","og_locale":"de_DE","og_type":"article","og_title":"Bio-Ingwerst\u00e4bchen - Weinhandl M\u00fchle OG","og_description":"Die leichte Sch\u00e4rfe von Ingwer - s\u00fc\u00df kandiert zum Vernaschen.  vegan, laktosefrei,  Zutaten * laut Rezeptur Ingwer*, Rohrzucker* unraffiniert, Wasser","og_url":"https:\/\/weinhandl-muehle.at\/?product=bio-ingwerstaebchen","og_site_name":"Weinhandl M\u00fchle OG","article_publisher":"https:\/\/www.facebook.com\/WeinhandlmuehleOG\/","article_modified_time":"2026-04-28T09:19:55+00:00","og_image":[{"width":1200,"height":800,"url":"https:\/\/weinhandl-muehle.at\/wp-content\/uploads\/2021\/09\/445300.jpg","type":"image\/jpeg"}],"twitter_card":"summary_large_image","schema":{"@context":"https:\/\/schema.org","@graph":[{"@type":"Organization","@id":"https:\/\/weinhandl-muehle.at\/#organization","name":"Weinhandl M\u00fchle OG","url":"https:\/\/weinhandl-muehle.at\/","sameAs":["https:\/\/www.facebook.com\/WeinhandlmuehleOG\/"],"logo":{"@type":"ImageObject","@id":"https:\/\/weinhandl-muehle.at\/#logo","inLanguage":"de-DE","url":"https:\/\/weinhandl-muehle.at\/wp-content\/uploads\/2021\/09\/weinhandl-muehle_200.png","contentUrl":"https:\/\/weinhandl-muehle.at\/wp-content\/uploads\/2021\/09\/weinhandl-muehle_200.png","width":243,"height":200,"caption":"Weinhandl M\u00fchle OG"},"image":{"@id":"https:\/\/weinhandl-muehle.at\/#logo"}},{"@type":"WebSite","@id":"https:\/\/weinhandl-muehle.at\/#website","url":"https:\/\/weinhandl-muehle.at\/","name":"Weinhandl M\u00fchle OG","description":"in der S\u00fcdoststeiermark","publisher":{"@id":"https:\/\/weinhandl-muehle.at\/#organization"},"potentialAction":[{"@type":"SearchAction","target":{"@type":"EntryPoint","urlTemplate":"https:\/\/weinhandl-muehle.at\/?s={search_term_string}"},"query-input":"required name=search_term_string"}],"inLanguage":"de-DE"},{"@type":"ImageObject","@id":"https:\/\/weinhandl-muehle.at\/?product=bio-ingwerstaebchen#primaryimage","inLanguage":"de-DE","url":"https:\/\/weinhandl-muehle.at\/wp-content\/uploads\/2021\/09\/445300.jpg","contentUrl":"https:\/\/weinhandl-muehle.at\/wp-content\/uploads\/2021\/09\/445300.jpg","width":1200,"height":800},{"@type":"WebPage","@id":"https:\/\/weinhandl-muehle.at\/?product=bio-ingwerstaebchen#webpage","url":"https:\/\/weinhandl-muehle.at\/?product=bio-ingwerstaebchen","name":"Bio-Ingwerst\u00e4bchen - Weinhandl M\u00fchle OG","isPartOf":{"@id":"https:\/\/weinhandl-muehle.at\/#website"},"primaryImageOfPage":{"@id":"https:\/\/weinhandl-muehle.at\/?product=bio-ingwerstaebchen#primaryimage"},"datePublished":"2021-08-07T19:07:46+00:00","dateModified":"2026-04-28T09:19:55+00:00","breadcrumb":{"@id":"https:\/\/weinhandl-muehle.at\/?product=bio-ingwerstaebchen#breadcrumb"},"inLanguage":"de-DE","potentialAction":[{"@type":"ReadAction","target":["https:\/\/weinhandl-muehle.at\/?product=bio-ingwerstaebchen"]}]},{"@type":"BreadcrumbList","@id":"https:\/\/weinhandl-muehle.at\/?product=bio-ingwerstaebchen#breadcrumb","itemListElement":[{"@type":"ListItem","position":1,"name":"Startseite","item":"https:\/\/weinhandl-muehle.at\/"},{"@type":"ListItem","position":2,"name":"Shop","item":"https:\/\/weinhandl-muehle.at\/?page_id=6"},{"@type":"ListItem","position":3,"name":"Bio-Ingwerst\u00e4bchen"}]}]}},"_links":{"self":[{"href":"https:\/\/weinhandl-muehle.at\/index.php?rest_route=\/wp\/v2\/product\/645"}],"collection":[{"href":"https:\/\/weinhandl-muehle.at\/index.php?rest_route=\/wp\/v2\/product"}],"about":[{"href":"https:\/\/weinhandl-muehle.at\/index.php?rest_route=\/wp\/v2\/types\/product"}],"wp:featuredmedia":[{"embeddable":true,"href":"https:\/\/weinhandl-muehle.at\/index.php?rest_route=\/wp\/v2\/media\/1861"}],"wp:attachment":[{"href":"https:\/\/weinhandl-muehle.at\/index.php?rest_route=%2Fwp%2Fv2%2Fmedia&parent=645"}],"wp:term":[{"taxonomy":"product_cat","embeddable":true,"href":"https:\/\/weinhandl-muehle.at\/index.php?rest_route=%2Fwp%2Fv2%2Fproduct_cat&post=645"},{"taxonomy":"product_tag","embeddable":true,"href":"https:\/\/weinhandl-muehle.at\/index.php?rest_route=%2Fwp%2Fv2%2Fproduct_tag&post=645"}],"curies":[{"name":"wp","href":"https:\/\/api.w.org\/{rel}","templated":true}]}}