{"id":564,"date":"2021-08-07T21:07:40","date_gmt":"2021-08-07T19:07:40","guid":{"rendered":"http:\/\/oel.fz325nap.at.edis.global\/?product=dinkel-knusperwaffeln-kokos-zb"},"modified":"2026-04-28T11:19:50","modified_gmt":"2026-04-28T09:19:50","slug":"dinkel-knusperwaffeln-kokos-zb","status":"publish","type":"product","link":"https:\/\/weinhandl-muehle.at\/?product=dinkel-knusperwaffeln-kokos-zb","title":{"rendered":"Dinkel-Waffeln-ZB-Kokos"},"content":{"rendered":"<p>Durchschnittliche N\u00e4hrwerte pro 100 Gramm:<br \/>\n<strong>Brennwerte:<\/strong> 2282 kj \/ 549 kcal<br \/>\n<strong>Fett <\/strong>38,4 g, davon ges. Fetts\u00e4uren 25,2 g<br \/>\n<strong>Kohlenhydrate:<\/strong> 41,3 davon Zucker 29,9 g<br \/>\n<strong>Ballaststoffe:<\/strong> 7,4 g<br \/>\n<strong>Eiwei\u00df:<\/strong> 5,9 g<br \/>\n<strong>Salz:<\/strong> 0,15 g <\/p>\n","protected":false},"excerpt":{"rendered":"<p>Hauchd\u00fcnn gebackene Waffelscheiben aus bestem Dinkelmehl umh\u00fcllt mit aromatischer Zartbitterschokolade und bestreut mit feinen Kokosraspeln. <\/p>\n<p><strong>vegan, laktosefrei, <\/p>\n<p>Zutaten<\/strong> * laut Rezeptur<br \/>\nZartbitterschokolade 73% (Kakaomasse, Zucker, Kakaobutter, Emulgator: SOJALECITHIN), DINKELMEHL 13,5%, Kokosraspeln 10%, Zucker, Raps\u00f6l, Emulgator: SOJALECITHIN,  Meersalz<\/p>\n","protected":false},"featured_media":1810,"template":"","meta":[],"product_cat":[24],"product_tag":[],"yoast_head":"<!-- This site is optimized with the Yoast SEO plugin v18.1 - https:\/\/yoast.com\/wordpress\/plugins\/seo\/ -->\n<title>Dinkel-Waffeln-ZB-Kokos - Weinhandl M\u00fchle OG<\/title>\n<meta name=\"robots\" content=\"index, follow, max-snippet:-1, max-image-preview:large, max-video-preview:-1\" \/>\n<link rel=\"canonical\" href=\"https:\/\/weinhandl-muehle.at\/?product=dinkel-knusperwaffeln-kokos-zb\" \/>\n<meta property=\"og:locale\" content=\"de_DE\" \/>\n<meta property=\"og:type\" content=\"article\" \/>\n<meta property=\"og:title\" content=\"Dinkel-Waffeln-ZB-Kokos - Weinhandl M\u00fchle OG\" \/>\n<meta property=\"og:description\" content=\"Hauchd\u00fcnn gebackene Waffelscheiben aus bestem Dinkelmehl umh\u00fcllt mit aromatischer Zartbitterschokolade und bestreut mit feinen Kokosraspeln.  vegan, laktosefrei,  Zutaten * laut Rezeptur Zartbitterschokolade 73% (Kakaomasse, Zucker, Kakaobutter, Emulgator: SOJALECITHIN), DINKELMEHL 13,5%, Kokosraspeln 10%, Zucker, Raps\u00f6l, Emulgator: SOJALECITHIN, Meersalz\" \/>\n<meta property=\"og:url\" content=\"https:\/\/weinhandl-muehle.at\/?product=dinkel-knusperwaffeln-kokos-zb\" \/>\n<meta property=\"og:site_name\" content=\"Weinhandl M\u00fchle OG\" \/>\n<meta property=\"article:publisher\" content=\"https:\/\/www.facebook.com\/WeinhandlmuehleOG\/\" \/>\n<meta property=\"article:modified_time\" content=\"2026-04-28T09:19:50+00:00\" \/>\n<meta property=\"og:image\" content=\"https:\/\/weinhandl-muehle.at\/wp-content\/uploads\/2021\/09\/420600.jpg\" \/>\n\t<meta property=\"og:image:width\" content=\"1200\" \/>\n\t<meta property=\"og:image:height\" content=\"800\" \/>\n\t<meta property=\"og:image:type\" content=\"image\/jpeg\" \/>\n<meta name=\"twitter:card\" content=\"summary_large_image\" \/>\n<script type=\"application\/ld+json\" class=\"yoast-schema-graph\">{\"@context\":\"https:\/\/schema.org\",\"@graph\":[{\"@type\":\"Organization\",\"@id\":\"https:\/\/weinhandl-muehle.at\/#organization\",\"name\":\"Weinhandl M\u00fchle OG\",\"url\":\"https:\/\/weinhandl-muehle.at\/\",\"sameAs\":[\"https:\/\/www.facebook.com\/WeinhandlmuehleOG\/\"],\"logo\":{\"@type\":\"ImageObject\",\"@id\":\"https:\/\/weinhandl-muehle.at\/#logo\",\"inLanguage\":\"de-DE\",\"url\":\"https:\/\/weinhandl-muehle.at\/wp-content\/uploads\/2021\/09\/weinhandl-muehle_200.png\",\"contentUrl\":\"https:\/\/weinhandl-muehle.at\/wp-content\/uploads\/2021\/09\/weinhandl-muehle_200.png\",\"width\":243,\"height\":200,\"caption\":\"Weinhandl M\u00fchle OG\"},\"image\":{\"@id\":\"https:\/\/weinhandl-muehle.at\/#logo\"}},{\"@type\":\"WebSite\",\"@id\":\"https:\/\/weinhandl-muehle.at\/#website\",\"url\":\"https:\/\/weinhandl-muehle.at\/\",\"name\":\"Weinhandl M\u00fchle OG\",\"description\":\"in der S\u00fcdoststeiermark\",\"publisher\":{\"@id\":\"https:\/\/weinhandl-muehle.at\/#organization\"},\"potentialAction\":[{\"@type\":\"SearchAction\",\"target\":{\"@type\":\"EntryPoint\",\"urlTemplate\":\"https:\/\/weinhandl-muehle.at\/?s={search_term_string}\"},\"query-input\":\"required name=search_term_string\"}],\"inLanguage\":\"de-DE\"},{\"@type\":\"ImageObject\",\"@id\":\"https:\/\/weinhandl-muehle.at\/?product=dinkel-knusperwaffeln-kokos-zb#primaryimage\",\"inLanguage\":\"de-DE\",\"url\":\"https:\/\/weinhandl-muehle.at\/wp-content\/uploads\/2021\/09\/420600.jpg\",\"contentUrl\":\"https:\/\/weinhandl-muehle.at\/wp-content\/uploads\/2021\/09\/420600.jpg\",\"width\":1200,\"height\":800},{\"@type\":\"WebPage\",\"@id\":\"https:\/\/weinhandl-muehle.at\/?product=dinkel-knusperwaffeln-kokos-zb#webpage\",\"url\":\"https:\/\/weinhandl-muehle.at\/?product=dinkel-knusperwaffeln-kokos-zb\",\"name\":\"Dinkel-Waffeln-ZB-Kokos - Weinhandl M\u00fchle OG\",\"isPartOf\":{\"@id\":\"https:\/\/weinhandl-muehle.at\/#website\"},\"primaryImageOfPage\":{\"@id\":\"https:\/\/weinhandl-muehle.at\/?product=dinkel-knusperwaffeln-kokos-zb#primaryimage\"},\"datePublished\":\"2021-08-07T19:07:40+00:00\",\"dateModified\":\"2026-04-28T09:19:50+00:00\",\"breadcrumb\":{\"@id\":\"https:\/\/weinhandl-muehle.at\/?product=dinkel-knusperwaffeln-kokos-zb#breadcrumb\"},\"inLanguage\":\"de-DE\",\"potentialAction\":[{\"@type\":\"ReadAction\",\"target\":[\"https:\/\/weinhandl-muehle.at\/?product=dinkel-knusperwaffeln-kokos-zb\"]}]},{\"@type\":\"BreadcrumbList\",\"@id\":\"https:\/\/weinhandl-muehle.at\/?product=dinkel-knusperwaffeln-kokos-zb#breadcrumb\",\"itemListElement\":[{\"@type\":\"ListItem\",\"position\":1,\"name\":\"Startseite\",\"item\":\"https:\/\/weinhandl-muehle.at\/\"},{\"@type\":\"ListItem\",\"position\":2,\"name\":\"Shop\",\"item\":\"https:\/\/weinhandl-muehle.at\/?page_id=6\"},{\"@type\":\"ListItem\",\"position\":3,\"name\":\"Dinkel-Waffeln-ZB-Kokos\"}]}]}<\/script>\n<!-- \/ Yoast SEO plugin. -->","yoast_head_json":{"title":"Dinkel-Waffeln-ZB-Kokos - Weinhandl M\u00fchle OG","robots":{"index":"index","follow":"follow","max-snippet":"max-snippet:-1","max-image-preview":"max-image-preview:large","max-video-preview":"max-video-preview:-1"},"canonical":"https:\/\/weinhandl-muehle.at\/?product=dinkel-knusperwaffeln-kokos-zb","og_locale":"de_DE","og_type":"article","og_title":"Dinkel-Waffeln-ZB-Kokos - Weinhandl M\u00fchle OG","og_description":"Hauchd\u00fcnn gebackene Waffelscheiben aus bestem Dinkelmehl umh\u00fcllt mit aromatischer Zartbitterschokolade und bestreut mit feinen Kokosraspeln.  vegan, laktosefrei,  Zutaten * laut Rezeptur Zartbitterschokolade 73% (Kakaomasse, Zucker, Kakaobutter, Emulgator: SOJALECITHIN), DINKELMEHL 13,5%, Kokosraspeln 10%, Zucker, Raps\u00f6l, Emulgator: SOJALECITHIN, Meersalz","og_url":"https:\/\/weinhandl-muehle.at\/?product=dinkel-knusperwaffeln-kokos-zb","og_site_name":"Weinhandl M\u00fchle OG","article_publisher":"https:\/\/www.facebook.com\/WeinhandlmuehleOG\/","article_modified_time":"2026-04-28T09:19:50+00:00","og_image":[{"width":1200,"height":800,"url":"https:\/\/weinhandl-muehle.at\/wp-content\/uploads\/2021\/09\/420600.jpg","type":"image\/jpeg"}],"twitter_card":"summary_large_image","schema":{"@context":"https:\/\/schema.org","@graph":[{"@type":"Organization","@id":"https:\/\/weinhandl-muehle.at\/#organization","name":"Weinhandl M\u00fchle OG","url":"https:\/\/weinhandl-muehle.at\/","sameAs":["https:\/\/www.facebook.com\/WeinhandlmuehleOG\/"],"logo":{"@type":"ImageObject","@id":"https:\/\/weinhandl-muehle.at\/#logo","inLanguage":"de-DE","url":"https:\/\/weinhandl-muehle.at\/wp-content\/uploads\/2021\/09\/weinhandl-muehle_200.png","contentUrl":"https:\/\/weinhandl-muehle.at\/wp-content\/uploads\/2021\/09\/weinhandl-muehle_200.png","width":243,"height":200,"caption":"Weinhandl M\u00fchle OG"},"image":{"@id":"https:\/\/weinhandl-muehle.at\/#logo"}},{"@type":"WebSite","@id":"https:\/\/weinhandl-muehle.at\/#website","url":"https:\/\/weinhandl-muehle.at\/","name":"Weinhandl M\u00fchle OG","description":"in der S\u00fcdoststeiermark","publisher":{"@id":"https:\/\/weinhandl-muehle.at\/#organization"},"potentialAction":[{"@type":"SearchAction","target":{"@type":"EntryPoint","urlTemplate":"https:\/\/weinhandl-muehle.at\/?s={search_term_string}"},"query-input":"required name=search_term_string"}],"inLanguage":"de-DE"},{"@type":"ImageObject","@id":"https:\/\/weinhandl-muehle.at\/?product=dinkel-knusperwaffeln-kokos-zb#primaryimage","inLanguage":"de-DE","url":"https:\/\/weinhandl-muehle.at\/wp-content\/uploads\/2021\/09\/420600.jpg","contentUrl":"https:\/\/weinhandl-muehle.at\/wp-content\/uploads\/2021\/09\/420600.jpg","width":1200,"height":800},{"@type":"WebPage","@id":"https:\/\/weinhandl-muehle.at\/?product=dinkel-knusperwaffeln-kokos-zb#webpage","url":"https:\/\/weinhandl-muehle.at\/?product=dinkel-knusperwaffeln-kokos-zb","name":"Dinkel-Waffeln-ZB-Kokos - Weinhandl M\u00fchle OG","isPartOf":{"@id":"https:\/\/weinhandl-muehle.at\/#website"},"primaryImageOfPage":{"@id":"https:\/\/weinhandl-muehle.at\/?product=dinkel-knusperwaffeln-kokos-zb#primaryimage"},"datePublished":"2021-08-07T19:07:40+00:00","dateModified":"2026-04-28T09:19:50+00:00","breadcrumb":{"@id":"https:\/\/weinhandl-muehle.at\/?product=dinkel-knusperwaffeln-kokos-zb#breadcrumb"},"inLanguage":"de-DE","potentialAction":[{"@type":"ReadAction","target":["https:\/\/weinhandl-muehle.at\/?product=dinkel-knusperwaffeln-kokos-zb"]}]},{"@type":"BreadcrumbList","@id":"https:\/\/weinhandl-muehle.at\/?product=dinkel-knusperwaffeln-kokos-zb#breadcrumb","itemListElement":[{"@type":"ListItem","position":1,"name":"Startseite","item":"https:\/\/weinhandl-muehle.at\/"},{"@type":"ListItem","position":2,"name":"Shop","item":"https:\/\/weinhandl-muehle.at\/?page_id=6"},{"@type":"ListItem","position":3,"name":"Dinkel-Waffeln-ZB-Kokos"}]}]}},"_links":{"self":[{"href":"https:\/\/weinhandl-muehle.at\/index.php?rest_route=\/wp\/v2\/product\/564"}],"collection":[{"href":"https:\/\/weinhandl-muehle.at\/index.php?rest_route=\/wp\/v2\/product"}],"about":[{"href":"https:\/\/weinhandl-muehle.at\/index.php?rest_route=\/wp\/v2\/types\/product"}],"wp:featuredmedia":[{"embeddable":true,"href":"https:\/\/weinhandl-muehle.at\/index.php?rest_route=\/wp\/v2\/media\/1810"}],"wp:attachment":[{"href":"https:\/\/weinhandl-muehle.at\/index.php?rest_route=%2Fwp%2Fv2%2Fmedia&parent=564"}],"wp:term":[{"taxonomy":"product_cat","embeddable":true,"href":"https:\/\/weinhandl-muehle.at\/index.php?rest_route=%2Fwp%2Fv2%2Fproduct_cat&post=564"},{"taxonomy":"product_tag","embeddable":true,"href":"https:\/\/weinhandl-muehle.at\/index.php?rest_route=%2Fwp%2Fv2%2Fproduct_tag&post=564"}],"curies":[{"name":"wp","href":"https:\/\/api.w.org\/{rel}","templated":true}]}}