{"id":488,"date":"2021-08-07T19:07:34","date_gmt":"2021-08-07T19:07:34","guid":{"rendered":"http:\/\/oel.fz325nap.at.edis.global\/?product=schoko-sultaninen-gemischt"},"modified":"2026-04-28T11:19:45","modified_gmt":"2026-04-28T09:19:45","slug":"schoko-sultaninen-gemischt","status":"publish","type":"product","link":"https:\/\/weinhandl-muehle.at\/?product=schoko-sultaninen-gemischt","title":{"rendered":"Schoko-Sultaninen gemischt"},"content":{"rendered":"<p>Durchschnittliche N\u00e4hrwerte pro 100 Gramm:<br \/>\n<strong>Brennwerte:<\/strong> 1867 kj \/ 446 kcal<br \/>\n<strong>Fett <\/strong>21,2 g, davon ges. Fetts\u00e4uren 12,9 g<br \/>\n<strong>Kohlenhydrate:<\/strong> 57,8 davon Zucker 56,2 g<br \/>\n<strong>Ballaststoffe:<\/strong> 4,2 g<br \/>\n<strong>Eiwei\u00df:<\/strong> 3,9 g<br \/>\n<strong>Salz:<\/strong> 0,15 g <\/p>\n","protected":false},"excerpt":{"rendered":"<p>S\u00fc\u00dfe Sultaninen umh\u00fcllt von wei\u00dfer Schokolade, Zartbitterschokolade oder Vollmilchschokolade.<\/p>\n<p><strong><\/p>\n<p>Zutaten<\/strong> * laut Rezeptur<br \/>\nSultaninen 50% (mit Sonnenblumen\u00f6l), Zucker, Kakaobutter, Kakaomasse, VOLLMILCHPULVER, Emulgator: SOJALECITHIN, \u00dcberzugsmittel: Gummi arabicum, Schellack<\/p>\n","protected":false},"featured_media":1873,"template":"","meta":[],"product_cat":[21],"product_tag":[],"yoast_head":"<!-- This site is optimized with the Yoast SEO plugin v18.1 - https:\/\/yoast.com\/wordpress\/plugins\/seo\/ -->\n<title>Schoko-Sultaninen gemischt - Weinhandl M\u00fchle OG<\/title>\n<meta name=\"robots\" content=\"index, follow, max-snippet:-1, max-image-preview:large, max-video-preview:-1\" \/>\n<link rel=\"canonical\" href=\"https:\/\/weinhandl-muehle.at\/?product=schoko-sultaninen-gemischt\" \/>\n<meta property=\"og:locale\" content=\"de_DE\" \/>\n<meta property=\"og:type\" content=\"article\" \/>\n<meta property=\"og:title\" content=\"Schoko-Sultaninen gemischt - Weinhandl M\u00fchle OG\" \/>\n<meta property=\"og:description\" content=\"S\u00fc\u00dfe Sultaninen umh\u00fcllt von wei\u00dfer Schokolade, Zartbitterschokolade oder Vollmilchschokolade.  Zutaten * laut Rezeptur Sultaninen 50% (mit Sonnenblumen\u00f6l), Zucker, Kakaobutter, Kakaomasse, VOLLMILCHPULVER, Emulgator: SOJALECITHIN, \u00dcberzugsmittel: Gummi arabicum, Schellack\" \/>\n<meta property=\"og:url\" content=\"https:\/\/weinhandl-muehle.at\/?product=schoko-sultaninen-gemischt\" \/>\n<meta property=\"og:site_name\" content=\"Weinhandl M\u00fchle OG\" \/>\n<meta property=\"article:publisher\" content=\"https:\/\/www.facebook.com\/WeinhandlmuehleOG\/\" \/>\n<meta property=\"article:modified_time\" content=\"2026-04-28T09:19:45+00:00\" \/>\n<meta property=\"og:image\" content=\"https:\/\/weinhandl-muehle.at\/wp-content\/uploads\/2021\/09\/405300.jpg\" \/>\n\t<meta property=\"og:image:width\" content=\"1200\" \/>\n\t<meta property=\"og:image:height\" content=\"800\" \/>\n\t<meta property=\"og:image:type\" content=\"image\/jpeg\" \/>\n<meta name=\"twitter:card\" content=\"summary_large_image\" \/>\n<script type=\"application\/ld+json\" class=\"yoast-schema-graph\">{\"@context\":\"https:\/\/schema.org\",\"@graph\":[{\"@type\":\"Organization\",\"@id\":\"https:\/\/weinhandl-muehle.at\/#organization\",\"name\":\"Weinhandl M\u00fchle OG\",\"url\":\"https:\/\/weinhandl-muehle.at\/\",\"sameAs\":[\"https:\/\/www.facebook.com\/WeinhandlmuehleOG\/\"],\"logo\":{\"@type\":\"ImageObject\",\"@id\":\"https:\/\/weinhandl-muehle.at\/#logo\",\"inLanguage\":\"de-DE\",\"url\":\"https:\/\/weinhandl-muehle.at\/wp-content\/uploads\/2021\/09\/weinhandl-muehle_200.png\",\"contentUrl\":\"https:\/\/weinhandl-muehle.at\/wp-content\/uploads\/2021\/09\/weinhandl-muehle_200.png\",\"width\":243,\"height\":200,\"caption\":\"Weinhandl M\u00fchle OG\"},\"image\":{\"@id\":\"https:\/\/weinhandl-muehle.at\/#logo\"}},{\"@type\":\"WebSite\",\"@id\":\"https:\/\/weinhandl-muehle.at\/#website\",\"url\":\"https:\/\/weinhandl-muehle.at\/\",\"name\":\"Weinhandl M\u00fchle OG\",\"description\":\"in der S\u00fcdoststeiermark\",\"publisher\":{\"@id\":\"https:\/\/weinhandl-muehle.at\/#organization\"},\"potentialAction\":[{\"@type\":\"SearchAction\",\"target\":{\"@type\":\"EntryPoint\",\"urlTemplate\":\"https:\/\/weinhandl-muehle.at\/?s={search_term_string}\"},\"query-input\":\"required name=search_term_string\"}],\"inLanguage\":\"de-DE\"},{\"@type\":\"ImageObject\",\"@id\":\"https:\/\/weinhandl-muehle.at\/?product=schoko-sultaninen-gemischt#primaryimage\",\"inLanguage\":\"de-DE\",\"url\":\"https:\/\/weinhandl-muehle.at\/wp-content\/uploads\/2021\/09\/405300.jpg\",\"contentUrl\":\"https:\/\/weinhandl-muehle.at\/wp-content\/uploads\/2021\/09\/405300.jpg\",\"width\":1200,\"height\":800},{\"@type\":\"WebPage\",\"@id\":\"https:\/\/weinhandl-muehle.at\/?product=schoko-sultaninen-gemischt#webpage\",\"url\":\"https:\/\/weinhandl-muehle.at\/?product=schoko-sultaninen-gemischt\",\"name\":\"Schoko-Sultaninen gemischt - Weinhandl M\u00fchle OG\",\"isPartOf\":{\"@id\":\"https:\/\/weinhandl-muehle.at\/#website\"},\"primaryImageOfPage\":{\"@id\":\"https:\/\/weinhandl-muehle.at\/?product=schoko-sultaninen-gemischt#primaryimage\"},\"datePublished\":\"2021-08-07T19:07:34+00:00\",\"dateModified\":\"2026-04-28T09:19:45+00:00\",\"breadcrumb\":{\"@id\":\"https:\/\/weinhandl-muehle.at\/?product=schoko-sultaninen-gemischt#breadcrumb\"},\"inLanguage\":\"de-DE\",\"potentialAction\":[{\"@type\":\"ReadAction\",\"target\":[\"https:\/\/weinhandl-muehle.at\/?product=schoko-sultaninen-gemischt\"]}]},{\"@type\":\"BreadcrumbList\",\"@id\":\"https:\/\/weinhandl-muehle.at\/?product=schoko-sultaninen-gemischt#breadcrumb\",\"itemListElement\":[{\"@type\":\"ListItem\",\"position\":1,\"name\":\"Startseite\",\"item\":\"https:\/\/weinhandl-muehle.at\/\"},{\"@type\":\"ListItem\",\"position\":2,\"name\":\"Shop\",\"item\":\"https:\/\/weinhandl-muehle.at\/?page_id=6\"},{\"@type\":\"ListItem\",\"position\":3,\"name\":\"Schoko-Sultaninen gemischt\"}]}]}<\/script>\n<!-- \/ Yoast SEO plugin. -->","yoast_head_json":{"title":"Schoko-Sultaninen gemischt - Weinhandl M\u00fchle OG","robots":{"index":"index","follow":"follow","max-snippet":"max-snippet:-1","max-image-preview":"max-image-preview:large","max-video-preview":"max-video-preview:-1"},"canonical":"https:\/\/weinhandl-muehle.at\/?product=schoko-sultaninen-gemischt","og_locale":"de_DE","og_type":"article","og_title":"Schoko-Sultaninen gemischt - Weinhandl M\u00fchle OG","og_description":"S\u00fc\u00dfe Sultaninen umh\u00fcllt von wei\u00dfer Schokolade, Zartbitterschokolade oder Vollmilchschokolade.  Zutaten * laut Rezeptur Sultaninen 50% (mit Sonnenblumen\u00f6l), Zucker, Kakaobutter, Kakaomasse, VOLLMILCHPULVER, Emulgator: SOJALECITHIN, \u00dcberzugsmittel: Gummi arabicum, Schellack","og_url":"https:\/\/weinhandl-muehle.at\/?product=schoko-sultaninen-gemischt","og_site_name":"Weinhandl M\u00fchle OG","article_publisher":"https:\/\/www.facebook.com\/WeinhandlmuehleOG\/","article_modified_time":"2026-04-28T09:19:45+00:00","og_image":[{"width":1200,"height":800,"url":"https:\/\/weinhandl-muehle.at\/wp-content\/uploads\/2021\/09\/405300.jpg","type":"image\/jpeg"}],"twitter_card":"summary_large_image","schema":{"@context":"https:\/\/schema.org","@graph":[{"@type":"Organization","@id":"https:\/\/weinhandl-muehle.at\/#organization","name":"Weinhandl M\u00fchle OG","url":"https:\/\/weinhandl-muehle.at\/","sameAs":["https:\/\/www.facebook.com\/WeinhandlmuehleOG\/"],"logo":{"@type":"ImageObject","@id":"https:\/\/weinhandl-muehle.at\/#logo","inLanguage":"de-DE","url":"https:\/\/weinhandl-muehle.at\/wp-content\/uploads\/2021\/09\/weinhandl-muehle_200.png","contentUrl":"https:\/\/weinhandl-muehle.at\/wp-content\/uploads\/2021\/09\/weinhandl-muehle_200.png","width":243,"height":200,"caption":"Weinhandl M\u00fchle OG"},"image":{"@id":"https:\/\/weinhandl-muehle.at\/#logo"}},{"@type":"WebSite","@id":"https:\/\/weinhandl-muehle.at\/#website","url":"https:\/\/weinhandl-muehle.at\/","name":"Weinhandl M\u00fchle OG","description":"in der S\u00fcdoststeiermark","publisher":{"@id":"https:\/\/weinhandl-muehle.at\/#organization"},"potentialAction":[{"@type":"SearchAction","target":{"@type":"EntryPoint","urlTemplate":"https:\/\/weinhandl-muehle.at\/?s={search_term_string}"},"query-input":"required name=search_term_string"}],"inLanguage":"de-DE"},{"@type":"ImageObject","@id":"https:\/\/weinhandl-muehle.at\/?product=schoko-sultaninen-gemischt#primaryimage","inLanguage":"de-DE","url":"https:\/\/weinhandl-muehle.at\/wp-content\/uploads\/2021\/09\/405300.jpg","contentUrl":"https:\/\/weinhandl-muehle.at\/wp-content\/uploads\/2021\/09\/405300.jpg","width":1200,"height":800},{"@type":"WebPage","@id":"https:\/\/weinhandl-muehle.at\/?product=schoko-sultaninen-gemischt#webpage","url":"https:\/\/weinhandl-muehle.at\/?product=schoko-sultaninen-gemischt","name":"Schoko-Sultaninen gemischt - Weinhandl M\u00fchle OG","isPartOf":{"@id":"https:\/\/weinhandl-muehle.at\/#website"},"primaryImageOfPage":{"@id":"https:\/\/weinhandl-muehle.at\/?product=schoko-sultaninen-gemischt#primaryimage"},"datePublished":"2021-08-07T19:07:34+00:00","dateModified":"2026-04-28T09:19:45+00:00","breadcrumb":{"@id":"https:\/\/weinhandl-muehle.at\/?product=schoko-sultaninen-gemischt#breadcrumb"},"inLanguage":"de-DE","potentialAction":[{"@type":"ReadAction","target":["https:\/\/weinhandl-muehle.at\/?product=schoko-sultaninen-gemischt"]}]},{"@type":"BreadcrumbList","@id":"https:\/\/weinhandl-muehle.at\/?product=schoko-sultaninen-gemischt#breadcrumb","itemListElement":[{"@type":"ListItem","position":1,"name":"Startseite","item":"https:\/\/weinhandl-muehle.at\/"},{"@type":"ListItem","position":2,"name":"Shop","item":"https:\/\/weinhandl-muehle.at\/?page_id=6"},{"@type":"ListItem","position":3,"name":"Schoko-Sultaninen gemischt"}]}]}},"_links":{"self":[{"href":"https:\/\/weinhandl-muehle.at\/index.php?rest_route=\/wp\/v2\/product\/488"}],"collection":[{"href":"https:\/\/weinhandl-muehle.at\/index.php?rest_route=\/wp\/v2\/product"}],"about":[{"href":"https:\/\/weinhandl-muehle.at\/index.php?rest_route=\/wp\/v2\/types\/product"}],"wp:featuredmedia":[{"embeddable":true,"href":"https:\/\/weinhandl-muehle.at\/index.php?rest_route=\/wp\/v2\/media\/1873"}],"wp:attachment":[{"href":"https:\/\/weinhandl-muehle.at\/index.php?rest_route=%2Fwp%2Fv2%2Fmedia&parent=488"}],"wp:term":[{"taxonomy":"product_cat","embeddable":true,"href":"https:\/\/weinhandl-muehle.at\/index.php?rest_route=%2Fwp%2Fv2%2Fproduct_cat&post=488"},{"taxonomy":"product_tag","embeddable":true,"href":"https:\/\/weinhandl-muehle.at\/index.php?rest_route=%2Fwp%2Fv2%2Fproduct_tag&post=488"}],"curies":[{"name":"wp","href":"https:\/\/api.w.org\/{rel}","templated":true}]}}