{"id":3764,"date":"2023-06-02T10:43:54","date_gmt":"2023-06-02T08:43:54","guid":{"rendered":"https:\/\/weinhandl-muehle.at\/?post_type=product&#038;p=3764"},"modified":"2026-04-28T11:20:02","modified_gmt":"2026-04-28T09:20:02","slug":"baumwollstofftasche","status":"publish","type":"product","link":"https:\/\/weinhandl-muehle.at\/?product=baumwollstofftasche","title":{"rendered":"Bauwollstoffstasche"},"content":{"rendered":"<p class=\"product-detail-name\">Schultertasche aus OEKO-TEX\u00ae-Baumwolle<\/p>\n<p>&nbsp;<\/p>\n<div class=\"flex bg-white even:bg-gray-300 p-2\"><\/div>\n<div class=\"flex bg-white even:bg-gray-300 p-2\">\n<div class=\"w-1\/2\">\n<ul class=\"product-detail-description-text bulletpoints-description\">\n<li>OEKO-TEX\u00ae-zertifizierte Baumwolle.<\/li>\n<li>140 g\/m\u00b2 Stoffqualit\u00e4t.<\/li>\n<li>Lange Henkel f\u00fcr Komfort<\/li>\n<li>H\u00f6he 420 mm<\/li>\n<li>L\u00e4nge 380 mm<\/li>\n<\/ul>\n<\/div>\n<\/div>\n","protected":false},"excerpt":{"rendered":"<p>Schultertasche aus OEKO-TEX\u00ae-Baumwolle &nbsp; OEKO-TEX\u00ae-zertifizierte Baumwolle. 140 g\/m\u00b2 Stoffqualit\u00e4t. Lange Henkel f\u00fcr Komfort H\u00f6he 420 mm L\u00e4nge 380 mm<\/p>\n","protected":false},"featured_media":3775,"template":"","meta":[],"product_cat":[20],"product_tag":[],"yoast_head":"<!-- This site is optimized with the Yoast SEO plugin v18.1 - https:\/\/yoast.com\/wordpress\/plugins\/seo\/ -->\n<title>Bauwollstoffstasche - Weinhandl M\u00fchle OG<\/title>\n<meta name=\"robots\" content=\"index, follow, max-snippet:-1, max-image-preview:large, max-video-preview:-1\" \/>\n<link rel=\"canonical\" href=\"https:\/\/weinhandl-muehle.at\/?product=baumwollstofftasche\" \/>\n<meta property=\"og:locale\" content=\"de_DE\" \/>\n<meta property=\"og:type\" content=\"article\" \/>\n<meta property=\"og:title\" content=\"Bauwollstoffstasche - Weinhandl M\u00fchle OG\" \/>\n<meta property=\"og:description\" content=\"Schultertasche aus OEKO-TEX\u00ae-Baumwolle &nbsp; OEKO-TEX\u00ae-zertifizierte Baumwolle. 140 g\/m\u00b2 Stoffqualit\u00e4t. Lange Henkel f\u00fcr Komfort H\u00f6he 420 mm L\u00e4nge 380 mm\" \/>\n<meta property=\"og:url\" content=\"https:\/\/weinhandl-muehle.at\/?product=baumwollstofftasche\" \/>\n<meta property=\"og:site_name\" content=\"Weinhandl M\u00fchle OG\" \/>\n<meta property=\"article:publisher\" content=\"https:\/\/www.facebook.com\/WeinhandlmuehleOG\/\" \/>\n<meta property=\"article:modified_time\" content=\"2026-04-28T09:20:02+00:00\" \/>\n<meta property=\"og:image\" content=\"https:\/\/weinhandl-muehle.at\/wp-content\/uploads\/2023\/06\/Baumwolltasche1.jpg\" \/>\n\t<meta property=\"og:image:width\" content=\"1044\" \/>\n\t<meta property=\"og:image:height\" content=\"703\" \/>\n\t<meta property=\"og:image:type\" content=\"image\/jpeg\" \/>\n<meta name=\"twitter:card\" content=\"summary_large_image\" \/>\n<meta name=\"twitter:label1\" content=\"Gesch\u00e4tzte Lesezeit\" \/>\n\t<meta name=\"twitter:data1\" content=\"1 Minute\" \/>\n<script type=\"application\/ld+json\" class=\"yoast-schema-graph\">{\"@context\":\"https:\/\/schema.org\",\"@graph\":[{\"@type\":\"Organization\",\"@id\":\"https:\/\/weinhandl-muehle.at\/#organization\",\"name\":\"Weinhandl M\u00fchle OG\",\"url\":\"https:\/\/weinhandl-muehle.at\/\",\"sameAs\":[\"https:\/\/www.facebook.com\/WeinhandlmuehleOG\/\"],\"logo\":{\"@type\":\"ImageObject\",\"@id\":\"https:\/\/weinhandl-muehle.at\/#logo\",\"inLanguage\":\"de-DE\",\"url\":\"https:\/\/weinhandl-muehle.at\/wp-content\/uploads\/2021\/09\/weinhandl-muehle_200.png\",\"contentUrl\":\"https:\/\/weinhandl-muehle.at\/wp-content\/uploads\/2021\/09\/weinhandl-muehle_200.png\",\"width\":243,\"height\":200,\"caption\":\"Weinhandl M\u00fchle OG\"},\"image\":{\"@id\":\"https:\/\/weinhandl-muehle.at\/#logo\"}},{\"@type\":\"WebSite\",\"@id\":\"https:\/\/weinhandl-muehle.at\/#website\",\"url\":\"https:\/\/weinhandl-muehle.at\/\",\"name\":\"Weinhandl M\u00fchle OG\",\"description\":\"in der S\u00fcdoststeiermark\",\"publisher\":{\"@id\":\"https:\/\/weinhandl-muehle.at\/#organization\"},\"potentialAction\":[{\"@type\":\"SearchAction\",\"target\":{\"@type\":\"EntryPoint\",\"urlTemplate\":\"https:\/\/weinhandl-muehle.at\/?s={search_term_string}\"},\"query-input\":\"required name=search_term_string\"}],\"inLanguage\":\"de-DE\"},{\"@type\":\"ImageObject\",\"@id\":\"https:\/\/weinhandl-muehle.at\/?product=baumwollstofftasche#primaryimage\",\"inLanguage\":\"de-DE\",\"url\":\"https:\/\/weinhandl-muehle.at\/wp-content\/uploads\/2023\/06\/Baumwolltasche1.jpg\",\"contentUrl\":\"https:\/\/weinhandl-muehle.at\/wp-content\/uploads\/2023\/06\/Baumwolltasche1.jpg\",\"width\":1044,\"height\":703},{\"@type\":\"WebPage\",\"@id\":\"https:\/\/weinhandl-muehle.at\/?product=baumwollstofftasche#webpage\",\"url\":\"https:\/\/weinhandl-muehle.at\/?product=baumwollstofftasche\",\"name\":\"Bauwollstoffstasche - Weinhandl M\u00fchle OG\",\"isPartOf\":{\"@id\":\"https:\/\/weinhandl-muehle.at\/#website\"},\"primaryImageOfPage\":{\"@id\":\"https:\/\/weinhandl-muehle.at\/?product=baumwollstofftasche#primaryimage\"},\"datePublished\":\"2023-06-02T08:43:54+00:00\",\"dateModified\":\"2026-04-28T09:20:02+00:00\",\"breadcrumb\":{\"@id\":\"https:\/\/weinhandl-muehle.at\/?product=baumwollstofftasche#breadcrumb\"},\"inLanguage\":\"de-DE\",\"potentialAction\":[{\"@type\":\"ReadAction\",\"target\":[\"https:\/\/weinhandl-muehle.at\/?product=baumwollstofftasche\"]}]},{\"@type\":\"BreadcrumbList\",\"@id\":\"https:\/\/weinhandl-muehle.at\/?product=baumwollstofftasche#breadcrumb\",\"itemListElement\":[{\"@type\":\"ListItem\",\"position\":1,\"name\":\"Startseite\",\"item\":\"https:\/\/weinhandl-muehle.at\/\"},{\"@type\":\"ListItem\",\"position\":2,\"name\":\"Shop\",\"item\":\"https:\/\/weinhandl-muehle.at\/?page_id=6\"},{\"@type\":\"ListItem\",\"position\":3,\"name\":\"Bauwollstoffstasche\"}]}]}<\/script>\n<!-- \/ Yoast SEO plugin. -->","yoast_head_json":{"title":"Bauwollstoffstasche - Weinhandl M\u00fchle OG","robots":{"index":"index","follow":"follow","max-snippet":"max-snippet:-1","max-image-preview":"max-image-preview:large","max-video-preview":"max-video-preview:-1"},"canonical":"https:\/\/weinhandl-muehle.at\/?product=baumwollstofftasche","og_locale":"de_DE","og_type":"article","og_title":"Bauwollstoffstasche - Weinhandl M\u00fchle OG","og_description":"Schultertasche aus OEKO-TEX\u00ae-Baumwolle &nbsp; OEKO-TEX\u00ae-zertifizierte Baumwolle. 140 g\/m\u00b2 Stoffqualit\u00e4t. Lange Henkel f\u00fcr Komfort H\u00f6he 420 mm L\u00e4nge 380 mm","og_url":"https:\/\/weinhandl-muehle.at\/?product=baumwollstofftasche","og_site_name":"Weinhandl M\u00fchle OG","article_publisher":"https:\/\/www.facebook.com\/WeinhandlmuehleOG\/","article_modified_time":"2026-04-28T09:20:02+00:00","og_image":[{"width":1044,"height":703,"url":"https:\/\/weinhandl-muehle.at\/wp-content\/uploads\/2023\/06\/Baumwolltasche1.jpg","type":"image\/jpeg"}],"twitter_card":"summary_large_image","twitter_misc":{"Gesch\u00e4tzte Lesezeit":"1 Minute"},"schema":{"@context":"https:\/\/schema.org","@graph":[{"@type":"Organization","@id":"https:\/\/weinhandl-muehle.at\/#organization","name":"Weinhandl M\u00fchle OG","url":"https:\/\/weinhandl-muehle.at\/","sameAs":["https:\/\/www.facebook.com\/WeinhandlmuehleOG\/"],"logo":{"@type":"ImageObject","@id":"https:\/\/weinhandl-muehle.at\/#logo","inLanguage":"de-DE","url":"https:\/\/weinhandl-muehle.at\/wp-content\/uploads\/2021\/09\/weinhandl-muehle_200.png","contentUrl":"https:\/\/weinhandl-muehle.at\/wp-content\/uploads\/2021\/09\/weinhandl-muehle_200.png","width":243,"height":200,"caption":"Weinhandl M\u00fchle OG"},"image":{"@id":"https:\/\/weinhandl-muehle.at\/#logo"}},{"@type":"WebSite","@id":"https:\/\/weinhandl-muehle.at\/#website","url":"https:\/\/weinhandl-muehle.at\/","name":"Weinhandl M\u00fchle OG","description":"in der S\u00fcdoststeiermark","publisher":{"@id":"https:\/\/weinhandl-muehle.at\/#organization"},"potentialAction":[{"@type":"SearchAction","target":{"@type":"EntryPoint","urlTemplate":"https:\/\/weinhandl-muehle.at\/?s={search_term_string}"},"query-input":"required name=search_term_string"}],"inLanguage":"de-DE"},{"@type":"ImageObject","@id":"https:\/\/weinhandl-muehle.at\/?product=baumwollstofftasche#primaryimage","inLanguage":"de-DE","url":"https:\/\/weinhandl-muehle.at\/wp-content\/uploads\/2023\/06\/Baumwolltasche1.jpg","contentUrl":"https:\/\/weinhandl-muehle.at\/wp-content\/uploads\/2023\/06\/Baumwolltasche1.jpg","width":1044,"height":703},{"@type":"WebPage","@id":"https:\/\/weinhandl-muehle.at\/?product=baumwollstofftasche#webpage","url":"https:\/\/weinhandl-muehle.at\/?product=baumwollstofftasche","name":"Bauwollstoffstasche - Weinhandl M\u00fchle OG","isPartOf":{"@id":"https:\/\/weinhandl-muehle.at\/#website"},"primaryImageOfPage":{"@id":"https:\/\/weinhandl-muehle.at\/?product=baumwollstofftasche#primaryimage"},"datePublished":"2023-06-02T08:43:54+00:00","dateModified":"2026-04-28T09:20:02+00:00","breadcrumb":{"@id":"https:\/\/weinhandl-muehle.at\/?product=baumwollstofftasche#breadcrumb"},"inLanguage":"de-DE","potentialAction":[{"@type":"ReadAction","target":["https:\/\/weinhandl-muehle.at\/?product=baumwollstofftasche"]}]},{"@type":"BreadcrumbList","@id":"https:\/\/weinhandl-muehle.at\/?product=baumwollstofftasche#breadcrumb","itemListElement":[{"@type":"ListItem","position":1,"name":"Startseite","item":"https:\/\/weinhandl-muehle.at\/"},{"@type":"ListItem","position":2,"name":"Shop","item":"https:\/\/weinhandl-muehle.at\/?page_id=6"},{"@type":"ListItem","position":3,"name":"Bauwollstoffstasche"}]}]}},"_links":{"self":[{"href":"https:\/\/weinhandl-muehle.at\/index.php?rest_route=\/wp\/v2\/product\/3764"}],"collection":[{"href":"https:\/\/weinhandl-muehle.at\/index.php?rest_route=\/wp\/v2\/product"}],"about":[{"href":"https:\/\/weinhandl-muehle.at\/index.php?rest_route=\/wp\/v2\/types\/product"}],"wp:featuredmedia":[{"embeddable":true,"href":"https:\/\/weinhandl-muehle.at\/index.php?rest_route=\/wp\/v2\/media\/3775"}],"wp:attachment":[{"href":"https:\/\/weinhandl-muehle.at\/index.php?rest_route=%2Fwp%2Fv2%2Fmedia&parent=3764"}],"wp:term":[{"taxonomy":"product_cat","embeddable":true,"href":"https:\/\/weinhandl-muehle.at\/index.php?rest_route=%2Fwp%2Fv2%2Fproduct_cat&post=3764"},{"taxonomy":"product_tag","embeddable":true,"href":"https:\/\/weinhandl-muehle.at\/index.php?rest_route=%2Fwp%2Fv2%2Fproduct_tag&post=3764"}],"curies":[{"name":"wp","href":"https:\/\/api.w.org\/{rel}","templated":true}]}}