{"id":2636,"date":"2021-11-27T18:38:15","date_gmt":"2021-11-27T17:38:15","guid":{"rendered":"http:\/\/oel.fz325nap.at.edis.global\/?post_type=product&#038;p=2636"},"modified":"2026-04-28T11:19:38","modified_gmt":"2026-04-28T09:19:38","slug":"echt-steirisches-kernoel-g-g-a-05-lt-2","status":"publish","type":"product","link":"https:\/\/weinhandl-muehle.at\/?product=echt-steirisches-kernoel-g-g-a-05-lt-2","title":{"rendered":"Echt steirisches K\u00fcrbiskern\u00f6l g.g.A 0,5 lt"},"content":{"rendered":"","protected":false},"excerpt":{"rendered":"<p><strong>Echt steirisches Kern\u00f6l g.g.A 0,5 lt<\/strong><\/p>\n<p>Versand nur in Blechkannen m\u00f6glich.<\/p>\n<p><strong>Wertvolle Inhaltsstoffe des K\u00fcrbiskern\u00f6ls<\/strong><\/p>\n<ul>\n<li>Wertvolle unges\u00e4ttigte Fetts\u00e4uren<\/li>\n<li>Vitamine: A, B1, B2, B6, C, D und reich an Vitamin E.<\/li>\n<li>Mineralstoffe: Kalzium, Magnesium, Phosphor, Kalium, Eisen, Kupfer, Mangan, Selen, Zink.<\/li>\n<li>Leichte Verdaulichkeit<\/li>\n<\/ul>\n","protected":false},"featured_media":5305,"template":"","meta":[],"product_cat":[17],"product_tag":[],"yoast_head":"<!-- This site is optimized with the Yoast SEO plugin v18.1 - https:\/\/yoast.com\/wordpress\/plugins\/seo\/ -->\n<title>Echt steirisches K\u00fcrbiskern\u00f6l g.g.A 0,5 lt - Weinhandl M\u00fchle OG<\/title>\n<meta name=\"robots\" content=\"index, follow, max-snippet:-1, max-image-preview:large, max-video-preview:-1\" \/>\n<link rel=\"canonical\" href=\"https:\/\/weinhandl-muehle.at\/?product=echt-steirisches-kernoel-g-g-a-05-lt-2\" \/>\n<meta property=\"og:locale\" content=\"de_DE\" \/>\n<meta property=\"og:type\" content=\"article\" \/>\n<meta property=\"og:title\" content=\"Echt steirisches K\u00fcrbiskern\u00f6l g.g.A 0,5 lt - Weinhandl M\u00fchle OG\" \/>\n<meta property=\"og:description\" content=\"Echt steirisches Kern\u00f6l g.g.A 0,5 lt  Versand nur in Blechkannen m\u00f6glich.  Wertvolle Inhaltsstoffe des K\u00fcrbiskern\u00f6ls   Wertvolle unges\u00e4ttigte Fetts\u00e4uren  Vitamine: A, B1, B2, B6, C, D und reich an Vitamin E.  Mineralstoffe: Kalzium, Magnesium, Phosphor, Kalium, Eisen, Kupfer, Mangan, Selen, Zink.  Leichte Verdaulichkeit\" \/>\n<meta property=\"og:url\" content=\"https:\/\/weinhandl-muehle.at\/?product=echt-steirisches-kernoel-g-g-a-05-lt-2\" \/>\n<meta property=\"og:site_name\" content=\"Weinhandl M\u00fchle OG\" \/>\n<meta property=\"article:publisher\" content=\"https:\/\/www.facebook.com\/WeinhandlmuehleOG\/\" \/>\n<meta property=\"article:modified_time\" content=\"2026-04-28T09:19:38+00:00\" \/>\n<meta property=\"og:image\" content=\"https:\/\/weinhandl-muehle.at\/wp-content\/uploads\/2021\/11\/20200-1-1.jpg\" \/>\n\t<meta property=\"og:image:width\" content=\"1200\" \/>\n\t<meta property=\"og:image:height\" content=\"800\" \/>\n\t<meta property=\"og:image:type\" content=\"image\/jpeg\" \/>\n<meta name=\"twitter:card\" content=\"summary_large_image\" \/>\n<script type=\"application\/ld+json\" class=\"yoast-schema-graph\">{\"@context\":\"https:\/\/schema.org\",\"@graph\":[{\"@type\":\"Organization\",\"@id\":\"https:\/\/weinhandl-muehle.at\/#organization\",\"name\":\"Weinhandl M\u00fchle OG\",\"url\":\"https:\/\/weinhandl-muehle.at\/\",\"sameAs\":[\"https:\/\/www.facebook.com\/WeinhandlmuehleOG\/\"],\"logo\":{\"@type\":\"ImageObject\",\"@id\":\"https:\/\/weinhandl-muehle.at\/#logo\",\"inLanguage\":\"de-DE\",\"url\":\"https:\/\/weinhandl-muehle.at\/wp-content\/uploads\/2021\/09\/weinhandl-muehle_200.png\",\"contentUrl\":\"https:\/\/weinhandl-muehle.at\/wp-content\/uploads\/2021\/09\/weinhandl-muehle_200.png\",\"width\":243,\"height\":200,\"caption\":\"Weinhandl M\u00fchle OG\"},\"image\":{\"@id\":\"https:\/\/weinhandl-muehle.at\/#logo\"}},{\"@type\":\"WebSite\",\"@id\":\"https:\/\/weinhandl-muehle.at\/#website\",\"url\":\"https:\/\/weinhandl-muehle.at\/\",\"name\":\"Weinhandl M\u00fchle OG\",\"description\":\"in der S\u00fcdoststeiermark\",\"publisher\":{\"@id\":\"https:\/\/weinhandl-muehle.at\/#organization\"},\"potentialAction\":[{\"@type\":\"SearchAction\",\"target\":{\"@type\":\"EntryPoint\",\"urlTemplate\":\"https:\/\/weinhandl-muehle.at\/?s={search_term_string}\"},\"query-input\":\"required name=search_term_string\"}],\"inLanguage\":\"de-DE\"},{\"@type\":\"ImageObject\",\"@id\":\"https:\/\/weinhandl-muehle.at\/?product=echt-steirisches-kernoel-g-g-a-05-lt-2#primaryimage\",\"inLanguage\":\"de-DE\",\"url\":\"https:\/\/weinhandl-muehle.at\/wp-content\/uploads\/2021\/11\/20200-1-1.jpg\",\"contentUrl\":\"https:\/\/weinhandl-muehle.at\/wp-content\/uploads\/2021\/11\/20200-1-1.jpg\",\"width\":1200,\"height\":800},{\"@type\":\"WebPage\",\"@id\":\"https:\/\/weinhandl-muehle.at\/?product=echt-steirisches-kernoel-g-g-a-05-lt-2#webpage\",\"url\":\"https:\/\/weinhandl-muehle.at\/?product=echt-steirisches-kernoel-g-g-a-05-lt-2\",\"name\":\"Echt steirisches K\u00fcrbiskern\u00f6l g.g.A 0,5 lt - Weinhandl M\u00fchle OG\",\"isPartOf\":{\"@id\":\"https:\/\/weinhandl-muehle.at\/#website\"},\"primaryImageOfPage\":{\"@id\":\"https:\/\/weinhandl-muehle.at\/?product=echt-steirisches-kernoel-g-g-a-05-lt-2#primaryimage\"},\"datePublished\":\"2021-11-27T17:38:15+00:00\",\"dateModified\":\"2026-04-28T09:19:38+00:00\",\"breadcrumb\":{\"@id\":\"https:\/\/weinhandl-muehle.at\/?product=echt-steirisches-kernoel-g-g-a-05-lt-2#breadcrumb\"},\"inLanguage\":\"de-DE\",\"potentialAction\":[{\"@type\":\"ReadAction\",\"target\":[\"https:\/\/weinhandl-muehle.at\/?product=echt-steirisches-kernoel-g-g-a-05-lt-2\"]}]},{\"@type\":\"BreadcrumbList\",\"@id\":\"https:\/\/weinhandl-muehle.at\/?product=echt-steirisches-kernoel-g-g-a-05-lt-2#breadcrumb\",\"itemListElement\":[{\"@type\":\"ListItem\",\"position\":1,\"name\":\"Startseite\",\"item\":\"https:\/\/weinhandl-muehle.at\/\"},{\"@type\":\"ListItem\",\"position\":2,\"name\":\"Shop\",\"item\":\"https:\/\/weinhandl-muehle.at\/?page_id=6\"},{\"@type\":\"ListItem\",\"position\":3,\"name\":\"Echt steirisches K\u00fcrbiskern\u00f6l g.g.A 0,5 lt\"}]}]}<\/script>\n<!-- \/ Yoast SEO plugin. -->","yoast_head_json":{"title":"Echt steirisches K\u00fcrbiskern\u00f6l g.g.A 0,5 lt - Weinhandl M\u00fchle OG","robots":{"index":"index","follow":"follow","max-snippet":"max-snippet:-1","max-image-preview":"max-image-preview:large","max-video-preview":"max-video-preview:-1"},"canonical":"https:\/\/weinhandl-muehle.at\/?product=echt-steirisches-kernoel-g-g-a-05-lt-2","og_locale":"de_DE","og_type":"article","og_title":"Echt steirisches K\u00fcrbiskern\u00f6l g.g.A 0,5 lt - Weinhandl M\u00fchle OG","og_description":"Echt steirisches Kern\u00f6l g.g.A 0,5 lt  Versand nur in Blechkannen m\u00f6glich.  Wertvolle Inhaltsstoffe des K\u00fcrbiskern\u00f6ls   Wertvolle unges\u00e4ttigte Fetts\u00e4uren  Vitamine: A, B1, B2, B6, C, D und reich an Vitamin E.  Mineralstoffe: Kalzium, Magnesium, Phosphor, Kalium, Eisen, Kupfer, Mangan, Selen, Zink.  Leichte Verdaulichkeit","og_url":"https:\/\/weinhandl-muehle.at\/?product=echt-steirisches-kernoel-g-g-a-05-lt-2","og_site_name":"Weinhandl M\u00fchle OG","article_publisher":"https:\/\/www.facebook.com\/WeinhandlmuehleOG\/","article_modified_time":"2026-04-28T09:19:38+00:00","og_image":[{"width":1200,"height":800,"url":"https:\/\/weinhandl-muehle.at\/wp-content\/uploads\/2021\/11\/20200-1-1.jpg","type":"image\/jpeg"}],"twitter_card":"summary_large_image","schema":{"@context":"https:\/\/schema.org","@graph":[{"@type":"Organization","@id":"https:\/\/weinhandl-muehle.at\/#organization","name":"Weinhandl M\u00fchle OG","url":"https:\/\/weinhandl-muehle.at\/","sameAs":["https:\/\/www.facebook.com\/WeinhandlmuehleOG\/"],"logo":{"@type":"ImageObject","@id":"https:\/\/weinhandl-muehle.at\/#logo","inLanguage":"de-DE","url":"https:\/\/weinhandl-muehle.at\/wp-content\/uploads\/2021\/09\/weinhandl-muehle_200.png","contentUrl":"https:\/\/weinhandl-muehle.at\/wp-content\/uploads\/2021\/09\/weinhandl-muehle_200.png","width":243,"height":200,"caption":"Weinhandl M\u00fchle OG"},"image":{"@id":"https:\/\/weinhandl-muehle.at\/#logo"}},{"@type":"WebSite","@id":"https:\/\/weinhandl-muehle.at\/#website","url":"https:\/\/weinhandl-muehle.at\/","name":"Weinhandl M\u00fchle OG","description":"in der S\u00fcdoststeiermark","publisher":{"@id":"https:\/\/weinhandl-muehle.at\/#organization"},"potentialAction":[{"@type":"SearchAction","target":{"@type":"EntryPoint","urlTemplate":"https:\/\/weinhandl-muehle.at\/?s={search_term_string}"},"query-input":"required name=search_term_string"}],"inLanguage":"de-DE"},{"@type":"ImageObject","@id":"https:\/\/weinhandl-muehle.at\/?product=echt-steirisches-kernoel-g-g-a-05-lt-2#primaryimage","inLanguage":"de-DE","url":"https:\/\/weinhandl-muehle.at\/wp-content\/uploads\/2021\/11\/20200-1-1.jpg","contentUrl":"https:\/\/weinhandl-muehle.at\/wp-content\/uploads\/2021\/11\/20200-1-1.jpg","width":1200,"height":800},{"@type":"WebPage","@id":"https:\/\/weinhandl-muehle.at\/?product=echt-steirisches-kernoel-g-g-a-05-lt-2#webpage","url":"https:\/\/weinhandl-muehle.at\/?product=echt-steirisches-kernoel-g-g-a-05-lt-2","name":"Echt steirisches K\u00fcrbiskern\u00f6l g.g.A 0,5 lt - Weinhandl M\u00fchle OG","isPartOf":{"@id":"https:\/\/weinhandl-muehle.at\/#website"},"primaryImageOfPage":{"@id":"https:\/\/weinhandl-muehle.at\/?product=echt-steirisches-kernoel-g-g-a-05-lt-2#primaryimage"},"datePublished":"2021-11-27T17:38:15+00:00","dateModified":"2026-04-28T09:19:38+00:00","breadcrumb":{"@id":"https:\/\/weinhandl-muehle.at\/?product=echt-steirisches-kernoel-g-g-a-05-lt-2#breadcrumb"},"inLanguage":"de-DE","potentialAction":[{"@type":"ReadAction","target":["https:\/\/weinhandl-muehle.at\/?product=echt-steirisches-kernoel-g-g-a-05-lt-2"]}]},{"@type":"BreadcrumbList","@id":"https:\/\/weinhandl-muehle.at\/?product=echt-steirisches-kernoel-g-g-a-05-lt-2#breadcrumb","itemListElement":[{"@type":"ListItem","position":1,"name":"Startseite","item":"https:\/\/weinhandl-muehle.at\/"},{"@type":"ListItem","position":2,"name":"Shop","item":"https:\/\/weinhandl-muehle.at\/?page_id=6"},{"@type":"ListItem","position":3,"name":"Echt steirisches K\u00fcrbiskern\u00f6l g.g.A 0,5 lt"}]}]}},"_links":{"self":[{"href":"https:\/\/weinhandl-muehle.at\/index.php?rest_route=\/wp\/v2\/product\/2636"}],"collection":[{"href":"https:\/\/weinhandl-muehle.at\/index.php?rest_route=\/wp\/v2\/product"}],"about":[{"href":"https:\/\/weinhandl-muehle.at\/index.php?rest_route=\/wp\/v2\/types\/product"}],"wp:featuredmedia":[{"embeddable":true,"href":"https:\/\/weinhandl-muehle.at\/index.php?rest_route=\/wp\/v2\/media\/5305"}],"wp:attachment":[{"href":"https:\/\/weinhandl-muehle.at\/index.php?rest_route=%2Fwp%2Fv2%2Fmedia&parent=2636"}],"wp:term":[{"taxonomy":"product_cat","embeddable":true,"href":"https:\/\/weinhandl-muehle.at\/index.php?rest_route=%2Fwp%2Fv2%2Fproduct_cat&post=2636"},{"taxonomy":"product_tag","embeddable":true,"href":"https:\/\/weinhandl-muehle.at\/index.php?rest_route=%2Fwp%2Fv2%2Fproduct_tag&post=2636"}],"curies":[{"name":"wp","href":"https:\/\/api.w.org\/{rel}","templated":true}]}}