{"id":781,"date":"2021-08-08T20:49:28","date_gmt":"2021-08-08T20:49:28","guid":{"rendered":"http:\/\/oel.fz325nap.at.edis.global\/?page_id=781"},"modified":"2026-04-12T13:37:24","modified_gmt":"2026-04-12T11:37:24","slug":"versandarten","status":"publish","type":"page","link":"https:\/\/weinhandl-muehle.at\/?page_id=781","title":{"rendered":"Versandarten"},"content":{"rendered":"\t\t<div data-elementor-type=\"wp-page\" data-elementor-id=\"781\" class=\"elementor elementor-781\" data-elementor-post-type=\"page\">\n\t\t\t\t\t\t<section class=\"elementor-section elementor-top-section elementor-element elementor-element-edc7ae4 elementor-section-boxed elementor-section-height-default elementor-section-height-default\" data-id=\"edc7ae4\" data-element_type=\"section\">\n\t\t\t\t\t\t<div class=\"elementor-container elementor-column-gap-default\">\n\t\t\t\t\t<div class=\"elementor-column elementor-col-100 elementor-top-column elementor-element elementor-element-0b7f3ca\" data-id=\"0b7f3ca\" data-element_type=\"column\">\n\t\t\t<div class=\"elementor-widget-wrap elementor-element-populated\">\n\t\t\t\t\t\t<div class=\"elementor-element elementor-element-64bb170 elementor-widget elementor-widget-heading\" data-id=\"64bb170\" data-element_type=\"widget\" data-widget_type=\"heading.default\">\n\t\t\t\t<div class=\"elementor-widget-container\">\n\t\t\t\t\t<h2 class=\"elementor-heading-title elementor-size-default\">Versandkosten<\/h2>\t\t\t\t<\/div>\n\t\t\t\t<\/div>\n\t\t\t\t\t<\/div>\n\t\t<\/div>\n\t\t\t\t\t<\/div>\n\t\t<\/section>\n\t\t\t\t<section class=\"elementor-section elementor-top-section elementor-element elementor-element-b3f6b5b elementor-section-boxed elementor-section-height-default elementor-section-height-default\" data-id=\"b3f6b5b\" data-element_type=\"section\">\n\t\t\t\t\t\t<div class=\"elementor-container elementor-column-gap-default\">\n\t\t\t\t\t<div class=\"elementor-column elementor-col-100 elementor-top-column elementor-element elementor-element-70130d4\" data-id=\"70130d4\" data-element_type=\"column\">\n\t\t\t<div class=\"elementor-widget-wrap elementor-element-populated\">\n\t\t\t\t\t\t<div class=\"elementor-element elementor-element-529d932 elementor-widget elementor-widget-text-editor\" data-id=\"529d932\" data-element_type=\"widget\" data-widget_type=\"text-editor.default\">\n\t\t\t\t<div class=\"elementor-widget-container\">\n\t\t\t\t\t\t\t\t\t<p><u><b>F\u00fcr den Versand verrechnen wir folgende Frachtkosten:<\/b><\/u><\/p>\n<p><b><span style=\"letter-spacing: 0px;\">Frachtkosten \u00d6sterreich<\/span><br><\/b><\/p>\n<p><span style=\"letter-spacing: 0px;\">bis&nbsp;&nbsp; 3 kg&nbsp; &nbsp; &nbsp; &nbsp; 7<\/span><span style=\"letter-spacing: 0px;\">,70 Euro<br><\/span><span style=\"letter-spacing: 0px;\">bis&nbsp;&nbsp; 5 kg&nbsp; &nbsp; &nbsp; &nbsp; 9<\/span><span style=\"letter-spacing: 0px;\">,00 Euro<br><\/span><span style=\"letter-spacing: 0px;\">bis 10 kg&nbsp; &nbsp; &nbsp; 10<\/span><span style=\"letter-spacing: 0px;\">,60 Euro<br><\/span><span style=\"letter-spacing: 0px;\">bis 15 kg&nbsp; &nbsp; &nbsp; 12<\/span><span style=\"letter-spacing: 0px;\">,00 Euro<br><\/span><span style=\"letter-spacing: 0px;\">bis 20 kg&nbsp; &nbsp; &nbsp; <\/span><span style=\"letter-spacing: 0px;\">13,60 Euro<br><\/span><span style=\"letter-spacing: 0px;\">bis 25 kg&nbsp; &nbsp; &nbsp; <\/span><span style=\"letter-spacing: 0px;\">15,30 Euro<br><\/span><span style=\"letter-spacing: 0px;\">bis 31,50 kg <\/span><span style=\"letter-spacing: 0px;\">18,00 Euro<\/span><\/p>\n<p><span style=\"letter-spacing: 0px;\">&nbsp;<\/span><i><span data-offset-key=\"4l9hq-0-0\"><span data-text=\"true\">Bitte beachten Sie, dass hier das Gewicht der Verpackung noch&nbsp; zu ber\u00fccksichtigen ist.<\/span><\/span><\/i><\/p>\n<p><i><span data-offset-key=\"4l9hq-0-0\"><span data-text=\"true\">Versandpartner: <b>DPD <\/b>Parcel Distribution Austria GmbH<\/span><\/span><\/i><\/p>\n\n<p><span style=\"letter-spacing: 0px;\">&nbsp;<\/span><\/p>\n<p><span style=\"letter-spacing: 0px;\"><b>Frachtkosten Deutschland<\/b><\/span><\/p>\n<p><span style=\"letter-spacing: 0px;\">bis&nbsp;&nbsp; 3 kg&nbsp; &nbsp; &nbsp;&nbsp; 16,95 <\/span><span style=\"letter-spacing: 0px;\">Euro<br><\/span><span style=\"letter-spacing: 0px;\">bis&nbsp;&nbsp; 5 kg&nbsp; &nbsp; &nbsp;&nbsp; <\/span><span style=\"letter-spacing: 0px;\">19,45 Euro<br><\/span><span style=\"letter-spacing: 0px;\">bis 10 kg&nbsp; &nbsp; &nbsp;&nbsp; <\/span><span style=\"letter-spacing: 0px;\">21,85 Euro<br><\/span><span style=\"letter-spacing: 0px;\">bis 15 kg&nbsp; &nbsp; &nbsp;&nbsp; <\/span><span style=\"letter-spacing: 0px;\">22,95 Euro<br><\/span><span style=\"letter-spacing: 0px;\">bis 20 kg&nbsp; &nbsp; &nbsp;&nbsp; 24,80<\/span><span style=\"letter-spacing: 0px;\"> Euro<br><\/span><span style=\"letter-spacing: 0px;\">bis 25 kg&nbsp; &nbsp; &nbsp;&nbsp; <\/span><span style=\"letter-spacing: 0px;\">26,60 Euro<br><\/span><span style=\"letter-spacing: 0px;\">bis 31,50 kg&nbsp; <\/span><span style=\"letter-spacing: 0px;\">29,00 Euro<\/span><\/p>\n<p><span style=\"letter-spacing: 0px;\"><b>F\u00fcr andere L\u00e4nder auf Anfrage!<\/b><\/span><\/p>\n<p><span data-offset-key=\"4l9hq-0-0\"><span data-text=\"true\">&nbsp;<\/span><\/span><\/p>\n<h5>&nbsp;<\/h5>\n<p><\/p>\t\t\t\t\t\t\t\t<\/div>\n\t\t\t\t<\/div>\n\t\t\t\t\t<\/div>\n\t\t<\/div>\n\t\t\t\t\t<\/div>\n\t\t<\/section>\n\t\t\t\t<section class=\"elementor-section elementor-top-section elementor-element elementor-element-67c0f99 elementor-section-boxed elementor-section-height-default elementor-section-height-default\" data-id=\"67c0f99\" data-element_type=\"section\">\n\t\t\t\t\t\t<div class=\"elementor-container elementor-column-gap-default\">\n\t\t\t\t\t<div class=\"elementor-column elementor-col-100 elementor-top-column elementor-element elementor-element-f73d050\" data-id=\"f73d050\" data-element_type=\"column\">\n\t\t\t<div class=\"elementor-widget-wrap elementor-element-populated\">\n\t\t\t\t\t\t\t<\/div>\n\t\t<\/div>\n\t\t\t\t\t<\/div>\n\t\t<\/section>\n\t\t\t\t<\/div>\n\t\t","protected":false},"excerpt":{"rendered":"<p>Versandkosten F\u00fcr den Versand verrechnen wir folgende Frachtkosten: Frachtkosten \u00d6sterreich bis&nbsp;&nbsp; 3 kg&nbsp; &nbsp; &nbsp; &nbsp; 7,70 Eurobis&nbsp;&nbsp; 5 kg&nbsp;&hellip;<\/p>\n","protected":false},"author":1,"featured_media":0,"parent":0,"menu_order":0,"comment_status":"closed","ping_status":"closed","template":"template-parts\/template-page-builders.php","meta":{"footnotes":""},"yoast_head":"<!-- This site is optimized with the Yoast SEO plugin v18.1 - https:\/\/yoast.com\/wordpress\/plugins\/seo\/ -->\n<title>Versandarten - Weinhandl M\u00fchle OG<\/title>\n<meta name=\"robots\" content=\"index, follow, max-snippet:-1, max-image-preview:large, max-video-preview:-1\" \/>\n<link rel=\"canonical\" href=\"https:\/\/weinhandl-muehle.at\/?page_id=781\" \/>\n<meta property=\"og:locale\" content=\"de_DE\" \/>\n<meta property=\"og:type\" content=\"article\" \/>\n<meta property=\"og:title\" content=\"Versandarten - Weinhandl M\u00fchle OG\" \/>\n<meta property=\"og:description\" content=\"Versandkosten F\u00fcr den Versand verrechnen wir folgende Frachtkosten: Frachtkosten \u00d6sterreich bis&nbsp;&nbsp; 3 kg&nbsp; &nbsp; &nbsp; &nbsp; 7,70 Eurobis&nbsp;&nbsp; 5 kg&nbsp;&hellip;\" \/>\n<meta property=\"og:url\" content=\"https:\/\/weinhandl-muehle.at\/?page_id=781\" \/>\n<meta property=\"og:site_name\" content=\"Weinhandl M\u00fchle OG\" \/>\n<meta property=\"article:publisher\" content=\"https:\/\/www.facebook.com\/WeinhandlmuehleOG\/\" \/>\n<meta property=\"article:modified_time\" content=\"2026-04-12T11:37:24+00:00\" \/>\n<meta name=\"twitter:card\" content=\"summary_large_image\" \/>\n<meta name=\"twitter:label1\" content=\"Gesch\u00e4tzte Lesezeit\" \/>\n\t<meta name=\"twitter:data1\" content=\"1 Minute\" \/>\n<script type=\"application\/ld+json\" class=\"yoast-schema-graph\">{\"@context\":\"https:\/\/schema.org\",\"@graph\":[{\"@type\":\"Organization\",\"@id\":\"https:\/\/weinhandl-muehle.at\/#organization\",\"name\":\"Weinhandl M\u00fchle OG\",\"url\":\"https:\/\/weinhandl-muehle.at\/\",\"sameAs\":[\"https:\/\/www.facebook.com\/WeinhandlmuehleOG\/\"],\"logo\":{\"@type\":\"ImageObject\",\"@id\":\"https:\/\/weinhandl-muehle.at\/#logo\",\"inLanguage\":\"de-DE\",\"url\":\"https:\/\/weinhandl-muehle.at\/wp-content\/uploads\/2021\/09\/weinhandl-muehle_200.png\",\"contentUrl\":\"https:\/\/weinhandl-muehle.at\/wp-content\/uploads\/2021\/09\/weinhandl-muehle_200.png\",\"width\":243,\"height\":200,\"caption\":\"Weinhandl M\u00fchle OG\"},\"image\":{\"@id\":\"https:\/\/weinhandl-muehle.at\/#logo\"}},{\"@type\":\"WebSite\",\"@id\":\"https:\/\/weinhandl-muehle.at\/#website\",\"url\":\"https:\/\/weinhandl-muehle.at\/\",\"name\":\"Weinhandl M\u00fchle OG\",\"description\":\"in der S\u00fcdoststeiermark\",\"publisher\":{\"@id\":\"https:\/\/weinhandl-muehle.at\/#organization\"},\"potentialAction\":[{\"@type\":\"SearchAction\",\"target\":{\"@type\":\"EntryPoint\",\"urlTemplate\":\"https:\/\/weinhandl-muehle.at\/?s={search_term_string}\"},\"query-input\":\"required name=search_term_string\"}],\"inLanguage\":\"de-DE\"},{\"@type\":\"WebPage\",\"@id\":\"https:\/\/weinhandl-muehle.at\/?page_id=781#webpage\",\"url\":\"https:\/\/weinhandl-muehle.at\/?page_id=781\",\"name\":\"Versandarten - Weinhandl M\u00fchle OG\",\"isPartOf\":{\"@id\":\"https:\/\/weinhandl-muehle.at\/#website\"},\"datePublished\":\"2021-08-08T20:49:28+00:00\",\"dateModified\":\"2026-04-12T11:37:24+00:00\",\"breadcrumb\":{\"@id\":\"https:\/\/weinhandl-muehle.at\/?page_id=781#breadcrumb\"},\"inLanguage\":\"de-DE\",\"potentialAction\":[{\"@type\":\"ReadAction\",\"target\":[\"https:\/\/weinhandl-muehle.at\/?page_id=781\"]}]},{\"@type\":\"BreadcrumbList\",\"@id\":\"https:\/\/weinhandl-muehle.at\/?page_id=781#breadcrumb\",\"itemListElement\":[{\"@type\":\"ListItem\",\"position\":1,\"name\":\"Startseite\",\"item\":\"https:\/\/weinhandl-muehle.at\/\"},{\"@type\":\"ListItem\",\"position\":2,\"name\":\"Versandarten\"}]}]}<\/script>\n<!-- \/ Yoast SEO plugin. -->","yoast_head_json":{"title":"Versandarten - Weinhandl M\u00fchle OG","robots":{"index":"index","follow":"follow","max-snippet":"max-snippet:-1","max-image-preview":"max-image-preview:large","max-video-preview":"max-video-preview:-1"},"canonical":"https:\/\/weinhandl-muehle.at\/?page_id=781","og_locale":"de_DE","og_type":"article","og_title":"Versandarten - Weinhandl M\u00fchle OG","og_description":"Versandkosten F\u00fcr den Versand verrechnen wir folgende Frachtkosten: Frachtkosten \u00d6sterreich bis&nbsp;&nbsp; 3 kg&nbsp; &nbsp; &nbsp; &nbsp; 7,70 Eurobis&nbsp;&nbsp; 5 kg&nbsp;&hellip;","og_url":"https:\/\/weinhandl-muehle.at\/?page_id=781","og_site_name":"Weinhandl M\u00fchle OG","article_publisher":"https:\/\/www.facebook.com\/WeinhandlmuehleOG\/","article_modified_time":"2026-04-12T11:37:24+00:00","twitter_card":"summary_large_image","twitter_misc":{"Gesch\u00e4tzte Lesezeit":"1 Minute"},"schema":{"@context":"https:\/\/schema.org","@graph":[{"@type":"Organization","@id":"https:\/\/weinhandl-muehle.at\/#organization","name":"Weinhandl M\u00fchle OG","url":"https:\/\/weinhandl-muehle.at\/","sameAs":["https:\/\/www.facebook.com\/WeinhandlmuehleOG\/"],"logo":{"@type":"ImageObject","@id":"https:\/\/weinhandl-muehle.at\/#logo","inLanguage":"de-DE","url":"https:\/\/weinhandl-muehle.at\/wp-content\/uploads\/2021\/09\/weinhandl-muehle_200.png","contentUrl":"https:\/\/weinhandl-muehle.at\/wp-content\/uploads\/2021\/09\/weinhandl-muehle_200.png","width":243,"height":200,"caption":"Weinhandl M\u00fchle OG"},"image":{"@id":"https:\/\/weinhandl-muehle.at\/#logo"}},{"@type":"WebSite","@id":"https:\/\/weinhandl-muehle.at\/#website","url":"https:\/\/weinhandl-muehle.at\/","name":"Weinhandl M\u00fchle OG","description":"in der S\u00fcdoststeiermark","publisher":{"@id":"https:\/\/weinhandl-muehle.at\/#organization"},"potentialAction":[{"@type":"SearchAction","target":{"@type":"EntryPoint","urlTemplate":"https:\/\/weinhandl-muehle.at\/?s={search_term_string}"},"query-input":"required name=search_term_string"}],"inLanguage":"de-DE"},{"@type":"WebPage","@id":"https:\/\/weinhandl-muehle.at\/?page_id=781#webpage","url":"https:\/\/weinhandl-muehle.at\/?page_id=781","name":"Versandarten - Weinhandl M\u00fchle OG","isPartOf":{"@id":"https:\/\/weinhandl-muehle.at\/#website"},"datePublished":"2021-08-08T20:49:28+00:00","dateModified":"2026-04-12T11:37:24+00:00","breadcrumb":{"@id":"https:\/\/weinhandl-muehle.at\/?page_id=781#breadcrumb"},"inLanguage":"de-DE","potentialAction":[{"@type":"ReadAction","target":["https:\/\/weinhandl-muehle.at\/?page_id=781"]}]},{"@type":"BreadcrumbList","@id":"https:\/\/weinhandl-muehle.at\/?page_id=781#breadcrumb","itemListElement":[{"@type":"ListItem","position":1,"name":"Startseite","item":"https:\/\/weinhandl-muehle.at\/"},{"@type":"ListItem","position":2,"name":"Versandarten"}]}]}},"_links":{"self":[{"href":"https:\/\/weinhandl-muehle.at\/index.php?rest_route=\/wp\/v2\/pages\/781"}],"collection":[{"href":"https:\/\/weinhandl-muehle.at\/index.php?rest_route=\/wp\/v2\/pages"}],"about":[{"href":"https:\/\/weinhandl-muehle.at\/index.php?rest_route=\/wp\/v2\/types\/page"}],"author":[{"embeddable":true,"href":"https:\/\/weinhandl-muehle.at\/index.php?rest_route=\/wp\/v2\/users\/1"}],"replies":[{"embeddable":true,"href":"https:\/\/weinhandl-muehle.at\/index.php?rest_route=%2Fwp%2Fv2%2Fcomments&post=781"}],"version-history":[{"count":97,"href":"https:\/\/weinhandl-muehle.at\/index.php?rest_route=\/wp\/v2\/pages\/781\/revisions"}],"predecessor-version":[{"id":6072,"href":"https:\/\/weinhandl-muehle.at\/index.php?rest_route=\/wp\/v2\/pages\/781\/revisions\/6072"}],"wp:attachment":[{"href":"https:\/\/weinhandl-muehle.at\/index.php?rest_route=%2Fwp%2Fv2%2Fmedia&parent=781"}],"curies":[{"name":"wp","href":"https:\/\/api.w.org\/{rel}","templated":true}]}}