{"id":780,"date":"2021-08-08T20:49:28","date_gmt":"2021-08-08T20:49:28","guid":{"rendered":"http:\/\/oel.fz325nap.at.edis.global\/?page_id=780"},"modified":"2021-08-31T18:27:00","modified_gmt":"2021-08-31T18:27:00","slug":"widerrufsbelehrung","status":"publish","type":"page","link":"https:\/\/weinhandl-muehle.at\/?page_id=780","title":{"rendered":"Widerrufsbelehrung"},"content":{"rendered":"\t\t<div data-elementor-type=\"wp-page\" data-elementor-id=\"780\" class=\"elementor elementor-780\" data-elementor-post-type=\"page\">\n\t\t\t\t\t\t<section class=\"elementor-section elementor-top-section elementor-element elementor-element-76b2243 elementor-section-boxed elementor-section-height-default elementor-section-height-default\" data-id=\"76b2243\" data-element_type=\"section\">\n\t\t\t\t\t\t<div class=\"elementor-container elementor-column-gap-default\">\n\t\t\t\t\t<div class=\"elementor-column elementor-col-100 elementor-top-column elementor-element elementor-element-764c560\" data-id=\"764c560\" data-element_type=\"column\">\n\t\t\t<div class=\"elementor-widget-wrap elementor-element-populated\">\n\t\t\t\t\t\t<div class=\"elementor-element elementor-element-cb19059 elementor-widget elementor-widget-heading\" data-id=\"cb19059\" data-element_type=\"widget\" data-widget_type=\"heading.default\">\n\t\t\t\t<div class=\"elementor-widget-container\">\n\t\t\t\t\t<h2 class=\"elementor-heading-title elementor-size-default\">R\u00dcCKTRITTSBELEHRUNG - BZW. WIDERRUFSBELEHRUNG <\/h2>\t\t\t\t<\/div>\n\t\t\t\t<\/div>\n\t\t\t\t\t<\/div>\n\t\t<\/div>\n\t\t\t\t\t<\/div>\n\t\t<\/section>\n\t\t\t\t<section class=\"elementor-section elementor-top-section elementor-element elementor-element-8316b87 elementor-section-boxed elementor-section-height-default elementor-section-height-default\" data-id=\"8316b87\" data-element_type=\"section\">\n\t\t\t\t\t\t<div class=\"elementor-container elementor-column-gap-default\">\n\t\t\t\t\t<div class=\"elementor-column elementor-col-100 elementor-top-column elementor-element elementor-element-fc9dbf6\" data-id=\"fc9dbf6\" data-element_type=\"column\">\n\t\t\t<div class=\"elementor-widget-wrap elementor-element-populated\">\n\t\t\t\t\t\t<div class=\"elementor-element elementor-element-f68e271 elementor-widget elementor-widget-text-editor\" data-id=\"f68e271\" data-element_type=\"widget\" data-widget_type=\"text-editor.default\">\n\t\t\t\t<div class=\"elementor-widget-container\">\n\t\t\t\t\t\t\t\t\t<p><b>R\u00dcCKTRITTSBELEHRUNG (f\u00fcr die in \u00d6sterreich ans\u00e4ssigen Kunden)- BZW. WIDERRUFSBELEHRUNG (f\u00fcr die in Deutschland ans\u00e4ssigen Kunden)&nbsp;<\/b><\/p>\n<div><div>a) R\u00fccktritts- bzw. Widerrufsrecht<\/div><div>Ist der Kunde Verbraucher, so kann er, sofern der Kunde in \u00d6sterreich ans\u00e4ssig ist ohne Angabe von Gr\u00fcnden unter den gesetzlichen Voraussetzungen von dem geschlossenen Vertrag zur\u00fccktreten bzw. sofern der Kunde in Deutschland ans\u00e4ssig ist durch Widerrufserkl\u00e4rung ohne Angabe von Gr\u00fcnden bewirken, dass er an seine abgegebene Vertragserkl\u00e4rung nicht mehr gebunden ist.<\/div><div>b) Frist<\/div><div>Bei Lieferung nach \u00d6sterreich betr\u00e4gt die Widerrufsfrist 7 Werktage, wobei der Samstag nicht als Werktag z\u00e4hlt. Wird nach Deutschland geliefert, so betr\u00e4gt die Frist 14 Tage.<\/div><div>c) Fristbeginn&nbsp;<\/div><div>Bei Lieferung nach \u00d6sterreich beginnt die Frist mit dem Tag des Eingangs der Ware beim Verbraucher an zu laufen. Sofern nach Deutschland geliefert wurde, beginnt die Frist nach Erhalt dieser Belehrung in Textform an zu laufen, jedoch nicht vor Eingang der Ware beim Empf\u00e4nger (bei wiederkehrenden Lieferung gleichartiger Waren nicht vor Eingang der ersten Teillieferung) und auch nicht vor Erf\u00fcllung unserer Informationspflichten gem. Art. 246 \u00a7 2 in Verbindung mit \u00a7 1 Abs. 1 und 2 EGBGB sowie unserer Pflichten gem. \u00a7 312b Abs. 1 S. 1 BGB in Verbindung mit Art. 246 \u00a7 3 EGBGB.<\/div><div>d) Form<\/div><div>Bei Lieferung nach \u00d6sterreich kann der R\u00fccktritt mittels E-Mail oder auch schriftlich erkl\u00e4rt werden.Bei Lieferung nach Deutschland ist der Widerruf in Textform zu erkl\u00e4ren, kann also insb. durch EMail, Fax oder per Brief erfolgen. Ist die Kaufsache dem Kunden vor Fristablauf \u00fcberlassen worden, so kann er den Widerruf auch durch R\u00fccksendung der Sache erkl\u00e4ren.<\/div><div>e) Fristwahrung<\/div><div>Die R\u00fccktritts- bzw. Widerrufsfrist ist gewahrt, wenn die R\u00fccktritts- bzw. Widerruferkl\u00e4rung oder die Sache innerhalb der o.g. Frist abgesendet wird.<\/div><div>f) Adressat<\/div><div>Die R\u00fccktritts- bzw. Widerrufserkl\u00e4rung ist zu richten an:<\/div><div>Weinhandl &#8211; M\u00fchle OG&nbsp;<\/div><div>Dirnbach 12<\/div><div>A-8345 Straden<\/div><div>Fax: +43 3473 8286 16<\/div><div>E-Mail: office@weinhandl-muehle.at<\/div><div>g) Widerrufsfolgen<\/div><div>Im Falle eines wirksamen Widerrufs sind die beiderseits empfangenen Leistungen zur\u00fcck zu gew\u00e4hren und ggf. gezogene Nutzungen (z.B. Zinsen) herauszugeben. Kann uns der Kunde die empfangene Leistung sowie Nutzungen (z.B. Gebrauchsvorteile) nicht oder teilweise nicht oder nur in verschlechtertem Zustand zur\u00fcckgew\u00e4hren beziehungsweise herausgeben, muss der Kunde uns insoweit Wertersatz durch eine Zahlung von Geld leisten. F\u00fcr die Verschlechterung der Sache und f\u00fcr gezogene Nutzungen muss der Kunde Wertersatz nur leisten, soweit die Nutzungen oder die Verschlechterung auf einen Umgang mit der Sache zur\u00fcckzuf\u00fchren ist, der \u00fcber die Pr\u00fcfung der Eigenschaften und der Funktionsweise hinausgeht. Unter \u201cPr\u00fcfung der Eigenschaften und der Funktionsweise\u201d versteht man das Testen und Ausprobieren der jeweiligen Ware, wie es etwa im Ladengesch\u00e4ft m\u00f6glich und \u00fcblich ist. Paketversandf\u00e4hige Sachen sind auf unsere Gefahr zur\u00fcckzusenden. Falls nach Deutschland geliefert wurde, hat der Kunde die regelm\u00e4\u00dfigen Kosten der R\u00fccksendung zu tragen, wenn die gelieferte Ware der bestellten entspricht und wenn der Preis der zur\u00fcckzusendenden Sache einen Betrag von \u20ac 40,00 nicht \u00fcbersteigt oder wenn der Kunde bei einem h\u00f6heren Preis der Sache zum Zeitpunkt des Widerrufs noch nicht die Gegenleistung oder eine vertraglich vereinbarte Teilzahlung erbracht hat. Andernfalls ist die R\u00fccksendung f\u00fcr den Kunden kostenfrei. Nicht paketversandf\u00e4hige Sachen werden bei dem Kunden abgeholt. Verpflichtungen zur Erstattung von Zahlungen m\u00fcssen innerhalb von 30 Tagen erf\u00fcllt werden. Die Frist beginnt f\u00fcr den Kunden mit der Absendung seiner Widerrufserkl\u00e4rung oder der Sache, f\u00fcr uns mit deren Empfang.&nbsp;<\/div><div><br><\/div><div><b>ENDE DER WIDERRUFSBELEHRUNG&nbsp;<\/b><\/div><\/div><div><br><\/div>\t\t\t\t\t\t\t\t<\/div>\n\t\t\t\t<\/div>\n\t\t\t\t\t<\/div>\n\t\t<\/div>\n\t\t\t\t\t<\/div>\n\t\t<\/section>\n\t\t\t\t<\/div>\n\t\t","protected":false},"excerpt":{"rendered":"<p>R\u00dcCKTRITTSBELEHRUNG &#8211; BZW. WIDERRUFSBELEHRUNG R\u00dcCKTRITTSBELEHRUNG (f\u00fcr die in \u00d6sterreich ans\u00e4ssigen Kunden)- BZW. WIDERRUFSBELEHRUNG (f\u00fcr die in Deutschland ans\u00e4ssigen Kunden)&nbsp; a)&hellip;<\/p>\n","protected":false},"author":1,"featured_media":0,"parent":0,"menu_order":0,"comment_status":"closed","ping_status":"closed","template":"template-parts\/template-page-builders.php","meta":{"footnotes":""},"yoast_head":"<!-- This site is optimized with the Yoast SEO plugin v18.1 - https:\/\/yoast.com\/wordpress\/plugins\/seo\/ -->\n<title>Widerrufsbelehrung - Weinhandl M\u00fchle OG<\/title>\n<meta name=\"robots\" content=\"index, follow, max-snippet:-1, max-image-preview:large, max-video-preview:-1\" \/>\n<link rel=\"canonical\" href=\"https:\/\/weinhandl-muehle.at\/?page_id=780\" \/>\n<meta property=\"og:locale\" content=\"de_DE\" \/>\n<meta property=\"og:type\" content=\"article\" \/>\n<meta property=\"og:title\" content=\"Widerrufsbelehrung - Weinhandl M\u00fchle OG\" \/>\n<meta property=\"og:description\" content=\"R\u00dcCKTRITTSBELEHRUNG &#8211; BZW. WIDERRUFSBELEHRUNG R\u00dcCKTRITTSBELEHRUNG (f\u00fcr die in \u00d6sterreich ans\u00e4ssigen Kunden)- BZW. WIDERRUFSBELEHRUNG (f\u00fcr die in Deutschland ans\u00e4ssigen Kunden)&nbsp; a)&hellip;\" \/>\n<meta property=\"og:url\" content=\"https:\/\/weinhandl-muehle.at\/?page_id=780\" \/>\n<meta property=\"og:site_name\" content=\"Weinhandl M\u00fchle OG\" \/>\n<meta property=\"article:publisher\" content=\"https:\/\/www.facebook.com\/WeinhandlmuehleOG\/\" \/>\n<meta property=\"article:modified_time\" content=\"2021-08-31T18:27:00+00:00\" \/>\n<meta name=\"twitter:card\" content=\"summary_large_image\" \/>\n<meta name=\"twitter:label1\" content=\"Gesch\u00e4tzte Lesezeit\" \/>\n\t<meta name=\"twitter:data1\" content=\"3 Minuten\" \/>\n<script type=\"application\/ld+json\" class=\"yoast-schema-graph\">{\"@context\":\"https:\/\/schema.org\",\"@graph\":[{\"@type\":\"Organization\",\"@id\":\"https:\/\/weinhandl-muehle.at\/#organization\",\"name\":\"Weinhandl M\u00fchle OG\",\"url\":\"https:\/\/weinhandl-muehle.at\/\",\"sameAs\":[\"https:\/\/www.facebook.com\/WeinhandlmuehleOG\/\"],\"logo\":{\"@type\":\"ImageObject\",\"@id\":\"https:\/\/weinhandl-muehle.at\/#logo\",\"inLanguage\":\"de-DE\",\"url\":\"https:\/\/weinhandl-muehle.at\/wp-content\/uploads\/2021\/09\/weinhandl-muehle_200.png\",\"contentUrl\":\"https:\/\/weinhandl-muehle.at\/wp-content\/uploads\/2021\/09\/weinhandl-muehle_200.png\",\"width\":243,\"height\":200,\"caption\":\"Weinhandl M\u00fchle OG\"},\"image\":{\"@id\":\"https:\/\/weinhandl-muehle.at\/#logo\"}},{\"@type\":\"WebSite\",\"@id\":\"https:\/\/weinhandl-muehle.at\/#website\",\"url\":\"https:\/\/weinhandl-muehle.at\/\",\"name\":\"Weinhandl M\u00fchle OG\",\"description\":\"in der S\u00fcdoststeiermark\",\"publisher\":{\"@id\":\"https:\/\/weinhandl-muehle.at\/#organization\"},\"potentialAction\":[{\"@type\":\"SearchAction\",\"target\":{\"@type\":\"EntryPoint\",\"urlTemplate\":\"https:\/\/weinhandl-muehle.at\/?s={search_term_string}\"},\"query-input\":\"required name=search_term_string\"}],\"inLanguage\":\"de-DE\"},{\"@type\":\"WebPage\",\"@id\":\"https:\/\/weinhandl-muehle.at\/?page_id=780#webpage\",\"url\":\"https:\/\/weinhandl-muehle.at\/?page_id=780\",\"name\":\"Widerrufsbelehrung - Weinhandl M\u00fchle OG\",\"isPartOf\":{\"@id\":\"https:\/\/weinhandl-muehle.at\/#website\"},\"datePublished\":\"2021-08-08T20:49:28+00:00\",\"dateModified\":\"2021-08-31T18:27:00+00:00\",\"breadcrumb\":{\"@id\":\"https:\/\/weinhandl-muehle.at\/?page_id=780#breadcrumb\"},\"inLanguage\":\"de-DE\",\"potentialAction\":[{\"@type\":\"ReadAction\",\"target\":[\"https:\/\/weinhandl-muehle.at\/?page_id=780\"]}]},{\"@type\":\"BreadcrumbList\",\"@id\":\"https:\/\/weinhandl-muehle.at\/?page_id=780#breadcrumb\",\"itemListElement\":[{\"@type\":\"ListItem\",\"position\":1,\"name\":\"Startseite\",\"item\":\"https:\/\/weinhandl-muehle.at\/\"},{\"@type\":\"ListItem\",\"position\":2,\"name\":\"Widerrufsbelehrung\"}]}]}<\/script>\n<!-- \/ Yoast SEO plugin. -->","yoast_head_json":{"title":"Widerrufsbelehrung - Weinhandl M\u00fchle OG","robots":{"index":"index","follow":"follow","max-snippet":"max-snippet:-1","max-image-preview":"max-image-preview:large","max-video-preview":"max-video-preview:-1"},"canonical":"https:\/\/weinhandl-muehle.at\/?page_id=780","og_locale":"de_DE","og_type":"article","og_title":"Widerrufsbelehrung - Weinhandl M\u00fchle OG","og_description":"R\u00dcCKTRITTSBELEHRUNG &#8211; BZW. WIDERRUFSBELEHRUNG R\u00dcCKTRITTSBELEHRUNG (f\u00fcr die in \u00d6sterreich ans\u00e4ssigen Kunden)- BZW. WIDERRUFSBELEHRUNG (f\u00fcr die in Deutschland ans\u00e4ssigen Kunden)&nbsp; a)&hellip;","og_url":"https:\/\/weinhandl-muehle.at\/?page_id=780","og_site_name":"Weinhandl M\u00fchle OG","article_publisher":"https:\/\/www.facebook.com\/WeinhandlmuehleOG\/","article_modified_time":"2021-08-31T18:27:00+00:00","twitter_card":"summary_large_image","twitter_misc":{"Gesch\u00e4tzte Lesezeit":"3 Minuten"},"schema":{"@context":"https:\/\/schema.org","@graph":[{"@type":"Organization","@id":"https:\/\/weinhandl-muehle.at\/#organization","name":"Weinhandl M\u00fchle OG","url":"https:\/\/weinhandl-muehle.at\/","sameAs":["https:\/\/www.facebook.com\/WeinhandlmuehleOG\/"],"logo":{"@type":"ImageObject","@id":"https:\/\/weinhandl-muehle.at\/#logo","inLanguage":"de-DE","url":"https:\/\/weinhandl-muehle.at\/wp-content\/uploads\/2021\/09\/weinhandl-muehle_200.png","contentUrl":"https:\/\/weinhandl-muehle.at\/wp-content\/uploads\/2021\/09\/weinhandl-muehle_200.png","width":243,"height":200,"caption":"Weinhandl M\u00fchle OG"},"image":{"@id":"https:\/\/weinhandl-muehle.at\/#logo"}},{"@type":"WebSite","@id":"https:\/\/weinhandl-muehle.at\/#website","url":"https:\/\/weinhandl-muehle.at\/","name":"Weinhandl M\u00fchle OG","description":"in der S\u00fcdoststeiermark","publisher":{"@id":"https:\/\/weinhandl-muehle.at\/#organization"},"potentialAction":[{"@type":"SearchAction","target":{"@type":"EntryPoint","urlTemplate":"https:\/\/weinhandl-muehle.at\/?s={search_term_string}"},"query-input":"required name=search_term_string"}],"inLanguage":"de-DE"},{"@type":"WebPage","@id":"https:\/\/weinhandl-muehle.at\/?page_id=780#webpage","url":"https:\/\/weinhandl-muehle.at\/?page_id=780","name":"Widerrufsbelehrung - Weinhandl M\u00fchle OG","isPartOf":{"@id":"https:\/\/weinhandl-muehle.at\/#website"},"datePublished":"2021-08-08T20:49:28+00:00","dateModified":"2021-08-31T18:27:00+00:00","breadcrumb":{"@id":"https:\/\/weinhandl-muehle.at\/?page_id=780#breadcrumb"},"inLanguage":"de-DE","potentialAction":[{"@type":"ReadAction","target":["https:\/\/weinhandl-muehle.at\/?page_id=780"]}]},{"@type":"BreadcrumbList","@id":"https:\/\/weinhandl-muehle.at\/?page_id=780#breadcrumb","itemListElement":[{"@type":"ListItem","position":1,"name":"Startseite","item":"https:\/\/weinhandl-muehle.at\/"},{"@type":"ListItem","position":2,"name":"Widerrufsbelehrung"}]}]}},"_links":{"self":[{"href":"https:\/\/weinhandl-muehle.at\/index.php?rest_route=\/wp\/v2\/pages\/780"}],"collection":[{"href":"https:\/\/weinhandl-muehle.at\/index.php?rest_route=\/wp\/v2\/pages"}],"about":[{"href":"https:\/\/weinhandl-muehle.at\/index.php?rest_route=\/wp\/v2\/types\/page"}],"author":[{"embeddable":true,"href":"https:\/\/weinhandl-muehle.at\/index.php?rest_route=\/wp\/v2\/users\/1"}],"replies":[{"embeddable":true,"href":"https:\/\/weinhandl-muehle.at\/index.php?rest_route=%2Fwp%2Fv2%2Fcomments&post=780"}],"version-history":[{"count":13,"href":"https:\/\/weinhandl-muehle.at\/index.php?rest_route=\/wp\/v2\/pages\/780\/revisions"}],"predecessor-version":[{"id":1603,"href":"https:\/\/weinhandl-muehle.at\/index.php?rest_route=\/wp\/v2\/pages\/780\/revisions\/1603"}],"wp:attachment":[{"href":"https:\/\/weinhandl-muehle.at\/index.php?rest_route=%2Fwp%2Fv2%2Fmedia&parent=780"}],"curies":[{"name":"wp","href":"https:\/\/api.w.org\/{rel}","templated":true}]}}