{"id":779,"date":"2021-08-08T20:49:28","date_gmt":"2021-08-08T20:49:28","guid":{"rendered":"http:\/\/oel.fz325nap.at.edis.global\/?page_id=779"},"modified":"2021-10-29T10:56:00","modified_gmt":"2021-10-29T08:56:00","slug":"agb","status":"publish","type":"page","link":"https:\/\/weinhandl-muehle.at\/?page_id=779","title":{"rendered":"AGB"},"content":{"rendered":"\t\t<div data-elementor-type=\"wp-page\" data-elementor-id=\"779\" class=\"elementor elementor-779\" data-elementor-post-type=\"page\">\n\t\t\t\t\t\t<section class=\"elementor-section elementor-top-section elementor-element elementor-element-2c4ad79 elementor-section-boxed elementor-section-height-default elementor-section-height-default\" data-id=\"2c4ad79\" data-element_type=\"section\">\n\t\t\t\t\t\t<div class=\"elementor-container elementor-column-gap-default\">\n\t\t\t\t\t<div class=\"elementor-column elementor-col-100 elementor-top-column elementor-element elementor-element-4164a31\" data-id=\"4164a31\" data-element_type=\"column\">\n\t\t\t<div class=\"elementor-widget-wrap elementor-element-populated\">\n\t\t\t\t\t\t<div class=\"elementor-element elementor-element-2108709 elementor-widget elementor-widget-heading\" data-id=\"2108709\" data-element_type=\"widget\" data-widget_type=\"heading.default\">\n\t\t\t\t<div class=\"elementor-widget-container\">\n\t\t\t\t\t<h2 class=\"elementor-heading-title elementor-size-default\">Allgemeine Gesch\u00e4ftsbedingungen der Weinhandl M\u00fchle OG<\/h2>\t\t\t\t<\/div>\n\t\t\t\t<\/div>\n\t\t\t\t\t<\/div>\n\t\t<\/div>\n\t\t\t\t\t<\/div>\n\t\t<\/section>\n\t\t\t\t<section class=\"elementor-section elementor-top-section elementor-element elementor-element-109e3cd elementor-section-boxed elementor-section-height-default elementor-section-height-default\" data-id=\"109e3cd\" data-element_type=\"section\">\n\t\t\t\t\t\t<div class=\"elementor-container elementor-column-gap-default\">\n\t\t\t\t\t<div class=\"elementor-column elementor-col-100 elementor-top-column elementor-element elementor-element-ef8629f\" data-id=\"ef8629f\" data-element_type=\"column\">\n\t\t\t<div class=\"elementor-widget-wrap elementor-element-populated\">\n\t\t\t\t\t\t<div class=\"elementor-element elementor-element-f5697a1 elementor-widget elementor-widget-text-editor\" data-id=\"f5697a1\" data-element_type=\"widget\" data-widget_type=\"text-editor.default\">\n\t\t\t\t<div class=\"elementor-widget-container\">\n\t\t\t\t\t\t\t\t\t<p><strong>1. <\/strong><b>Allgemeine Bestimmungen<\/b><\/p><p>Diese Allgemeinen Gesch\u00e4ftsbedingungen gelten f\u00fcr den Verkauf und die Lieferung durch den oben angef\u00fchrten Verk\u00e4ufer. Insbesondere f\u00fcr den Verkauf per Internet. Abweichende Bedingungen haben nur G\u00fcltigkeit, wenn der Verk\u00e4ufer ausdr\u00fccklich schriftlich zustimmt. Der K\u00e4ufer erteilt seine Zustimmung, dass die im Kaufvertrag festgehaltenen Daten von uns automationsunterst\u00fctzt gespeichert, verarbeitet und verwendet werden d\u00fcrfen. Die AGB&#8217;s gelten f\u00fcr Gesch\u00e4fte mit Deutschen und \u00d6sterreichischen Kunden. Der Kunde erkennt diese AGB an und erkl\u00e4rt sich damit einverstanden, sobald er eine Bestellung vornimmt.<\/p><div><span style=\"letter-spacing: 0px;\"><br><\/span><\/div>\n<p><b>2. Preise und Versandkosten<\/b><\/p>\n<p>a) Alle Preise sind Endpreise; sie enthalten die gesetzliche Umsatzsteuer (Mehrwertsteuer).<\/p>\n<p>b) Preisirrt\u00fcmer vorbehalten. Ist der korrekte Preis h\u00f6her, so wird der Kunde kontaktiert; ein Vertrag kommt in solch einem Fall nur zu Stande, wenn er zu diesem Preis kaufen m\u00f6chte. Ist der&nbsp; korrekte Preis niedriger, so wird dieser Preis berechnet.<\/p>\n<p>c) Die Preise gelten ab Lager des Verk\u00e4ufers. Beim Versand werden zus\u00e4tzlich zum Preis Versandkosten in Rechnung gestellt. http:\/\/www.weinhandl-muehle.at\/webshop\/versand.php<\/p>\n<p>d) R\u00fcckerstattung der Leistungen und R\u00fccksendekosten bei R\u00fccktritt bzw. Widerruf Infolge der Aus\u00fcbung des R\u00fccktritts- bzw. Widerrufsrechts wird der Vertrag r\u00fcckabgewickelt. Die&nbsp; Weinhandl &#8211; M\u00fchle OG hat den Kaufpreis sowie die Hinsendekosten, der Kunde die Kaufsache zur\u00fcckzugew\u00e4hren.<\/p>\n<p>2.1 \u00d6sterreich<\/p>\n<p>Sofern die Kaufsache nach \u00d6sterreich versendet wurde, erfolgt die R\u00fccksendung auf Kosten und Gefahr des Kunden. Der Rechnungsbetrag wird nach Erhalt der retournierten Ware zur\u00fcckerstattet. Die Weinhandl &#8211; M\u00fchle OG erstattet dem Kunden den Kaufpreis ohne Versandkosten.&nbsp;<\/p>\n<p>2.2 Deutschland<\/p>\n<p>Bei R\u00fccksendung aus Deutschland hat der Kunde die Kosten dieser zu tragen, wenn die gelieferte Ware der bestellten entspricht und wenn der Preis der zur\u00fcckzusendenden Sache einen Betrag von 40 Euro nicht \u00fcbersteigt oder wenn bei einem h\u00f6heren Preis der Sache der Kunde zum Zeitpunkt des Widerrufs die Gegenleistung oder eine vertraglich vereinbarte Teilzahlung noch nicht erbracht hat. Ansonsten erfolgt die R\u00fccksendung auf Kosten der Weinhandl &#8211; M\u00fchle OG. Der Kaufpreis und die Hinsendekosten werden innerhalb von 30 Tagen ab dem Empfang der Widerrufserkl\u00e4rung des Kunden durch die Weinhandl &#8211; M\u00fchle OG zur\u00fcckerstattet.<\/p>\n<p><span style=\"color: var( --e-global-color-text ); letter-spacing: 0px;\"><b>3. Lieferung<\/b><\/span><\/p>\n<p>a) Sofern nicht anders vereinbart, erfolgt die Lieferung an die vom Kunden angegebene Adresse.<\/p>\n<p>b) Die Weinhandl &#8211; M\u00fchle OG haftet nicht f\u00fcr den voraussichtlichen Liefertermin. Die Lieferzeit betr\u00e4gt innerhalb von \u00d6sterreich ca. 5 Werktage, nach Deutschland ca. 7 \u2013 10 Werktage.<\/p>\n<p>c) Bei Besch\u00e4digung der Ware w\u00e4hrend des Transports hat der Kunde den Schadensfall unverz\u00fcglich beim Transportunternehmen anzuzeigen und den Schaden dort geltend zu machen. Die Weinhandl &#8211; M\u00fchle OG haftet f\u00fcr schuldhaftes Verhalten Dritter nicht. Dies gilt nicht, wenn die Ware nach Deutschland geliefert wird und der Kunde Verbraucher ist.<\/p>\n<p>d) Die Weinhandl &#8211; M\u00fchle OG tr\u00e4gt keine Verantwortung bei Vorliegen von Lieferhindernissen im Bereich von Zulieferern oder Herstellern. Wird die Lieferung oder die Einhaltung einer vereinbarten Lieferzeit durch Umst\u00e4nde unm\u00f6glich, die von der Weinhandl &#8211; M\u00fchle OG nicht zu vertreten sind, so ist die Weinhandl &#8211; M\u00fchle OG berechtigt, vom Vertrag ganz oder teilweise zur\u00fcckzutreten. Die Weinhandl &#8211; M\u00fchle OG wird den Kunden diesbez\u00fcglich unverz\u00fcglich in Kenntnis setzen. Schadensersatzanspr\u00fcche sind f\u00fcr diesen Fall ausgeschlossen.<\/p>\n<p><b>4. Zahlung<\/b><\/p>\n<p>a) Der Kaufpreis ist sp\u00e4testens bei Lieferung f\u00e4llig. Dies gilt auch f\u00fcr Teillieferungen.&nbsp;<\/p>\n<p>b) Gezahlt werden kann per Nachnahme oder \u00dcberweisung. In Betracht kommt ebenfalls Vorkasse mittels \u00dcberweisung.<\/p>\n<p>c) Die Weinhandl &#8211; M\u00fchle OG beh\u00e4lt sich vor, einzelne Zahlungsarten auszuschlie\u00dfen oder eine bestimmte Zahlungsart vorzusehen.<\/p>\n<p>d) Bei Vorkasse \u00fcberweist der Kunde den Rechnungsbetrag innerhalb von 7 Tagen nach Vertragsschluss auf das Konto der Weinhandl &#8211; M\u00fchle OG. Der Versand erfolgt erst nach Zahlungseingang.<\/p>\n<p>e) Im Falle der Nachnahme zahlt der Kunde die Nachnahmegeb\u00fchr direkt an den Zusteller.&nbsp;&nbsp;<\/p>\n<p>f) Die gelieferte Ware bleibt bis zur vollst\u00e4ndigen Bezahlung Eigentum der Weinhandl &#8211; M\u00fchle OG<\/p>\n<p>5. Gew\u00e4hrleistung und Haftung<\/p>\n<p>a) Soweit nichts anderes bestimmt ist, gelten die allgemeinen gesetzlichen Vorschriften.<\/p>\n<p>b) Die Gew\u00e4hrleistung ist bei durch den Kunden verursachten M\u00e4ngeln ausgeschlossen. Das ist insbesondere der Fall bei unsachgem\u00e4\u00dfer Handhabung, Fehlbedienung oder nicht genehmigten Reparaturversuchen.<\/p>\n<p>c) Im Falle der Lieferung gebrauchter Ware verj\u00e4hren die Gew\u00e4hrleistungsanspr\u00fcche eines deutschen Verbrauchers in einem Jahr.<\/p>\n<p>d) Die verk\u00fcrzte Verj\u00e4hrungsfrist gilt nicht f\u00fcr Schadensersatzanspr\u00fcche des Kunden aufgrund einer Verletzung des Lebens, des K\u00f6rpers, der Gesundheit sowie f\u00fcr Schadensersatzanspr\u00fcche aufgrund der Verletzung wesentlicher Vertragspflichten.<\/p>\n<p>e) Sollten gelieferte Artikel offensichtliche Materiell- oder Herstellungsfehler aufweisen (auch Transportsch\u00e4den), bitten wir den Besteller, dies sofort uns gegen\u00fcber anzuzeigen.<\/p>\n<p>f) Soweit eine Herstellergarantie besteht, hat der Kunde die aus dieser erwachsenen Anspr\u00fcche direkt gegen\u00fcber dem Hersteller geltend zu machen. Die Weinhandl &#8211; M\u00fchle OG steht f\u00fcr diese Anspr\u00fcche nicht ein.<\/p>\n<p>6. Erf\u00fcllungsort, Gerichtsstand und anwendbares Recht<\/p>\n<p>a) Erf\u00fcllungsort ist der Firmensitz des Verk\u00e4ufers (Dirnbach 12, A-8345 Straden).&nbsp;<\/p>\n<p>b) F\u00fcr alle Streitigkeiten aus Vertr\u00e4gen, die unter der Geltung dieser AGB geschlossenen wurden, wird als Gerichtsstand Feldbach vereinbart, sofern es sich bei dem Kunden nicht um einen Verbraucher, sondern um einen Kaufmann oder eine juristische Person des \u00f6ffentlichen Rechts handelt.&nbsp;<\/p>\n<p>c) Es findet ausschlie\u00dflich \u00f6sterreichisches Recht Anwendung. Ist der Vertragspartner Verbraucher, so gilt diese Rechtswahl nur, soweit dadurch keine zwingenden gesetzlichen Bestimmungen des Staates, in dem er seinen Wohnsitz oder gew\u00f6hnlichen Aufenthalt hat, eingeschr\u00e4nkt werden.<\/p>\n<p><b>7. Vertragsabschluss&nbsp;<\/b><\/p>\n<p>a) Angebot \/ Abweichungen zu Farben auf der Website<\/p>\n<p>Die Produktpr\u00e4sentation auf der Website stellt kein Angebot im Rechtssinne dar. Es handelt sich um eine Aufforderung an den Kunden selbst ein Angebot abzugeben. Das Angebot im Rechtssinne gibt der Kunde durch Vornahme der Bestellung ab. Farbabweichungen zwischen den Abbildungen im Internet und der gelieferten Ware k\u00f6nnen durch die Farbwiedergabe des Rechners bedingt sein. Die farbliche \u00dcbereinstimmung wird nicht garantiert.<\/p>\n<p>b) Zustandekommen des Vertrages<\/p>\n<p>Die Weinhandl &#8211; M\u00fchle OG entscheidet \u00fcber die Annahme eines Angebots nach freiem Ermessen. Es steht ihr frei, Bestellungen abzulehnen, solange dies sachlich gerechtfertigt ist. Im Falle der Ablehnung wird der Besteller per E-Mail informiert. Nach Vornahme der Bestellung versendet die Weinhandl &#8211; M\u00fchle OG eine E-Mail an den Besteller, in welcher der Erhalt der Bestellung best\u00e4tigt und ihr Inhalt wiedergegeben wird (Bestellbest\u00e4tigung). Bei dieser Bestellbest\u00e4tigung handelt es sich nicht um die Annahme des Angebots. Die Annahme des Angebots kann die Weinhandl &#8211; M\u00fchle OG sowohl ausdr\u00fccklich, z.B. durch eine Annahmeerkl\u00e4rung per E-Mail, aber auch schl\u00fcssig durch Versendung der Ware erkl\u00e4ren.&nbsp; &nbsp;<\/p>\n<p><b>8. Erg\u00e4nzende Informationen zum Vertragsabschluss<\/b><\/p>\n<p>a) Bestellvorgang<\/p>\n<p>Bestellt der Kunde \u00fcber den Onlineshop der Weinhandl &#8211; M\u00fchle OG, umfasst der Bestellvorgang mehrere Schritte. Zun\u00e4chst w\u00e4hlt der Kunde die von ihm gew\u00fcnschten Waren aus. In einem zweiten Schritt hat er dann seine Kundendaten anzugeben, wobei die Kundenanschrift zugleich die Lieferadresse ist. Anschlie\u00dfend w\u00e4hlt der Kunde die Zahlungsart aus. Schlie\u00dflich hat er die M\u00f6glichkeit, s\u00e4mtliche Angaben noch einmal zu \u00fcberpr\u00fcfen und gegebenenfalls zu korrigieren, bevor er dann seine Bestellung durch Klicken auf \u201eZahlungspflichtig bestellen\u201c an die Weinhandl &#8211; M\u00fchle OG \u00fcbersendet.<\/p>\n<p>b) Speicherung des Vertragstextes<\/p>\n<p>Der Vertragstext, also die Angaben des Kunden zum Bestellvorgang, wird durch die Weinhandl &#8211; M\u00fchle OG gespeichert. Die Weinhandl &#8211; M\u00fchle OG sendet dem Kunden auch eine Bestellbest\u00e4tigung sowie eine Auftragsbest\u00e4tigung mit allen Bestelldaten an die vom Kunden angegebene E-Mail-Adresse. Diese Daten k\u00f6nnen auch gedruckt werden.&nbsp; &nbsp;<\/p>\n<p><b>9. R\u00dcCKTRITTSBELEHRUNG <\/b>(f\u00fcr die in \u00d6sterreich ans\u00e4ssigen Kunden)- BZW. <b>WIDERRUFSBELEHRUNG<\/b> (f\u00fcr die in Deutschland ans\u00e4ssigen Kunden)&nbsp;<\/p>\n<p>a) R\u00fccktritts- bzw. Widerrufsrecht<\/p>\n<p>Ist der Kunde Verbraucher, so kann er, sofern der Kunde in \u00d6sterreich ans\u00e4ssig ist ohne Angabe von Gr\u00fcnden unter den gesetzlichen Voraussetzungen von dem geschlossenen Vertrag zur\u00fccktreten bzw. sofern der Kunde in Deutschland ans\u00e4ssig ist durch Widerrufserkl\u00e4rung ohne Angabe von Gr\u00fcnden bewirken, dass er an seine abgegebene Vertragserkl\u00e4rung nicht mehr gebunden ist.<\/p>\n<p>b) Frist<\/p>\n<p>Bei Lieferung nach \u00d6sterreich betr\u00e4gt die Widerrufsfrist 7 Werktage, wobei der Samstag nicht als Werktag z\u00e4hlt. Wird nach Deutschland geliefert, so betr\u00e4gt die Frist 14 Tage.<\/p>\n<p>c) Fristbeginn&nbsp;<\/p>\n<p>Bei Lieferung nach \u00d6sterreich beginnt die Frist mit dem Tag des Eingangs der Ware beim Verbraucher an zu laufen. Sofern nach Deutschland geliefert wurde, beginnt die Frist nach Erhalt dieser Belehrung in Textform an zu laufen, jedoch nicht vor Eingang der Ware beim Empf\u00e4nger (bei wiederkehrenden Lieferung gleichartiger Waren nicht vor Eingang der ersten Teillieferung) und auch nicht vor Erf\u00fcllung unserer Informationspflichten gem. Art. 246 \u00a7 2 in Verbindung mit \u00a7 1 Abs. 1 und 2 EGBGB sowie unserer Pflichten gem. \u00a7 312b Abs. 1 S. 1 BGB in Verbindung mit Art. 246 \u00a7 3 EGBGB.<\/p>\n<p>d) Form<\/p>\n<p>Bei Lieferung nach \u00d6sterreich kann der R\u00fccktritt mittels E-Mail oder auch schriftlich erkl\u00e4rt werden.Bei Lieferung nach Deutschland ist der Widerruf in Textform zu erkl\u00e4ren, kann also insb. durch E-Mail, Fax oder per Brief erfolgen. Ist die Kaufsache dem Kunden vor Fristablauf \u00fcberlassen worden, so kann er den Widerruf auch durch R\u00fccksendung der Sache erkl\u00e4ren.<\/p>\n<p>e) Fristwahrung<\/p>\n<p>Die R\u00fccktritts- bzw. Widerrufsfrist ist gewahrt, wenn die R\u00fccktritts- bzw. Widerruferkl\u00e4rung oder die Sache innerhalb der o.g. Frist abgesendet wird.<\/p>\n<p>f) Adressat<\/p>\n<p><u><i>Die R\u00fccktritts- bzw. Widerrufserkl\u00e4rung ist zu richten an:<\/i><\/u><\/p>\n<p>Weinhandl &#8211; M\u00fchle OG&nbsp;<\/p>\n<p>Dirnbach 12<\/p>\n<p>A-8345 Straden<\/p>\n<p>Fax: +43 3473 8286 16<\/p>\n<p>E-Mail: office@weinhandl-muehle.at<\/p>\n<p>g) Widerrufsfolgen<\/p>\n<p>Im Falle eines wirksamen Widerrufs sind die beiderseits empfangenen Leistungen zur\u00fcck zu gew\u00e4hren und ggf. gezogene Nutzungen (z.B. Zinsen) herauszugeben. Kann uns der Kunde die empfangene Leistung sowie Nutzungen (z.B. Gebrauchsvorteile) nicht oder teilweise nicht oder nur in verschlechtertem Zustand zur\u00fcckgew\u00e4hren beziehungsweise herausgeben, muss der Kunde uns insoweit Wertersatz durch eine Zahlung von Geld leisten. F\u00fcr die Verschlechterung der Sache und f\u00fcr gezogene Nutzungen muss der Kunde Wertersatz nur leisten, soweit die Nutzungen oder die Verschlechterung auf einen Umgang mit der Sache zur\u00fcckzuf\u00fchren ist, der \u00fcber die Pr\u00fcfung der Eigenschaften und der Funktionsweise hinausgeht. Unter \u201cPr\u00fcfung der Eigenschaften und der Funktionsweise\u201d versteht man das Testen und Ausprobieren der jeweiligen Ware, wie es etwa im Ladengesch\u00e4ft m\u00f6glich und \u00fcblich ist. Paketversandf\u00e4hige Sachen sind auf unsere Gefahr zur\u00fcckzusenden. Falls nach Deutschland geliefert wurde, hat der Kunde die regelm\u00e4\u00dfigen Kosten der R\u00fccksendung zu tragen, wenn die gelieferte Ware der bestellten entspricht und wenn der Preis der zur\u00fcckzusendenden Sache einen Betrag von \u20ac 40,00 nicht \u00fcbersteigt oder wenn der Kunde bei einem h\u00f6heren Preis der Sache zum Zeitpunkt des Widerrufs noch nicht die Gegenleistung oder eine vertraglich vereinbarte Teilzahlung erbracht hat. Andernfalls ist die R\u00fccksendung f\u00fcr den Kunden kostenfrei. Nicht paketversandf\u00e4hige Sachen werden bei dem Kunden abgeholt. Verpflichtungen zur Erstattung von Zahlungen m\u00fcssen innerhalb von 30 Tagen erf\u00fcllt werden. Die Frist beginnt f\u00fcr den Kunden mit der Absendung seiner Widerrufserkl\u00e4rung oder der Sache, f\u00fcr uns mit deren Empfang.&nbsp;<\/p>\n<p><b>ENDE DER WIDERRUFSBELEHRUNG&nbsp;<\/b><\/p>\n<p><b>10. Haftungsausschluss<\/b><\/p>\n<p>a) Schadensersatzanspr\u00fcche des Kunden gegen\u00fcber der Musterfirma sind ausgeschlossen, soweit die Weinhandl &#8211; M\u00fchle OG oder ihre Erf\u00fcllungs- bzw. Verrichtungsgehilfen nicht vors\u00e4tzlich oder grob fahrl\u00e4ssig gehandelt haben.<\/p>\n<p>b) Unber\u00fchrt bleibt die Haftung soweit Sch\u00e4den an Leben, K\u00f6rper und Gesundheit betroffen sind, wesentliche Vertragspflichten verletzt sind, zugesicherte Eigenschaften fehlen oder soweit nach dem Produkthaftungsgesetz oder aus Verschulden bei Vertragsschluss oder wegen sonstiger Pflichtverletzungen oder deliktischer Anspr\u00fcche auf Ersatz von Sachsch\u00e4den zwingend gehaftet wird.<\/p>\n<p><b>11. Abtretungs- und Verpf\u00e4ndungsverbot<\/b><\/p>\n<p>Die Abtretung oder Verpf\u00e4ndung von dem Kunden gegen\u00fcber dem Anbieter zustehenden Anspr\u00fcchen oder Rechten ist ohne Zustimmung des Anbieters ausgeschlossen, sofern der Kunde nicht ein berechtigtes Interesse an der Abtretung oder Verpf\u00e4ndung nachweist.<\/p>\n<p><b>12. Aufrechnungsrecht<\/b><\/p>\n<p>Der Vertragspartner darf nur dann aufrechnen, wenn seine Forderung rechtskr\u00e4ftig festgestellt bzw. unbestritten ist.<\/p>\n<p><b>13. Datenschutz<\/b><\/p>\n<p>Bestimmungen zum Datenschutz sind in der Datenschutzerkl\u00e4rung enthalten.<\/p>\n<p><b>14. \u00c4nderung der Allgemeinen Gesch\u00e4ftsbedingungen \/ \u00c4nderungsvorbehalt<\/b><\/p>\n<p>Wir sind berechtigt diese Allgemeinen Gesch\u00e4ftsbedingungen einseitig zu \u00e4ndern, soweit dies zur Beseitigung nachtr\u00e4glich entstehender \u00c4quivalenzst\u00f6rungen oder zur Anpassung an ver\u00e4nderte gesetzliche oder technische Rahmenbedingungen notwendig ist. \u00dcber eine Anpassung werden wir den Kunden unter Mitteilung des Inhalts der ge\u00e4nderten Regelungen informieren. Die \u00c4nderung wird Vertragsbestandteil, wenn der Kunde nicht binnen sechs Wochen nach Zugang der \u00c4nderungsmitteilung der Einbeziehung in das Vertragsverh\u00e4ltnis und gegen\u00fcber in Schrift- oder Textform widerspricht.<\/p>\n<p><b>15. Salvatorische Klausel<\/b><\/p>\n<p>Falls eine Bestimmung dieser Allgemeinen Gesch\u00e4ftsbedingungen unwirksam sein sollte, wird die Wirksamkeit der \u00fcbrigen Bestimmungen davon nicht ber\u00fchrt.<\/p>\t\t\t\t\t\t\t\t<\/div>\n\t\t\t\t<\/div>\n\t\t\t\t\t<\/div>\n\t\t<\/div>\n\t\t\t\t\t<\/div>\n\t\t<\/section>\n\t\t\t\t<\/div>\n\t\t","protected":false},"excerpt":{"rendered":"<p>Allgemeine Gesch\u00e4ftsbedingungen der Weinhandl M\u00fchle OG 1. Allgemeine Bestimmungen Diese Allgemeinen Gesch\u00e4ftsbedingungen gelten f\u00fcr den Verkauf und die Lieferung durch&hellip;<\/p>\n","protected":false},"author":1,"featured_media":0,"parent":0,"menu_order":0,"comment_status":"closed","ping_status":"closed","template":"template-parts\/template-page-builders.php","meta":{"footnotes":""},"yoast_head":"<!-- This site is optimized with the Yoast SEO plugin v18.1 - https:\/\/yoast.com\/wordpress\/plugins\/seo\/ -->\n<title>AGB - Weinhandl M\u00fchle OG<\/title>\n<meta name=\"robots\" content=\"index, follow, max-snippet:-1, max-image-preview:large, max-video-preview:-1\" \/>\n<link rel=\"canonical\" href=\"https:\/\/weinhandl-muehle.at\/?page_id=779\" \/>\n<meta property=\"og:locale\" content=\"de_DE\" \/>\n<meta property=\"og:type\" content=\"article\" \/>\n<meta property=\"og:title\" content=\"AGB - Weinhandl M\u00fchle OG\" \/>\n<meta property=\"og:description\" content=\"Allgemeine Gesch\u00e4ftsbedingungen der Weinhandl M\u00fchle OG 1. Allgemeine Bestimmungen Diese Allgemeinen Gesch\u00e4ftsbedingungen gelten f\u00fcr den Verkauf und die Lieferung durch&hellip;\" \/>\n<meta property=\"og:url\" content=\"https:\/\/weinhandl-muehle.at\/?page_id=779\" \/>\n<meta property=\"og:site_name\" content=\"Weinhandl M\u00fchle OG\" \/>\n<meta property=\"article:publisher\" content=\"https:\/\/www.facebook.com\/WeinhandlmuehleOG\/\" \/>\n<meta property=\"article:modified_time\" content=\"2021-10-29T08:56:00+00:00\" \/>\n<meta name=\"twitter:card\" content=\"summary_large_image\" \/>\n<meta name=\"twitter:label1\" content=\"Gesch\u00e4tzte Lesezeit\" \/>\n\t<meta name=\"twitter:data1\" content=\"11 Minuten\" \/>\n<script type=\"application\/ld+json\" class=\"yoast-schema-graph\">{\"@context\":\"https:\/\/schema.org\",\"@graph\":[{\"@type\":\"Organization\",\"@id\":\"https:\/\/weinhandl-muehle.at\/#organization\",\"name\":\"Weinhandl M\u00fchle OG\",\"url\":\"https:\/\/weinhandl-muehle.at\/\",\"sameAs\":[\"https:\/\/www.facebook.com\/WeinhandlmuehleOG\/\"],\"logo\":{\"@type\":\"ImageObject\",\"@id\":\"https:\/\/weinhandl-muehle.at\/#logo\",\"inLanguage\":\"de-DE\",\"url\":\"https:\/\/weinhandl-muehle.at\/wp-content\/uploads\/2021\/09\/weinhandl-muehle_200.png\",\"contentUrl\":\"https:\/\/weinhandl-muehle.at\/wp-content\/uploads\/2021\/09\/weinhandl-muehle_200.png\",\"width\":243,\"height\":200,\"caption\":\"Weinhandl M\u00fchle OG\"},\"image\":{\"@id\":\"https:\/\/weinhandl-muehle.at\/#logo\"}},{\"@type\":\"WebSite\",\"@id\":\"https:\/\/weinhandl-muehle.at\/#website\",\"url\":\"https:\/\/weinhandl-muehle.at\/\",\"name\":\"Weinhandl M\u00fchle OG\",\"description\":\"in der S\u00fcdoststeiermark\",\"publisher\":{\"@id\":\"https:\/\/weinhandl-muehle.at\/#organization\"},\"potentialAction\":[{\"@type\":\"SearchAction\",\"target\":{\"@type\":\"EntryPoint\",\"urlTemplate\":\"https:\/\/weinhandl-muehle.at\/?s={search_term_string}\"},\"query-input\":\"required name=search_term_string\"}],\"inLanguage\":\"de-DE\"},{\"@type\":\"WebPage\",\"@id\":\"https:\/\/weinhandl-muehle.at\/?page_id=779#webpage\",\"url\":\"https:\/\/weinhandl-muehle.at\/?page_id=779\",\"name\":\"AGB - Weinhandl M\u00fchle OG\",\"isPartOf\":{\"@id\":\"https:\/\/weinhandl-muehle.at\/#website\"},\"datePublished\":\"2021-08-08T20:49:28+00:00\",\"dateModified\":\"2021-10-29T08:56:00+00:00\",\"breadcrumb\":{\"@id\":\"https:\/\/weinhandl-muehle.at\/?page_id=779#breadcrumb\"},\"inLanguage\":\"de-DE\",\"potentialAction\":[{\"@type\":\"ReadAction\",\"target\":[\"https:\/\/weinhandl-muehle.at\/?page_id=779\"]}]},{\"@type\":\"BreadcrumbList\",\"@id\":\"https:\/\/weinhandl-muehle.at\/?page_id=779#breadcrumb\",\"itemListElement\":[{\"@type\":\"ListItem\",\"position\":1,\"name\":\"Startseite\",\"item\":\"https:\/\/weinhandl-muehle.at\/\"},{\"@type\":\"ListItem\",\"position\":2,\"name\":\"AGB\"}]}]}<\/script>\n<!-- \/ Yoast SEO plugin. -->","yoast_head_json":{"title":"AGB - Weinhandl M\u00fchle OG","robots":{"index":"index","follow":"follow","max-snippet":"max-snippet:-1","max-image-preview":"max-image-preview:large","max-video-preview":"max-video-preview:-1"},"canonical":"https:\/\/weinhandl-muehle.at\/?page_id=779","og_locale":"de_DE","og_type":"article","og_title":"AGB - Weinhandl M\u00fchle OG","og_description":"Allgemeine Gesch\u00e4ftsbedingungen der Weinhandl M\u00fchle OG 1. Allgemeine Bestimmungen Diese Allgemeinen Gesch\u00e4ftsbedingungen gelten f\u00fcr den Verkauf und die Lieferung durch&hellip;","og_url":"https:\/\/weinhandl-muehle.at\/?page_id=779","og_site_name":"Weinhandl M\u00fchle OG","article_publisher":"https:\/\/www.facebook.com\/WeinhandlmuehleOG\/","article_modified_time":"2021-10-29T08:56:00+00:00","twitter_card":"summary_large_image","twitter_misc":{"Gesch\u00e4tzte Lesezeit":"11 Minuten"},"schema":{"@context":"https:\/\/schema.org","@graph":[{"@type":"Organization","@id":"https:\/\/weinhandl-muehle.at\/#organization","name":"Weinhandl M\u00fchle OG","url":"https:\/\/weinhandl-muehle.at\/","sameAs":["https:\/\/www.facebook.com\/WeinhandlmuehleOG\/"],"logo":{"@type":"ImageObject","@id":"https:\/\/weinhandl-muehle.at\/#logo","inLanguage":"de-DE","url":"https:\/\/weinhandl-muehle.at\/wp-content\/uploads\/2021\/09\/weinhandl-muehle_200.png","contentUrl":"https:\/\/weinhandl-muehle.at\/wp-content\/uploads\/2021\/09\/weinhandl-muehle_200.png","width":243,"height":200,"caption":"Weinhandl M\u00fchle OG"},"image":{"@id":"https:\/\/weinhandl-muehle.at\/#logo"}},{"@type":"WebSite","@id":"https:\/\/weinhandl-muehle.at\/#website","url":"https:\/\/weinhandl-muehle.at\/","name":"Weinhandl M\u00fchle OG","description":"in der S\u00fcdoststeiermark","publisher":{"@id":"https:\/\/weinhandl-muehle.at\/#organization"},"potentialAction":[{"@type":"SearchAction","target":{"@type":"EntryPoint","urlTemplate":"https:\/\/weinhandl-muehle.at\/?s={search_term_string}"},"query-input":"required name=search_term_string"}],"inLanguage":"de-DE"},{"@type":"WebPage","@id":"https:\/\/weinhandl-muehle.at\/?page_id=779#webpage","url":"https:\/\/weinhandl-muehle.at\/?page_id=779","name":"AGB - Weinhandl M\u00fchle OG","isPartOf":{"@id":"https:\/\/weinhandl-muehle.at\/#website"},"datePublished":"2021-08-08T20:49:28+00:00","dateModified":"2021-10-29T08:56:00+00:00","breadcrumb":{"@id":"https:\/\/weinhandl-muehle.at\/?page_id=779#breadcrumb"},"inLanguage":"de-DE","potentialAction":[{"@type":"ReadAction","target":["https:\/\/weinhandl-muehle.at\/?page_id=779"]}]},{"@type":"BreadcrumbList","@id":"https:\/\/weinhandl-muehle.at\/?page_id=779#breadcrumb","itemListElement":[{"@type":"ListItem","position":1,"name":"Startseite","item":"https:\/\/weinhandl-muehle.at\/"},{"@type":"ListItem","position":2,"name":"AGB"}]}]}},"_links":{"self":[{"href":"https:\/\/weinhandl-muehle.at\/index.php?rest_route=\/wp\/v2\/pages\/779"}],"collection":[{"href":"https:\/\/weinhandl-muehle.at\/index.php?rest_route=\/wp\/v2\/pages"}],"about":[{"href":"https:\/\/weinhandl-muehle.at\/index.php?rest_route=\/wp\/v2\/types\/page"}],"author":[{"embeddable":true,"href":"https:\/\/weinhandl-muehle.at\/index.php?rest_route=\/wp\/v2\/users\/1"}],"replies":[{"embeddable":true,"href":"https:\/\/weinhandl-muehle.at\/index.php?rest_route=%2Fwp%2Fv2%2Fcomments&post=779"}],"version-history":[{"count":23,"href":"https:\/\/weinhandl-muehle.at\/index.php?rest_route=\/wp\/v2\/pages\/779\/revisions"}],"predecessor-version":[{"id":2620,"href":"https:\/\/weinhandl-muehle.at\/index.php?rest_route=\/wp\/v2\/pages\/779\/revisions\/2620"}],"wp:attachment":[{"href":"https:\/\/weinhandl-muehle.at\/index.php?rest_route=%2Fwp%2Fv2%2Fmedia&parent=779"}],"curies":[{"name":"wp","href":"https:\/\/api.w.org\/{rel}","templated":true}]}}