{"id":778,"date":"2021-08-08T20:49:28","date_gmt":"2021-08-08T20:49:28","guid":{"rendered":"http:\/\/oel.fz325nap.at.edis.global\/?page_id=778"},"modified":"2024-02-03T09:38:02","modified_gmt":"2024-02-03T08:38:02","slug":"impressum","status":"publish","type":"page","link":"https:\/\/weinhandl-muehle.at\/?page_id=778","title":{"rendered":"Impressum"},"content":{"rendered":"\t\t<div data-elementor-type=\"wp-page\" data-elementor-id=\"778\" class=\"elementor elementor-778\" data-elementor-post-type=\"page\">\n\t\t\t\t\t\t<section class=\"elementor-section elementor-top-section elementor-element elementor-element-62cad78 elementor-section-boxed elementor-section-height-default elementor-section-height-default\" data-id=\"62cad78\" data-element_type=\"section\">\n\t\t\t\t\t\t<div class=\"elementor-container elementor-column-gap-default\">\n\t\t\t\t\t<div class=\"elementor-column elementor-col-100 elementor-top-column elementor-element elementor-element-891595e\" data-id=\"891595e\" data-element_type=\"column\">\n\t\t\t<div class=\"elementor-widget-wrap elementor-element-populated\">\n\t\t\t\t\t\t<div class=\"elementor-element elementor-element-09d75c3 elementor-widget elementor-widget-heading\" data-id=\"09d75c3\" data-element_type=\"widget\" data-widget_type=\"heading.default\">\n\t\t\t\t<div class=\"elementor-widget-container\">\n\t\t\t\t\t<h2 class=\"elementor-heading-title elementor-size-default\">Impressum<\/h2>\t\t\t\t<\/div>\n\t\t\t\t<\/div>\n\t\t\t\t\t<\/div>\n\t\t<\/div>\n\t\t\t\t\t<\/div>\n\t\t<\/section>\n\t\t\t\t<section class=\"elementor-section elementor-top-section elementor-element elementor-element-68a4207 elementor-section-boxed elementor-section-height-default elementor-section-height-default\" data-id=\"68a4207\" data-element_type=\"section\">\n\t\t\t\t\t\t<div class=\"elementor-container elementor-column-gap-default\">\n\t\t\t\t\t<div class=\"elementor-column elementor-col-100 elementor-top-column elementor-element elementor-element-cbb7a66\" data-id=\"cbb7a66\" data-element_type=\"column\">\n\t\t\t<div class=\"elementor-widget-wrap elementor-element-populated\">\n\t\t\t\t\t\t<div class=\"elementor-element elementor-element-a1a1ae0 elementor-widget elementor-widget-text-editor\" data-id=\"a1a1ae0\" data-element_type=\"widget\" data-widget_type=\"text-editor.default\">\n\t\t\t\t<div class=\"elementor-widget-container\">\n\t\t\t\t\t\t\t\t\t<p><strong>Weinhandl &#8211; M\u00fchle OG<\/strong><br>\u00d6lpresse &#8211; Getreidem\u00fchle &#8211; M\u00fchlenladen<br>Dirnbach 12<br>8345 Straden<br>Telefon: +43 3473 8286-0<br>Fax: +43 3473 8286-16<br>E-Mail:&nbsp;<a href=\"mailto:office@weinhandl-muehle.at\" data-action=\"click\" data-category=\"E-Mail\" data-label=\"YP:448848\">office@weinhandl-muehle.at<\/a><\/p>\n<p><strong>UID-Nr<\/strong>: ATU27490907<br><strong>Firmenbuchnummer<\/strong>: 346565f<br><strong>Firmengericht<\/strong>: Landesgericht f\u00fcr ZRS Graz<br><strong>Beh\u00f6rde gem. ECG<\/strong> (E-Commerce Gesetz):&nbsp;Bezirkshauptmannschaft S\u00fcdoststeiermark<br><strong>GLN<\/strong> (der \u00f6ffentlichen Verwaltung) 9110017610008&nbsp;&nbsp;&nbsp;&nbsp;&nbsp;&nbsp;&nbsp;&nbsp;&nbsp;&nbsp;&nbsp;&nbsp;&nbsp;&nbsp;&nbsp;&nbsp;&nbsp;&nbsp;&nbsp;&nbsp;&nbsp;&nbsp;&nbsp;&nbsp;&nbsp;&nbsp;&nbsp;&nbsp;&nbsp;&nbsp;&nbsp;&nbsp;&nbsp;&nbsp;&nbsp;&nbsp;&nbsp;&nbsp;&nbsp;&nbsp;&nbsp;&nbsp;&nbsp;&nbsp;&nbsp;&nbsp;&nbsp;&nbsp;&nbsp;&nbsp;&nbsp;&nbsp;&nbsp;&nbsp;&nbsp;&nbsp;&nbsp;&nbsp;&nbsp;&nbsp;&nbsp;&nbsp;&nbsp;&nbsp;&nbsp;&nbsp;&nbsp;&nbsp;&nbsp;&nbsp;&nbsp;&nbsp;&nbsp;&nbsp;&nbsp;&nbsp;&nbsp;&nbsp;&nbsp;&nbsp;&nbsp;&nbsp;&nbsp;&nbsp;&nbsp;&nbsp;&nbsp;&nbsp;&nbsp;&nbsp;&nbsp;&nbsp;&nbsp;&nbsp;&nbsp;&nbsp;&nbsp;&nbsp;&nbsp;&nbsp;&nbsp;&nbsp;&nbsp;&nbsp;&nbsp;&nbsp;&nbsp;&nbsp;&nbsp;&nbsp;&nbsp;&nbsp;&nbsp;&nbsp;&nbsp;&nbsp;&nbsp;&nbsp;&nbsp;&nbsp;&nbsp;&nbsp;&nbsp;&nbsp; <b>Biokontrollnummer:<\/b> AT-BIO-402<br><strong>Gewerbeordnung<\/strong>: www.ris.bka.gv.at<br><strong>Verbraucher<\/strong> haben die M\u00f6glichkeit, Beschwerden an die Online Streitbeilegungsplattform der EU zu richten: http:\/\/ec.europa.eu\/odr.<br>Sie k\u00f6nnen allf\u00e4llige Beschwerde auch an die oben angegebene E-Mail-Adresse richten.<br><strong>Fotografie: <\/strong>derFlor ::&nbsp;<a href=\"https:\/\/www.derflor.at\/\" target=\"_blank\" rel=\"noopener\">derflor.at<\/a><br><strong style=\"letter-spacing: 0px\">Copyright<\/strong><span style=\"letter-spacing: 0px\">:&nbsp;Diese Website und alle darauf befindlichen Inhalte sind urheberrechtlich gesch\u00fctzt. S\u00e4mtliche Inhalte dieser Website, wie beispielsweise Grafiken, <b>Bilder<\/b>, <b>Texte<\/b>, <b>Videomaterial <\/b>etc., d\u00fcrfen ohne ausdr\u00fcckliche Zustimmung des Betreibers nicht, in welcher Form auch immer, weiterverwendet werden.<br><\/span><b style=\"letter-spacing: 0px\">Technische Umsetzung der Homepage<\/b><span style=\"letter-spacing: 0px\">: <\/span><a style=\"background-color: #ffffff;letter-spacing: 0px\" href=\"http:\/\/www.hoedl.info\" target=\"_blank\" rel=\"noopener\">EDV H\u00f6dl<\/a><br><strong style=\"letter-spacing: 0px\">Haftungsausschluss<\/strong><span style=\"letter-spacing: 0px\">:&nbsp;Der Betreiber \u00fcbernimmt keinerlei Gew\u00e4hr f\u00fcr die Aktualit\u00e4t, Richtigkeit, Vollst\u00e4ndigkeit, Verf\u00fcgbarkeit und Qualit\u00e4t der auf dieser Website zur Verf\u00fcgung gestellten Informationen. Es wird keine Haftung f\u00fcr unmittelbare oder mittelbare Sch\u00e4den, die aus der Verwendung oder durch den Zugriff auf diese Webseite resultieren, unabh\u00e4ngig von den Ursachen, \u00fcbernommen.&nbsp;<\/span><span style=\"letter-spacing: 0px\">Der Betreiber dieser Website beh\u00e4lt sich das Recht vor, jederzeit, also ohne Vorank\u00fcndigung, die Informationen auf dieser Website zu ver\u00e4ndern. Eine Pflicht zur Aktualisierung der auf dieser Website enthaltenen Informationen besteht nicht.&nbsp;<br><\/span><span style=\"letter-spacing: 0px\">Hinsichtlich Links auf externe Websites Dritter hat der Betreiber keinen Einfluss auf die Inhalte dieser verlinkten Websites. Eine Verlinkung auf externe Websites, bedeutet nicht automatisch, dass der Betreiber den Inhalt der betreffenden Website guthei\u00dft. F\u00fcr die Richtigkeit der Inhalte ist ausschlie\u00dflich der jeweilige Anbieter oder Betreiber verantwortlich. Der Betreiber \u00fcbernimmt daher keinerlei Haftung und\/oder Gew\u00e4hrleistung f\u00fcr solche externe Websites.<\/span><\/p>\n<p><a href=\"https:\/\/firmen.wko.at\/weinhandl---m%c3%bchle-og\/steiermark\/?firmaid=603f719f-1b68-481d-a48d-5c3f809f9964&amp;standortid=0&amp;suchbegriff=weinhandl+og&amp;page=1\" target=\"_blank\" rel=\"noopener\">Weitere Informationen<\/a><\/p>\t\t\t\t\t\t\t\t<\/div>\n\t\t\t\t<\/div>\n\t\t\t\t\t<\/div>\n\t\t<\/div>\n\t\t\t\t\t<\/div>\n\t\t<\/section>\n\t\t\t\t<\/div>\n\t\t","protected":false},"excerpt":{"rendered":"<p>Impressum Weinhandl &#8211; M\u00fchle OG\u00d6lpresse &#8211; Getreidem\u00fchle &#8211; M\u00fchlenladenDirnbach 128345 StradenTelefon: +43 3473 8286-0Fax: +43 3473 8286-16E-Mail:&nbsp;office@weinhandl-muehle.at UID-Nr: ATU27490907Firmenbuchnummer: 346565fFirmengericht:&hellip;<\/p>\n","protected":false},"author":1,"featured_media":0,"parent":0,"menu_order":0,"comment_status":"closed","ping_status":"closed","template":"template-parts\/template-page-builders.php","meta":{"footnotes":""},"yoast_head":"<!-- This site is optimized with the Yoast SEO plugin v18.1 - https:\/\/yoast.com\/wordpress\/plugins\/seo\/ -->\n<title>Impressum - Weinhandl M\u00fchle OG<\/title>\n<meta name=\"robots\" content=\"index, follow, max-snippet:-1, max-image-preview:large, max-video-preview:-1\" \/>\n<link rel=\"canonical\" href=\"https:\/\/weinhandl-muehle.at\/?page_id=778\" \/>\n<meta property=\"og:locale\" content=\"de_DE\" \/>\n<meta property=\"og:type\" content=\"article\" \/>\n<meta property=\"og:title\" content=\"Impressum - Weinhandl M\u00fchle OG\" \/>\n<meta property=\"og:description\" content=\"Impressum Weinhandl &#8211; M\u00fchle OG\u00d6lpresse &#8211; Getreidem\u00fchle &#8211; M\u00fchlenladenDirnbach 128345 StradenTelefon: +43 3473 8286-0Fax: +43 3473 8286-16E-Mail:&nbsp;office@weinhandl-muehle.at UID-Nr: ATU27490907Firmenbuchnummer: 346565fFirmengericht:&hellip;\" \/>\n<meta property=\"og:url\" content=\"https:\/\/weinhandl-muehle.at\/?page_id=778\" \/>\n<meta property=\"og:site_name\" content=\"Weinhandl M\u00fchle OG\" \/>\n<meta property=\"article:publisher\" content=\"https:\/\/www.facebook.com\/WeinhandlmuehleOG\/\" \/>\n<meta property=\"article:modified_time\" content=\"2024-02-03T08:38:02+00:00\" \/>\n<meta name=\"twitter:card\" content=\"summary_large_image\" \/>\n<meta name=\"twitter:label1\" content=\"Gesch\u00e4tzte Lesezeit\" \/>\n\t<meta name=\"twitter:data1\" content=\"2 Minuten\" \/>\n<script type=\"application\/ld+json\" class=\"yoast-schema-graph\">{\"@context\":\"https:\/\/schema.org\",\"@graph\":[{\"@type\":\"Organization\",\"@id\":\"https:\/\/weinhandl-muehle.at\/#organization\",\"name\":\"Weinhandl M\u00fchle OG\",\"url\":\"https:\/\/weinhandl-muehle.at\/\",\"sameAs\":[\"https:\/\/www.facebook.com\/WeinhandlmuehleOG\/\"],\"logo\":{\"@type\":\"ImageObject\",\"@id\":\"https:\/\/weinhandl-muehle.at\/#logo\",\"inLanguage\":\"de-DE\",\"url\":\"https:\/\/weinhandl-muehle.at\/wp-content\/uploads\/2021\/09\/weinhandl-muehle_200.png\",\"contentUrl\":\"https:\/\/weinhandl-muehle.at\/wp-content\/uploads\/2021\/09\/weinhandl-muehle_200.png\",\"width\":243,\"height\":200,\"caption\":\"Weinhandl M\u00fchle OG\"},\"image\":{\"@id\":\"https:\/\/weinhandl-muehle.at\/#logo\"}},{\"@type\":\"WebSite\",\"@id\":\"https:\/\/weinhandl-muehle.at\/#website\",\"url\":\"https:\/\/weinhandl-muehle.at\/\",\"name\":\"Weinhandl M\u00fchle OG\",\"description\":\"in der S\u00fcdoststeiermark\",\"publisher\":{\"@id\":\"https:\/\/weinhandl-muehle.at\/#organization\"},\"potentialAction\":[{\"@type\":\"SearchAction\",\"target\":{\"@type\":\"EntryPoint\",\"urlTemplate\":\"https:\/\/weinhandl-muehle.at\/?s={search_term_string}\"},\"query-input\":\"required name=search_term_string\"}],\"inLanguage\":\"de-DE\"},{\"@type\":\"WebPage\",\"@id\":\"https:\/\/weinhandl-muehle.at\/?page_id=778#webpage\",\"url\":\"https:\/\/weinhandl-muehle.at\/?page_id=778\",\"name\":\"Impressum - Weinhandl M\u00fchle OG\",\"isPartOf\":{\"@id\":\"https:\/\/weinhandl-muehle.at\/#website\"},\"datePublished\":\"2021-08-08T20:49:28+00:00\",\"dateModified\":\"2024-02-03T08:38:02+00:00\",\"breadcrumb\":{\"@id\":\"https:\/\/weinhandl-muehle.at\/?page_id=778#breadcrumb\"},\"inLanguage\":\"de-DE\",\"potentialAction\":[{\"@type\":\"ReadAction\",\"target\":[\"https:\/\/weinhandl-muehle.at\/?page_id=778\"]}]},{\"@type\":\"BreadcrumbList\",\"@id\":\"https:\/\/weinhandl-muehle.at\/?page_id=778#breadcrumb\",\"itemListElement\":[{\"@type\":\"ListItem\",\"position\":1,\"name\":\"Startseite\",\"item\":\"https:\/\/weinhandl-muehle.at\/\"},{\"@type\":\"ListItem\",\"position\":2,\"name\":\"Impressum\"}]}]}<\/script>\n<!-- \/ Yoast SEO plugin. -->","yoast_head_json":{"title":"Impressum - Weinhandl M\u00fchle OG","robots":{"index":"index","follow":"follow","max-snippet":"max-snippet:-1","max-image-preview":"max-image-preview:large","max-video-preview":"max-video-preview:-1"},"canonical":"https:\/\/weinhandl-muehle.at\/?page_id=778","og_locale":"de_DE","og_type":"article","og_title":"Impressum - Weinhandl M\u00fchle OG","og_description":"Impressum Weinhandl &#8211; M\u00fchle OG\u00d6lpresse &#8211; Getreidem\u00fchle &#8211; M\u00fchlenladenDirnbach 128345 StradenTelefon: +43 3473 8286-0Fax: +43 3473 8286-16E-Mail:&nbsp;office@weinhandl-muehle.at UID-Nr: ATU27490907Firmenbuchnummer: 346565fFirmengericht:&hellip;","og_url":"https:\/\/weinhandl-muehle.at\/?page_id=778","og_site_name":"Weinhandl M\u00fchle OG","article_publisher":"https:\/\/www.facebook.com\/WeinhandlmuehleOG\/","article_modified_time":"2024-02-03T08:38:02+00:00","twitter_card":"summary_large_image","twitter_misc":{"Gesch\u00e4tzte Lesezeit":"2 Minuten"},"schema":{"@context":"https:\/\/schema.org","@graph":[{"@type":"Organization","@id":"https:\/\/weinhandl-muehle.at\/#organization","name":"Weinhandl M\u00fchle OG","url":"https:\/\/weinhandl-muehle.at\/","sameAs":["https:\/\/www.facebook.com\/WeinhandlmuehleOG\/"],"logo":{"@type":"ImageObject","@id":"https:\/\/weinhandl-muehle.at\/#logo","inLanguage":"de-DE","url":"https:\/\/weinhandl-muehle.at\/wp-content\/uploads\/2021\/09\/weinhandl-muehle_200.png","contentUrl":"https:\/\/weinhandl-muehle.at\/wp-content\/uploads\/2021\/09\/weinhandl-muehle_200.png","width":243,"height":200,"caption":"Weinhandl M\u00fchle OG"},"image":{"@id":"https:\/\/weinhandl-muehle.at\/#logo"}},{"@type":"WebSite","@id":"https:\/\/weinhandl-muehle.at\/#website","url":"https:\/\/weinhandl-muehle.at\/","name":"Weinhandl M\u00fchle OG","description":"in der S\u00fcdoststeiermark","publisher":{"@id":"https:\/\/weinhandl-muehle.at\/#organization"},"potentialAction":[{"@type":"SearchAction","target":{"@type":"EntryPoint","urlTemplate":"https:\/\/weinhandl-muehle.at\/?s={search_term_string}"},"query-input":"required name=search_term_string"}],"inLanguage":"de-DE"},{"@type":"WebPage","@id":"https:\/\/weinhandl-muehle.at\/?page_id=778#webpage","url":"https:\/\/weinhandl-muehle.at\/?page_id=778","name":"Impressum - Weinhandl M\u00fchle OG","isPartOf":{"@id":"https:\/\/weinhandl-muehle.at\/#website"},"datePublished":"2021-08-08T20:49:28+00:00","dateModified":"2024-02-03T08:38:02+00:00","breadcrumb":{"@id":"https:\/\/weinhandl-muehle.at\/?page_id=778#breadcrumb"},"inLanguage":"de-DE","potentialAction":[{"@type":"ReadAction","target":["https:\/\/weinhandl-muehle.at\/?page_id=778"]}]},{"@type":"BreadcrumbList","@id":"https:\/\/weinhandl-muehle.at\/?page_id=778#breadcrumb","itemListElement":[{"@type":"ListItem","position":1,"name":"Startseite","item":"https:\/\/weinhandl-muehle.at\/"},{"@type":"ListItem","position":2,"name":"Impressum"}]}]}},"_links":{"self":[{"href":"https:\/\/weinhandl-muehle.at\/index.php?rest_route=\/wp\/v2\/pages\/778"}],"collection":[{"href":"https:\/\/weinhandl-muehle.at\/index.php?rest_route=\/wp\/v2\/pages"}],"about":[{"href":"https:\/\/weinhandl-muehle.at\/index.php?rest_route=\/wp\/v2\/types\/page"}],"author":[{"embeddable":true,"href":"https:\/\/weinhandl-muehle.at\/index.php?rest_route=\/wp\/v2\/users\/1"}],"replies":[{"embeddable":true,"href":"https:\/\/weinhandl-muehle.at\/index.php?rest_route=%2Fwp%2Fv2%2Fcomments&post=778"}],"version-history":[{"count":44,"href":"https:\/\/weinhandl-muehle.at\/index.php?rest_route=\/wp\/v2\/pages\/778\/revisions"}],"predecessor-version":[{"id":4204,"href":"https:\/\/weinhandl-muehle.at\/index.php?rest_route=\/wp\/v2\/pages\/778\/revisions\/4204"}],"wp:attachment":[{"href":"https:\/\/weinhandl-muehle.at\/index.php?rest_route=%2Fwp%2Fv2%2Fmedia&parent=778"}],"curies":[{"name":"wp","href":"https:\/\/api.w.org\/{rel}","templated":true}]}}