{"id":1347,"date":"2021-08-28T18:28:37","date_gmt":"2021-08-28T18:28:37","guid":{"rendered":"http:\/\/oel.fz325nap.at.edis.global\/?page_id=1347"},"modified":"2021-10-28T19:19:27","modified_gmt":"2021-10-28T17:19:27","slug":"sortiment","status":"publish","type":"page","link":"https:\/\/weinhandl-muehle.at\/?page_id=1347","title":{"rendered":"Sortiment"},"content":{"rendered":"\t\t<div data-elementor-type=\"wp-page\" data-elementor-id=\"1347\" class=\"elementor elementor-1347\" data-elementor-post-type=\"page\">\n\t\t\t\t\t\t<section class=\"elementor-section elementor-top-section elementor-element elementor-element-bae2f58 elementor-section-boxed elementor-section-height-default elementor-section-height-default\" data-id=\"bae2f58\" data-element_type=\"section\" data-settings=\"{&quot;background_background&quot;:&quot;classic&quot;}\">\n\t\t\t\t\t\t<div class=\"elementor-container elementor-column-gap-default\">\n\t\t\t\t\t<div class=\"elementor-column elementor-col-100 elementor-top-column elementor-element elementor-element-aa2f65d\" data-id=\"aa2f65d\" data-element_type=\"column\">\n\t\t\t<div class=\"elementor-widget-wrap elementor-element-populated\">\n\t\t\t\t\t\t<div class=\"elementor-element elementor-element-dd38f79 elementor-widget elementor-widget-gallery\" data-id=\"dd38f79\" data-element_type=\"widget\" data-settings=\"{&quot;overlay_description&quot;:&quot;description&quot;,&quot;aspect_ratio&quot;:&quot;1:1&quot;,&quot;gallery_layout&quot;:&quot;grid&quot;,&quot;columns&quot;:4,&quot;columns_tablet&quot;:2,&quot;columns_mobile&quot;:1,&quot;gap&quot;:{&quot;unit&quot;:&quot;px&quot;,&quot;size&quot;:10,&quot;sizes&quot;:[]},&quot;gap_tablet&quot;:{&quot;unit&quot;:&quot;px&quot;,&quot;size&quot;:10,&quot;sizes&quot;:[]},&quot;gap_mobile&quot;:{&quot;unit&quot;:&quot;px&quot;,&quot;size&quot;:10,&quot;sizes&quot;:[]},&quot;link_to&quot;:&quot;file&quot;,&quot;content_hover_animation&quot;:&quot;fade-in&quot;}\" data-widget_type=\"gallery.default\">\n\t\t\t\t<div class=\"elementor-widget-container\">\n\t\t\t\t\t\t\t<div class=\"elementor-gallery__container\">\n\t\t\t\t\t\t\t<a class=\"e-gallery-item elementor-gallery-item elementor-animated-content\" href=\"https:\/\/weinhandl-muehle.at\/wp-content\/uploads\/2021\/10\/muehlenladen01.jpg\" data-elementor-open-lightbox=\"yes\" data-elementor-lightbox-slideshow=\"dd38f79\" data-elementor-lightbox-title=\"M\u00fchlenladen\" data-elementor-lightbox-description=\"Unser M\u00fchlenladen mit dem umfangreichen Sortiment\" data-e-action-hash=\"#elementor-action%3Aaction%3Dlightbox%26settings%3DeyJpZCI6MjIyNCwidXJsIjoiaHR0cHM6XC9cL3dlaW5oYW5kbC1tdWVobGUuYXRcL3dwLWNvbnRlbnRcL3VwbG9hZHNcLzIwMjFcLzEwXC9tdWVobGVubGFkZW4wMS5qcGciLCJzbGlkZXNob3ciOiJkZDM4Zjc5In0%3D\">\n\t\t\t\t\t<div class=\"e-gallery-image elementor-gallery-item__image\" data-thumbnail=\"https:\/\/weinhandl-muehle.at\/wp-content\/uploads\/2021\/10\/muehlenladen01-1024x683.jpg\" data-width=\"1024\" data-height=\"683\" aria-label=\"\" role=\"img\" ><\/div>\n\t\t\t\t\t\t\t\t\t\t\t\t\t\t\t<div class=\"elementor-gallery-item__content\">\n\t\t\t\t\t\t\t\t\t\t\t\t\t\t<div class=\"elementor-gallery-item__description\">\n\t\t\t\t\t\t\t\t\t\t\t\t\t\t\t\t\t\tUnser M\u00fchlenladen mit dem umfangreichen Sortiment\t\t\t\t\t\t\t\t<\/div>\n\t\t\t\t\t\t\t\t\t\t\t\t<\/div>\n\t\t\t\t\t\t\t\t\t<\/a>\n\t\t\t\t\t\t\t<a class=\"e-gallery-item elementor-gallery-item elementor-animated-content\" href=\"https:\/\/weinhandl-muehle.at\/wp-content\/uploads\/2021\/10\/muehlenladen02.jpg\" data-elementor-open-lightbox=\"yes\" data-elementor-lightbox-slideshow=\"dd38f79\" data-elementor-lightbox-title=\"M\u00fchlenladen\" data-elementor-lightbox-description=\"\u00fcbersichtlich angeordnet\" data-e-action-hash=\"#elementor-action%3Aaction%3Dlightbox%26settings%3DeyJpZCI6MjIyNSwidXJsIjoiaHR0cHM6XC9cL3dlaW5oYW5kbC1tdWVobGUuYXRcL3dwLWNvbnRlbnRcL3VwbG9hZHNcLzIwMjFcLzEwXC9tdWVobGVubGFkZW4wMi5qcGciLCJzbGlkZXNob3ciOiJkZDM4Zjc5In0%3D\">\n\t\t\t\t\t<div class=\"e-gallery-image elementor-gallery-item__image\" data-thumbnail=\"https:\/\/weinhandl-muehle.at\/wp-content\/uploads\/2021\/10\/muehlenladen02-1024x683.jpg\" data-width=\"1024\" data-height=\"683\" aria-label=\"\" role=\"img\" ><\/div>\n\t\t\t\t\t\t\t\t\t\t\t\t\t\t\t<div class=\"elementor-gallery-item__content\">\n\t\t\t\t\t\t\t\t\t\t\t\t\t\t<div class=\"elementor-gallery-item__description\">\n\t\t\t\t\t\t\t\t\t\t\t\t\t\t\t\t\t\t\u00fcbersichtlich angeordnet\t\t\t\t\t\t\t\t<\/div>\n\t\t\t\t\t\t\t\t\t\t\t\t<\/div>\n\t\t\t\t\t\t\t\t\t<\/a>\n\t\t\t\t\t\t\t<a class=\"e-gallery-item elementor-gallery-item elementor-animated-content\" href=\"https:\/\/weinhandl-muehle.at\/wp-content\/uploads\/2021\/10\/muehlenladen03.jpg\" data-elementor-open-lightbox=\"yes\" data-elementor-lightbox-slideshow=\"dd38f79\" data-elementor-lightbox-title=\"Muehlenladen\" data-elementor-lightbox-description=\"und einer gro\u00dfen Auswahl\" data-e-action-hash=\"#elementor-action%3Aaction%3Dlightbox%26settings%3DeyJpZCI6MjIyNiwidXJsIjoiaHR0cHM6XC9cL3dlaW5oYW5kbC1tdWVobGUuYXRcL3dwLWNvbnRlbnRcL3VwbG9hZHNcLzIwMjFcLzEwXC9tdWVobGVubGFkZW4wMy5qcGciLCJzbGlkZXNob3ciOiJkZDM4Zjc5In0%3D\">\n\t\t\t\t\t<div class=\"e-gallery-image elementor-gallery-item__image\" data-thumbnail=\"https:\/\/weinhandl-muehle.at\/wp-content\/uploads\/2021\/10\/muehlenladen03-1024x683.jpg\" data-width=\"1024\" data-height=\"683\" aria-label=\"\" role=\"img\" ><\/div>\n\t\t\t\t\t\t\t\t\t\t\t\t\t\t\t<div class=\"elementor-gallery-item__content\">\n\t\t\t\t\t\t\t\t\t\t\t\t\t\t<div class=\"elementor-gallery-item__description\">\n\t\t\t\t\t\t\t\t\t\t\t\t\t\t\t\t\t\tund einer gro\u00dfen Auswahl\t\t\t\t\t\t\t\t<\/div>\n\t\t\t\t\t\t\t\t\t\t\t\t<\/div>\n\t\t\t\t\t\t\t\t\t<\/a>\n\t\t\t\t\t\t\t<a class=\"e-gallery-item elementor-gallery-item elementor-animated-content\" href=\"https:\/\/weinhandl-muehle.at\/wp-content\/uploads\/2021\/10\/muehlenladen04.jpg\" data-elementor-open-lightbox=\"yes\" data-elementor-lightbox-slideshow=\"dd38f79\" data-elementor-lightbox-title=\"Muehlenladen\" data-elementor-lightbox-description=\"k\u00f6stlich verpackt\" data-e-action-hash=\"#elementor-action%3Aaction%3Dlightbox%26settings%3DeyJpZCI6MjIyNywidXJsIjoiaHR0cHM6XC9cL3dlaW5oYW5kbC1tdWVobGUuYXRcL3dwLWNvbnRlbnRcL3VwbG9hZHNcLzIwMjFcLzEwXC9tdWVobGVubGFkZW4wNC5qcGciLCJzbGlkZXNob3ciOiJkZDM4Zjc5In0%3D\">\n\t\t\t\t\t<div class=\"e-gallery-image elementor-gallery-item__image\" data-thumbnail=\"https:\/\/weinhandl-muehle.at\/wp-content\/uploads\/2021\/10\/muehlenladen04-1024x683.jpg\" data-width=\"1024\" data-height=\"683\" aria-label=\"\" role=\"img\" ><\/div>\n\t\t\t\t\t\t\t\t\t\t\t\t\t\t\t<div class=\"elementor-gallery-item__content\">\n\t\t\t\t\t\t\t\t\t\t\t\t\t\t<div class=\"elementor-gallery-item__description\">\n\t\t\t\t\t\t\t\t\t\t\t\t\t\t\t\t\t\tk\u00f6stlich verpackt\t\t\t\t\t\t\t\t<\/div>\n\t\t\t\t\t\t\t\t\t\t\t\t<\/div>\n\t\t\t\t\t\t\t\t\t<\/a>\n\t\t\t\t\t\t\t<a class=\"e-gallery-item elementor-gallery-item elementor-animated-content\" href=\"https:\/\/weinhandl-muehle.at\/wp-content\/uploads\/2021\/10\/muehlenladen05a.jpg\" data-elementor-open-lightbox=\"yes\" data-elementor-lightbox-slideshow=\"dd38f79\" data-elementor-lightbox-title=\"muehlenladen05a\" data-e-action-hash=\"#elementor-action%3Aaction%3Dlightbox%26settings%3DeyJpZCI6MjQ0NiwidXJsIjoiaHR0cHM6XC9cL3dlaW5oYW5kbC1tdWVobGUuYXRcL3dwLWNvbnRlbnRcL3VwbG9hZHNcLzIwMjFcLzEwXC9tdWVobGVubGFkZW4wNWEuanBnIiwic2xpZGVzaG93IjoiZGQzOGY3OSJ9\">\n\t\t\t\t\t<div class=\"e-gallery-image elementor-gallery-item__image\" data-thumbnail=\"https:\/\/weinhandl-muehle.at\/wp-content\/uploads\/2021\/10\/muehlenladen05a.jpg\" data-width=\"600\" data-height=\"900\" aria-label=\"\" role=\"img\" ><\/div>\n\t\t\t\t\t\t\t\t\t\t\t\t\t\t\t<div class=\"elementor-gallery-item__content\">\n\t\t\t\t\t\t\t\t\t\t\t<\/div>\n\t\t\t\t\t\t\t\t\t<\/a>\n\t\t\t\t\t\t\t<a class=\"e-gallery-item elementor-gallery-item elementor-animated-content\" href=\"https:\/\/weinhandl-muehle.at\/wp-content\/uploads\/2021\/10\/muehlenladen06.jpg\" data-elementor-open-lightbox=\"yes\" data-elementor-lightbox-slideshow=\"dd38f79\" data-elementor-lightbox-title=\"Muehlenladen\" data-elementor-lightbox-description=\"Kern\u00f6l g.g.A und Essig\" data-e-action-hash=\"#elementor-action%3Aaction%3Dlightbox%26settings%3DeyJpZCI6MjI1MSwidXJsIjoiaHR0cHM6XC9cL3dlaW5oYW5kbC1tdWVobGUuYXRcL3dwLWNvbnRlbnRcL3VwbG9hZHNcLzIwMjFcLzEwXC9tdWVobGVubGFkZW4wNi5qcGciLCJzbGlkZXNob3ciOiJkZDM4Zjc5In0%3D\">\n\t\t\t\t\t<div class=\"e-gallery-image elementor-gallery-item__image\" data-thumbnail=\"https:\/\/weinhandl-muehle.at\/wp-content\/uploads\/2021\/10\/muehlenladen06.jpg\" data-width=\"600\" data-height=\"900\" aria-label=\"\" role=\"img\" ><\/div>\n\t\t\t\t\t\t\t\t\t\t\t\t\t\t\t<div class=\"elementor-gallery-item__content\">\n\t\t\t\t\t\t\t\t\t\t\t\t\t\t<div class=\"elementor-gallery-item__description\">\n\t\t\t\t\t\t\t\t\t\t\t\t\t\t\t\t\t\tKern\u00f6l g.g.A und Essig\t\t\t\t\t\t\t\t<\/div>\n\t\t\t\t\t\t\t\t\t\t\t\t<\/div>\n\t\t\t\t\t\t\t\t\t<\/a>\n\t\t\t\t\t\t\t<a class=\"e-gallery-item elementor-gallery-item elementor-animated-content\" href=\"https:\/\/weinhandl-muehle.at\/wp-content\/uploads\/2021\/10\/muehlenladen07.jpg\" data-elementor-open-lightbox=\"yes\" data-elementor-lightbox-slideshow=\"dd38f79\" data-elementor-lightbox-title=\"Muehlenladen\" data-elementor-lightbox-description=\"Mehle\" data-e-action-hash=\"#elementor-action%3Aaction%3Dlightbox%26settings%3DeyJpZCI6MjI1MiwidXJsIjoiaHR0cHM6XC9cL3dlaW5oYW5kbC1tdWVobGUuYXRcL3dwLWNvbnRlbnRcL3VwbG9hZHNcLzIwMjFcLzEwXC9tdWVobGVubGFkZW4wNy5qcGciLCJzbGlkZXNob3ciOiJkZDM4Zjc5In0%3D\">\n\t\t\t\t\t<div class=\"e-gallery-image elementor-gallery-item__image\" data-thumbnail=\"https:\/\/weinhandl-muehle.at\/wp-content\/uploads\/2021\/10\/muehlenladen07.jpg\" data-width=\"600\" data-height=\"900\" aria-label=\"\" role=\"img\" ><\/div>\n\t\t\t\t\t\t\t\t\t\t\t\t\t\t\t<div class=\"elementor-gallery-item__content\">\n\t\t\t\t\t\t\t\t\t\t\t\t\t\t<div class=\"elementor-gallery-item__description\">\n\t\t\t\t\t\t\t\t\t\t\t\t\t\t\t\t\t\tMehle\t\t\t\t\t\t\t\t<\/div>\n\t\t\t\t\t\t\t\t\t\t\t\t<\/div>\n\t\t\t\t\t\t\t\t\t<\/a>\n\t\t\t\t\t\t\t<a class=\"e-gallery-item elementor-gallery-item elementor-animated-content\" href=\"https:\/\/weinhandl-muehle.at\/wp-content\/uploads\/2021\/10\/muehlenladen08b.jpg\" data-elementor-open-lightbox=\"yes\" data-elementor-lightbox-slideshow=\"dd38f79\" data-elementor-lightbox-title=\"muehlenladen08b\" data-e-action-hash=\"#elementor-action%3Aaction%3Dlightbox%26settings%3DeyJpZCI6MjQ1MCwidXJsIjoiaHR0cHM6XC9cL3dlaW5oYW5kbC1tdWVobGUuYXRcL3dwLWNvbnRlbnRcL3VwbG9hZHNcLzIwMjFcLzEwXC9tdWVobGVubGFkZW4wOGIuanBnIiwic2xpZGVzaG93IjoiZGQzOGY3OSJ9\">\n\t\t\t\t\t<div class=\"e-gallery-image elementor-gallery-item__image\" data-thumbnail=\"https:\/\/weinhandl-muehle.at\/wp-content\/uploads\/2021\/10\/muehlenladen08b-1024x683.jpg\" data-width=\"1024\" data-height=\"683\" aria-label=\"\" role=\"img\" ><\/div>\n\t\t\t\t\t\t\t\t\t\t\t\t\t\t\t<div class=\"elementor-gallery-item__content\">\n\t\t\t\t\t\t\t\t\t\t\t<\/div>\n\t\t\t\t\t\t\t\t\t<\/a>\n\t\t\t\t\t<\/div>\n\t\t\t\t\t<\/div>\n\t\t\t\t<\/div>\n\t\t\t\t\t<\/div>\n\t\t<\/div>\n\t\t\t\t\t<\/div>\n\t\t<\/section>\n\t\t\t\t<section class=\"elementor-section elementor-top-section elementor-element elementor-element-65f827d elementor-section-boxed elementor-section-height-default elementor-section-height-default\" data-id=\"65f827d\" data-element_type=\"section\" data-settings=\"{&quot;background_background&quot;:&quot;classic&quot;}\">\n\t\t\t\t\t\t\t<div class=\"elementor-background-overlay\"><\/div>\n\t\t\t\t\t\t\t<div class=\"elementor-container elementor-column-gap-default\">\n\t\t\t\t\t<div class=\"elementor-column elementor-col-100 elementor-top-column elementor-element elementor-element-825cfa2\" data-id=\"825cfa2\" data-element_type=\"column\">\n\t\t\t<div class=\"elementor-widget-wrap elementor-element-populated\">\n\t\t\t\t\t\t<div class=\"elementor-element elementor-element-26b0f1d elementor-widget elementor-widget-heading\" data-id=\"26b0f1d\" data-element_type=\"widget\" data-widget_type=\"heading.default\">\n\t\t\t\t<div class=\"elementor-widget-container\">\n\t\t\t\t\t<h2 class=\"elementor-heading-title elementor-size-default\">Sortiment<\/h2>\t\t\t\t<\/div>\n\t\t\t\t<\/div>\n\t\t\t\t\t<\/div>\n\t\t<\/div>\n\t\t\t\t\t<\/div>\n\t\t<\/section>\n\t\t\t\t<section class=\"elementor-section elementor-top-section elementor-element elementor-element-b9358fe elementor-section-boxed elementor-section-height-default elementor-section-height-default\" data-id=\"b9358fe\" data-element_type=\"section\" data-settings=\"{&quot;background_background&quot;:&quot;classic&quot;}\">\n\t\t\t\t\t\t\t<div class=\"elementor-background-overlay\"><\/div>\n\t\t\t\t\t\t\t<div class=\"elementor-container elementor-column-gap-default\">\n\t\t\t\t\t<div class=\"elementor-column elementor-col-100 elementor-top-column elementor-element elementor-element-0784e19\" data-id=\"0784e19\" data-element_type=\"column\">\n\t\t\t<div class=\"elementor-widget-wrap elementor-element-populated\">\n\t\t\t\t\t\t<div class=\"elementor-element elementor-element-a9f8d77 elementor-widget elementor-widget-text-editor\" data-id=\"a9f8d77\" data-element_type=\"widget\" data-widget_type=\"text-editor.default\">\n\t\t\t\t<div class=\"elementor-widget-container\">\n\t\t\t\t\t\t\t\t\t<p>Echt steirisches K\u00fcrbiskern\u00f6l g.g.A<\/p><p>Raps\u00f6l, Lein\u00f6l, Walnuss\u00f6l, Hanf\u00f6l und viele mehr<\/p><p>Essig<\/p><p>Mehle<\/p><p>Backmischungen<\/p><p>Grie\u00df und Polenta<\/p><p>Getreide und Urgetreideprodukte<\/p><p>Knabberkerne und N\u00fcsse<\/p><p>K\u00e4ferbohnen<\/p><p>Reis und Linsen<\/p><p>Nudeln und Pesto<\/p><p>Salze und Gew\u00fcrze<\/p><p>M\u00fcslis und Cornflakes<\/p><p>Dinkelkekse und Waffeln<\/p><p>Schokofr\u00fcchte,Schokon\u00fcsse und Cripies<\/p><p>D\u00f6rrfr\u00fcchte<\/p><p>Biohonig und Marmeladen<\/p><p>Tee<\/p><p>Hildegard von Bingen Produkte<\/p><p>Glutenfreie Produkte<\/p>\t\t\t\t\t\t\t\t<\/div>\n\t\t\t\t<\/div>\n\t\t\t\t\t<\/div>\n\t\t<\/div>\n\t\t\t\t\t<\/div>\n\t\t<\/section>\n\t\t\t\t<\/div>\n\t\t","protected":false},"excerpt":{"rendered":"<p>Unser M\u00fchlenladen mit dem umfangreichen Sortiment \u00fcbersichtlich angeordnet und einer gro\u00dfen Auswahl k\u00f6stlich verpackt Kern\u00f6l g.g.A und Essig Mehle Sortiment&hellip;<\/p>\n","protected":false},"author":1,"featured_media":0,"parent":0,"menu_order":0,"comment_status":"closed","ping_status":"closed","template":"template-parts\/template-page-builders.php","meta":{"footnotes":""},"yoast_head":"<!-- This site is optimized with the Yoast SEO plugin v18.1 - https:\/\/yoast.com\/wordpress\/plugins\/seo\/ -->\n<title>Sortiment - Weinhandl M\u00fchle OG<\/title>\n<meta name=\"robots\" content=\"index, follow, max-snippet:-1, max-image-preview:large, max-video-preview:-1\" \/>\n<link rel=\"canonical\" href=\"https:\/\/weinhandl-muehle.at\/?page_id=1347\" \/>\n<meta property=\"og:locale\" content=\"de_DE\" \/>\n<meta property=\"og:type\" content=\"article\" \/>\n<meta property=\"og:title\" content=\"Sortiment - Weinhandl M\u00fchle OG\" \/>\n<meta property=\"og:description\" content=\"Unser M\u00fchlenladen mit dem umfangreichen Sortiment \u00fcbersichtlich angeordnet und einer gro\u00dfen Auswahl k\u00f6stlich verpackt Kern\u00f6l g.g.A und Essig Mehle Sortiment&hellip;\" \/>\n<meta property=\"og:url\" content=\"https:\/\/weinhandl-muehle.at\/?page_id=1347\" \/>\n<meta property=\"og:site_name\" content=\"Weinhandl M\u00fchle OG\" \/>\n<meta property=\"article:publisher\" content=\"https:\/\/www.facebook.com\/WeinhandlmuehleOG\/\" \/>\n<meta property=\"article:modified_time\" content=\"2021-10-28T17:19:27+00:00\" \/>\n<meta name=\"twitter:card\" content=\"summary_large_image\" \/>\n<meta name=\"twitter:label1\" content=\"Gesch\u00e4tzte Lesezeit\" \/>\n\t<meta name=\"twitter:data1\" content=\"1 Minute\" \/>\n<script type=\"application\/ld+json\" class=\"yoast-schema-graph\">{\"@context\":\"https:\/\/schema.org\",\"@graph\":[{\"@type\":\"Organization\",\"@id\":\"https:\/\/weinhandl-muehle.at\/#organization\",\"name\":\"Weinhandl M\u00fchle OG\",\"url\":\"https:\/\/weinhandl-muehle.at\/\",\"sameAs\":[\"https:\/\/www.facebook.com\/WeinhandlmuehleOG\/\"],\"logo\":{\"@type\":\"ImageObject\",\"@id\":\"https:\/\/weinhandl-muehle.at\/#logo\",\"inLanguage\":\"de-DE\",\"url\":\"https:\/\/weinhandl-muehle.at\/wp-content\/uploads\/2021\/09\/weinhandl-muehle_200.png\",\"contentUrl\":\"https:\/\/weinhandl-muehle.at\/wp-content\/uploads\/2021\/09\/weinhandl-muehle_200.png\",\"width\":243,\"height\":200,\"caption\":\"Weinhandl M\u00fchle OG\"},\"image\":{\"@id\":\"https:\/\/weinhandl-muehle.at\/#logo\"}},{\"@type\":\"WebSite\",\"@id\":\"https:\/\/weinhandl-muehle.at\/#website\",\"url\":\"https:\/\/weinhandl-muehle.at\/\",\"name\":\"Weinhandl M\u00fchle OG\",\"description\":\"in der S\u00fcdoststeiermark\",\"publisher\":{\"@id\":\"https:\/\/weinhandl-muehle.at\/#organization\"},\"potentialAction\":[{\"@type\":\"SearchAction\",\"target\":{\"@type\":\"EntryPoint\",\"urlTemplate\":\"https:\/\/weinhandl-muehle.at\/?s={search_term_string}\"},\"query-input\":\"required name=search_term_string\"}],\"inLanguage\":\"de-DE\"},{\"@type\":\"WebPage\",\"@id\":\"https:\/\/weinhandl-muehle.at\/?page_id=1347#webpage\",\"url\":\"https:\/\/weinhandl-muehle.at\/?page_id=1347\",\"name\":\"Sortiment - Weinhandl M\u00fchle OG\",\"isPartOf\":{\"@id\":\"https:\/\/weinhandl-muehle.at\/#website\"},\"datePublished\":\"2021-08-28T18:28:37+00:00\",\"dateModified\":\"2021-10-28T17:19:27+00:00\",\"breadcrumb\":{\"@id\":\"https:\/\/weinhandl-muehle.at\/?page_id=1347#breadcrumb\"},\"inLanguage\":\"de-DE\",\"potentialAction\":[{\"@type\":\"ReadAction\",\"target\":[\"https:\/\/weinhandl-muehle.at\/?page_id=1347\"]}]},{\"@type\":\"BreadcrumbList\",\"@id\":\"https:\/\/weinhandl-muehle.at\/?page_id=1347#breadcrumb\",\"itemListElement\":[{\"@type\":\"ListItem\",\"position\":1,\"name\":\"Startseite\",\"item\":\"https:\/\/weinhandl-muehle.at\/\"},{\"@type\":\"ListItem\",\"position\":2,\"name\":\"Sortiment\"}]}]}<\/script>\n<!-- \/ Yoast SEO plugin. -->","yoast_head_json":{"title":"Sortiment - Weinhandl M\u00fchle OG","robots":{"index":"index","follow":"follow","max-snippet":"max-snippet:-1","max-image-preview":"max-image-preview:large","max-video-preview":"max-video-preview:-1"},"canonical":"https:\/\/weinhandl-muehle.at\/?page_id=1347","og_locale":"de_DE","og_type":"article","og_title":"Sortiment - Weinhandl M\u00fchle OG","og_description":"Unser M\u00fchlenladen mit dem umfangreichen Sortiment \u00fcbersichtlich angeordnet und einer gro\u00dfen Auswahl k\u00f6stlich verpackt Kern\u00f6l g.g.A und Essig Mehle Sortiment&hellip;","og_url":"https:\/\/weinhandl-muehle.at\/?page_id=1347","og_site_name":"Weinhandl M\u00fchle OG","article_publisher":"https:\/\/www.facebook.com\/WeinhandlmuehleOG\/","article_modified_time":"2021-10-28T17:19:27+00:00","twitter_card":"summary_large_image","twitter_misc":{"Gesch\u00e4tzte Lesezeit":"1 Minute"},"schema":{"@context":"https:\/\/schema.org","@graph":[{"@type":"Organization","@id":"https:\/\/weinhandl-muehle.at\/#organization","name":"Weinhandl M\u00fchle OG","url":"https:\/\/weinhandl-muehle.at\/","sameAs":["https:\/\/www.facebook.com\/WeinhandlmuehleOG\/"],"logo":{"@type":"ImageObject","@id":"https:\/\/weinhandl-muehle.at\/#logo","inLanguage":"de-DE","url":"https:\/\/weinhandl-muehle.at\/wp-content\/uploads\/2021\/09\/weinhandl-muehle_200.png","contentUrl":"https:\/\/weinhandl-muehle.at\/wp-content\/uploads\/2021\/09\/weinhandl-muehle_200.png","width":243,"height":200,"caption":"Weinhandl M\u00fchle OG"},"image":{"@id":"https:\/\/weinhandl-muehle.at\/#logo"}},{"@type":"WebSite","@id":"https:\/\/weinhandl-muehle.at\/#website","url":"https:\/\/weinhandl-muehle.at\/","name":"Weinhandl M\u00fchle OG","description":"in der S\u00fcdoststeiermark","publisher":{"@id":"https:\/\/weinhandl-muehle.at\/#organization"},"potentialAction":[{"@type":"SearchAction","target":{"@type":"EntryPoint","urlTemplate":"https:\/\/weinhandl-muehle.at\/?s={search_term_string}"},"query-input":"required name=search_term_string"}],"inLanguage":"de-DE"},{"@type":"WebPage","@id":"https:\/\/weinhandl-muehle.at\/?page_id=1347#webpage","url":"https:\/\/weinhandl-muehle.at\/?page_id=1347","name":"Sortiment - Weinhandl M\u00fchle OG","isPartOf":{"@id":"https:\/\/weinhandl-muehle.at\/#website"},"datePublished":"2021-08-28T18:28:37+00:00","dateModified":"2021-10-28T17:19:27+00:00","breadcrumb":{"@id":"https:\/\/weinhandl-muehle.at\/?page_id=1347#breadcrumb"},"inLanguage":"de-DE","potentialAction":[{"@type":"ReadAction","target":["https:\/\/weinhandl-muehle.at\/?page_id=1347"]}]},{"@type":"BreadcrumbList","@id":"https:\/\/weinhandl-muehle.at\/?page_id=1347#breadcrumb","itemListElement":[{"@type":"ListItem","position":1,"name":"Startseite","item":"https:\/\/weinhandl-muehle.at\/"},{"@type":"ListItem","position":2,"name":"Sortiment"}]}]}},"_links":{"self":[{"href":"https:\/\/weinhandl-muehle.at\/index.php?rest_route=\/wp\/v2\/pages\/1347"}],"collection":[{"href":"https:\/\/weinhandl-muehle.at\/index.php?rest_route=\/wp\/v2\/pages"}],"about":[{"href":"https:\/\/weinhandl-muehle.at\/index.php?rest_route=\/wp\/v2\/types\/page"}],"author":[{"embeddable":true,"href":"https:\/\/weinhandl-muehle.at\/index.php?rest_route=\/wp\/v2\/users\/1"}],"replies":[{"embeddable":true,"href":"https:\/\/weinhandl-muehle.at\/index.php?rest_route=%2Fwp%2Fv2%2Fcomments&post=1347"}],"version-history":[{"count":70,"href":"https:\/\/weinhandl-muehle.at\/index.php?rest_route=\/wp\/v2\/pages\/1347\/revisions"}],"predecessor-version":[{"id":2570,"href":"https:\/\/weinhandl-muehle.at\/index.php?rest_route=\/wp\/v2\/pages\/1347\/revisions\/2570"}],"wp:attachment":[{"href":"https:\/\/weinhandl-muehle.at\/index.php?rest_route=%2Fwp%2Fv2%2Fmedia&parent=1347"}],"curies":[{"name":"wp","href":"https:\/\/api.w.org\/{rel}","templated":true}]}}