{"id":1114,"date":"2021-08-18T08:18:30","date_gmt":"2021-08-18T08:18:30","guid":{"rendered":"http:\/\/oel.fz325nap.at.edis.global\/?page_id=1114"},"modified":"2026-04-07T11:39:08","modified_gmt":"2026-04-07T09:39:08","slug":"home-n","status":"publish","type":"page","link":"https:\/\/weinhandl-muehle.at\/","title":{"rendered":"Home"},"content":{"rendered":"\t\t<div data-elementor-type=\"wp-page\" data-elementor-id=\"1114\" class=\"elementor elementor-1114\" data-elementor-post-type=\"page\">\n\t\t\t\t\t\t<section class=\"elementor-section elementor-top-section elementor-element elementor-element-5e43699 elementor-section-full_width elementor-section-height-default elementor-section-height-default\" data-id=\"5e43699\" data-element_type=\"section\" data-settings=\"{&quot;background_background&quot;:&quot;classic&quot;}\">\n\t\t\t\t\t\t\t<div class=\"elementor-background-overlay\"><\/div>\n\t\t\t\t\t\t\t<div class=\"elementor-container elementor-column-gap-default\">\n\t\t\t\t\t<div class=\"elementor-column elementor-col-100 elementor-top-column elementor-element elementor-element-116033d\" data-id=\"116033d\" data-element_type=\"column\">\n\t\t\t<div class=\"elementor-widget-wrap elementor-element-populated\">\n\t\t\t\t\t\t<div class=\"elementor-element elementor-element-d2bcd53 elementor-arrows-position-inside elementor-pagination-position-outside elementor-widget elementor-widget-image-carousel\" data-id=\"d2bcd53\" data-element_type=\"widget\" data-settings=\"{&quot;slides_to_show&quot;:&quot;1&quot;,&quot;navigation&quot;:&quot;both&quot;,&quot;autoplay&quot;:&quot;yes&quot;,&quot;pause_on_hover&quot;:&quot;yes&quot;,&quot;pause_on_interaction&quot;:&quot;yes&quot;,&quot;autoplay_speed&quot;:5000,&quot;infinite&quot;:&quot;yes&quot;,&quot;effect&quot;:&quot;slide&quot;,&quot;speed&quot;:500}\" data-widget_type=\"image-carousel.default\">\n\t\t\t\t<div class=\"elementor-widget-container\">\n\t\t\t\t\t\t\t<div class=\"elementor-image-carousel-wrapper swiper\" role=\"region\" aria-roledescription=\"carousel\" aria-label=\"Bilderkarussell\" dir=\"ltr\">\n\t\t\t<div class=\"elementor-image-carousel swiper-wrapper\" aria-live=\"off\">\n\t\t\t\t\t\t\t\t<div class=\"swiper-slide\" role=\"group\" aria-roledescription=\"slide\" aria-label=\"1 von 12\"><figure class=\"swiper-slide-inner\"><img decoding=\"async\" class=\"swiper-slide-image\" src=\"https:\/\/weinhandl-muehle.at\/wp-content\/uploads\/2021\/10\/1-2.jpg\" alt=\"1\" \/><\/figure><\/div><div class=\"swiper-slide\" role=\"group\" aria-roledescription=\"slide\" aria-label=\"2 von 12\"><figure class=\"swiper-slide-inner\"><img decoding=\"async\" class=\"swiper-slide-image\" src=\"https:\/\/weinhandl-muehle.at\/wp-content\/uploads\/2021\/10\/3-2.jpg\" alt=\"3\" \/><\/figure><\/div><div class=\"swiper-slide\" role=\"group\" aria-roledescription=\"slide\" aria-label=\"3 von 12\"><figure class=\"swiper-slide-inner\"><img decoding=\"async\" class=\"swiper-slide-image\" src=\"https:\/\/weinhandl-muehle.at\/wp-content\/uploads\/2021\/10\/4-1.jpg\" alt=\"4\" \/><\/figure><\/div><div class=\"swiper-slide\" role=\"group\" aria-roledescription=\"slide\" aria-label=\"4 von 12\"><figure class=\"swiper-slide-inner\"><img decoding=\"async\" class=\"swiper-slide-image\" src=\"https:\/\/weinhandl-muehle.at\/wp-content\/uploads\/2021\/10\/5-2.jpg\" alt=\"5\" \/><\/figure><\/div><div class=\"swiper-slide\" role=\"group\" aria-roledescription=\"slide\" aria-label=\"5 von 12\"><figure class=\"swiper-slide-inner\"><img decoding=\"async\" class=\"swiper-slide-image\" src=\"https:\/\/weinhandl-muehle.at\/wp-content\/uploads\/2021\/10\/6-1.jpg\" alt=\"6\" \/><\/figure><\/div><div class=\"swiper-slide\" role=\"group\" aria-roledescription=\"slide\" aria-label=\"6 von 12\"><figure class=\"swiper-slide-inner\"><img decoding=\"async\" class=\"swiper-slide-image\" src=\"https:\/\/weinhandl-muehle.at\/wp-content\/uploads\/2021\/10\/7.jpg\" alt=\"7\" \/><\/figure><\/div><div class=\"swiper-slide\" role=\"group\" aria-roledescription=\"slide\" aria-label=\"7 von 12\"><figure class=\"swiper-slide-inner\"><img decoding=\"async\" class=\"swiper-slide-image\" src=\"https:\/\/weinhandl-muehle.at\/wp-content\/uploads\/2021\/10\/8.jpg\" alt=\"8\" \/><\/figure><\/div><div class=\"swiper-slide\" role=\"group\" aria-roledescription=\"slide\" aria-label=\"8 von 12\"><figure class=\"swiper-slide-inner\"><img decoding=\"async\" class=\"swiper-slide-image\" src=\"https:\/\/weinhandl-muehle.at\/wp-content\/uploads\/2021\/10\/9.jpg\" alt=\"9\" \/><\/figure><\/div><div class=\"swiper-slide\" role=\"group\" aria-roledescription=\"slide\" aria-label=\"9 von 12\"><figure class=\"swiper-slide-inner\"><img decoding=\"async\" class=\"swiper-slide-image\" src=\"https:\/\/weinhandl-muehle.at\/wp-content\/uploads\/2021\/10\/10.jpg\" alt=\"10\" \/><\/figure><\/div><div class=\"swiper-slide\" role=\"group\" aria-roledescription=\"slide\" aria-label=\"10 von 12\"><figure class=\"swiper-slide-inner\"><img decoding=\"async\" class=\"swiper-slide-image\" src=\"https:\/\/weinhandl-muehle.at\/wp-content\/uploads\/2021\/10\/11.jpg\" alt=\"11\" \/><\/figure><\/div><div class=\"swiper-slide\" role=\"group\" aria-roledescription=\"slide\" aria-label=\"11 von 12\"><figure class=\"swiper-slide-inner\"><img decoding=\"async\" class=\"swiper-slide-image\" src=\"https:\/\/weinhandl-muehle.at\/wp-content\/uploads\/2021\/10\/12.jpg\" alt=\"12\" \/><\/figure><\/div><div class=\"swiper-slide\" role=\"group\" aria-roledescription=\"slide\" aria-label=\"12 von 12\"><figure class=\"swiper-slide-inner\"><img decoding=\"async\" class=\"swiper-slide-image\" src=\"https:\/\/weinhandl-muehle.at\/wp-content\/uploads\/2021\/10\/14.jpg\" alt=\"14\" \/><\/figure><\/div>\t\t\t<\/div>\n\t\t\t\t\t\t\t\t\t\t\t\t<div class=\"elementor-swiper-button elementor-swiper-button-prev\" role=\"button\" tabindex=\"0\">\n\t\t\t\t\t\t<i aria-hidden=\"true\" class=\"eicon-chevron-left\"><\/i>\t\t\t\t\t<\/div>\n\t\t\t\t\t<div class=\"elementor-swiper-button elementor-swiper-button-next\" role=\"button\" tabindex=\"0\">\n\t\t\t\t\t\t<i aria-hidden=\"true\" class=\"eicon-chevron-right\"><\/i>\t\t\t\t\t<\/div>\n\t\t\t\t\n\t\t\t\t\t\t\t\t\t<div class=\"swiper-pagination\"><\/div>\n\t\t\t\t\t\t\t\t\t<\/div>\n\t\t\t\t\t\t<\/div>\n\t\t\t\t<\/div>\n\t\t\t\t\t<\/div>\n\t\t<\/div>\n\t\t\t\t\t<\/div>\n\t\t<\/section>\n\t\t\t\t<section class=\"elementor-section elementor-top-section elementor-element elementor-element-f5afae2 elementor-section-boxed elementor-section-height-default elementor-section-height-default\" data-id=\"f5afae2\" data-element_type=\"section\" data-settings=\"{&quot;background_background&quot;:&quot;classic&quot;}\">\n\t\t\t\t\t\t\t<div class=\"elementor-background-overlay\"><\/div>\n\t\t\t\t\t\t\t<div class=\"elementor-container elementor-column-gap-default\">\n\t\t\t\t\t<div class=\"elementor-column elementor-col-66 elementor-top-column elementor-element elementor-element-c93fa30\" data-id=\"c93fa30\" data-element_type=\"column\" data-settings=\"{&quot;background_background&quot;:&quot;classic&quot;}\">\n\t\t\t<div class=\"elementor-widget-wrap elementor-element-populated\">\n\t\t\t\t\t<div class=\"elementor-background-overlay\"><\/div>\n\t\t\t\t\t\t<div class=\"elementor-element elementor-element-ffcbc1e elementor-widget elementor-widget-heading\" data-id=\"ffcbc1e\" data-element_type=\"widget\" data-widget_type=\"heading.default\">\n\t\t\t\t<div class=\"elementor-widget-container\">\n\t\t\t\t\t<h2 class=\"elementor-heading-title elementor-size-default\">Herzlich willkommen in der Weinhandl M\u00fchle!<\/h2>\t\t\t\t<\/div>\n\t\t\t\t<\/div>\n\t\t\t\t<div class=\"elementor-element elementor-element-c965e7e elementor-widget__width-initial elementor-widget elementor-widget-text-editor\" data-id=\"c965e7e\" data-element_type=\"widget\" data-widget_type=\"text-editor.default\">\n\t\t\t\t<div class=\"elementor-widget-container\">\n\t\t\t\t\t\t\t\t\t<p>Die <b>Weinhandl-M\u00fchle <\/b>liegt im wundersch\u00f6nen Vulkanland der <b>S\u00fcdoststeiermark<\/b>. Seit vielen Generationen betreibt die Familie Weinhandl eine M\u00fchle und \u00d6lpresse. Gro\u00dfe Erfahrung und die besondere Liebe zum Handwerk lassen vielfach qualit\u00e4tsausgezeichnete Produkte entstehen, die vor Ort im M\u00fchlenladen zu finden sind.<\/p><p>* \u00d6lprodukte \u2013 insbesondere <b>Echt steirisches Kern\u00f6l g.g.A.<\/b><\/p><p>* <b>Getreide, Mehle, Nudeln, M\u00fcsli <\/b>und<\/p><p>* viele weitere <b>feine Zutaten<\/b><\/p><p>f\u00fcr eine gesunde, ausgewogene und nat\u00fcrliche K\u00fcche.<\/p><p>Besuchen Sie auch gerne den online <b>Shop <\/b>mit seinem reichhaltigen Angebot.<\/p>\t\t\t\t\t\t\t\t<\/div>\n\t\t\t\t<\/div>\n\t\t\t\t\t<\/div>\n\t\t<\/div>\n\t\t\t\t<div class=\"elementor-column elementor-col-33 elementor-top-column elementor-element elementor-element-c1d5bdf\" data-id=\"c1d5bdf\" data-element_type=\"column\" data-settings=\"{&quot;background_background&quot;:&quot;classic&quot;}\">\n\t\t\t<div class=\"elementor-widget-wrap elementor-element-populated\">\n\t\t\t\t\t\t<div class=\"elementor-element elementor-element-7a04c57 elementor-widget elementor-widget-image\" data-id=\"7a04c57\" data-element_type=\"widget\" data-widget_type=\"image.default\">\n\t\t\t\t<div class=\"elementor-widget-container\">\n\t\t\t\t\t\t\t\t\t\t\t\t\t\t\t<img fetchpriority=\"high\" decoding=\"async\" width=\"301\" height=\"249\" src=\"https:\/\/weinhandl-muehle.at\/wp-content\/uploads\/2021\/08\/weinhandl-muehle.png\" class=\"attachment-woocommerce_thumbnail size-woocommerce_thumbnail wp-image-714\" alt=\"\" \/>\t\t\t\t\t\t\t\t\t\t\t\t\t\t\t<\/div>\n\t\t\t\t<\/div>\n\t\t\t\t\t<\/div>\n\t\t<\/div>\n\t\t\t\t\t<\/div>\n\t\t<\/section>\n\t\t\t\t<\/div>\n\t\t","protected":false},"excerpt":{"rendered":"<p>Herzlich willkommen in der Weinhandl M\u00fchle! Die Weinhandl-M\u00fchle liegt im wundersch\u00f6nen Vulkanland der S\u00fcdoststeiermark. Seit vielen Generationen betreibt die Familie&hellip;<\/p>\n","protected":false},"author":1,"featured_media":0,"parent":0,"menu_order":0,"comment_status":"closed","ping_status":"closed","template":"template-parts\/template-page-builders.php","meta":{"footnotes":""},"yoast_head":"<!-- This site is optimized with the Yoast SEO plugin v18.1 - https:\/\/yoast.com\/wordpress\/plugins\/seo\/ -->\n<title>Home - Weinhandl M\u00fchle OG<\/title>\n<meta name=\"robots\" content=\"index, follow, max-snippet:-1, max-image-preview:large, max-video-preview:-1\" \/>\n<link rel=\"canonical\" href=\"https:\/\/weinhandl-muehle.at\/\" \/>\n<meta property=\"og:locale\" content=\"de_DE\" \/>\n<meta property=\"og:type\" content=\"article\" \/>\n<meta property=\"og:title\" content=\"Home - Weinhandl M\u00fchle OG\" \/>\n<meta property=\"og:description\" content=\"Herzlich willkommen in der Weinhandl M\u00fchle! Die Weinhandl-M\u00fchle liegt im wundersch\u00f6nen Vulkanland der S\u00fcdoststeiermark. Seit vielen Generationen betreibt die Familie&hellip;\" \/>\n<meta property=\"og:url\" content=\"https:\/\/weinhandl-muehle.at\/\" \/>\n<meta property=\"og:site_name\" content=\"Weinhandl M\u00fchle OG\" \/>\n<meta property=\"article:publisher\" content=\"https:\/\/www.facebook.com\/WeinhandlmuehleOG\/\" \/>\n<meta property=\"article:modified_time\" content=\"2026-04-07T09:39:08+00:00\" \/>\n<meta property=\"og:image\" content=\"https:\/\/weinhandl-muehle.at\/wp-content\/uploads\/2021\/10\/1-2.jpg\" \/>\n<meta name=\"twitter:card\" content=\"summary_large_image\" \/>\n<meta name=\"twitter:label1\" content=\"Gesch\u00e4tzte Lesezeit\" \/>\n\t<meta name=\"twitter:data1\" content=\"4 Minuten\" \/>\n<script type=\"application\/ld+json\" class=\"yoast-schema-graph\">{\"@context\":\"https:\/\/schema.org\",\"@graph\":[{\"@type\":\"Organization\",\"@id\":\"https:\/\/weinhandl-muehle.at\/#organization\",\"name\":\"Weinhandl M\u00fchle OG\",\"url\":\"https:\/\/weinhandl-muehle.at\/\",\"sameAs\":[\"https:\/\/www.facebook.com\/WeinhandlmuehleOG\/\"],\"logo\":{\"@type\":\"ImageObject\",\"@id\":\"https:\/\/weinhandl-muehle.at\/#logo\",\"inLanguage\":\"de-DE\",\"url\":\"https:\/\/weinhandl-muehle.at\/wp-content\/uploads\/2021\/09\/weinhandl-muehle_200.png\",\"contentUrl\":\"https:\/\/weinhandl-muehle.at\/wp-content\/uploads\/2021\/09\/weinhandl-muehle_200.png\",\"width\":243,\"height\":200,\"caption\":\"Weinhandl M\u00fchle OG\"},\"image\":{\"@id\":\"https:\/\/weinhandl-muehle.at\/#logo\"}},{\"@type\":\"WebSite\",\"@id\":\"https:\/\/weinhandl-muehle.at\/#website\",\"url\":\"https:\/\/weinhandl-muehle.at\/\",\"name\":\"Weinhandl M\u00fchle OG\",\"description\":\"in der S\u00fcdoststeiermark\",\"publisher\":{\"@id\":\"https:\/\/weinhandl-muehle.at\/#organization\"},\"potentialAction\":[{\"@type\":\"SearchAction\",\"target\":{\"@type\":\"EntryPoint\",\"urlTemplate\":\"https:\/\/weinhandl-muehle.at\/?s={search_term_string}\"},\"query-input\":\"required name=search_term_string\"}],\"inLanguage\":\"de-DE\"},{\"@type\":\"ImageObject\",\"@id\":\"https:\/\/weinhandl-muehle.at\/#primaryimage\",\"inLanguage\":\"de-DE\",\"url\":\"https:\/\/weinhandl-muehle.at\/wp-content\/uploads\/2021\/10\/1-2.jpg\",\"contentUrl\":\"https:\/\/weinhandl-muehle.at\/wp-content\/uploads\/2021\/10\/1-2.jpg\",\"width\":2000,\"height\":600},{\"@type\":\"WebPage\",\"@id\":\"https:\/\/weinhandl-muehle.at\/#webpage\",\"url\":\"https:\/\/weinhandl-muehle.at\/\",\"name\":\"Home - Weinhandl M\u00fchle OG\",\"isPartOf\":{\"@id\":\"https:\/\/weinhandl-muehle.at\/#website\"},\"primaryImageOfPage\":{\"@id\":\"https:\/\/weinhandl-muehle.at\/#primaryimage\"},\"datePublished\":\"2021-08-18T08:18:30+00:00\",\"dateModified\":\"2026-04-07T09:39:08+00:00\",\"breadcrumb\":{\"@id\":\"https:\/\/weinhandl-muehle.at\/#breadcrumb\"},\"inLanguage\":\"de-DE\",\"potentialAction\":[{\"@type\":\"ReadAction\",\"target\":[\"https:\/\/weinhandl-muehle.at\/\"]}]},{\"@type\":\"BreadcrumbList\",\"@id\":\"https:\/\/weinhandl-muehle.at\/#breadcrumb\",\"itemListElement\":[{\"@type\":\"ListItem\",\"position\":1,\"name\":\"Startseite\",\"item\":\"https:\/\/weinhandl-muehle.at\/\"},{\"@type\":\"ListItem\",\"position\":2,\"name\":\"Home\"}]}]}<\/script>\n<!-- \/ Yoast SEO plugin. -->","yoast_head_json":{"title":"Home - Weinhandl M\u00fchle OG","robots":{"index":"index","follow":"follow","max-snippet":"max-snippet:-1","max-image-preview":"max-image-preview:large","max-video-preview":"max-video-preview:-1"},"canonical":"https:\/\/weinhandl-muehle.at\/","og_locale":"de_DE","og_type":"article","og_title":"Home - Weinhandl M\u00fchle OG","og_description":"Herzlich willkommen in der Weinhandl M\u00fchle! Die Weinhandl-M\u00fchle liegt im wundersch\u00f6nen Vulkanland der S\u00fcdoststeiermark. Seit vielen Generationen betreibt die Familie&hellip;","og_url":"https:\/\/weinhandl-muehle.at\/","og_site_name":"Weinhandl M\u00fchle OG","article_publisher":"https:\/\/www.facebook.com\/WeinhandlmuehleOG\/","article_modified_time":"2026-04-07T09:39:08+00:00","og_image":[{"url":"https:\/\/weinhandl-muehle.at\/wp-content\/uploads\/2021\/10\/1-2.jpg"}],"twitter_card":"summary_large_image","twitter_misc":{"Gesch\u00e4tzte Lesezeit":"4 Minuten"},"schema":{"@context":"https:\/\/schema.org","@graph":[{"@type":"Organization","@id":"https:\/\/weinhandl-muehle.at\/#organization","name":"Weinhandl M\u00fchle OG","url":"https:\/\/weinhandl-muehle.at\/","sameAs":["https:\/\/www.facebook.com\/WeinhandlmuehleOG\/"],"logo":{"@type":"ImageObject","@id":"https:\/\/weinhandl-muehle.at\/#logo","inLanguage":"de-DE","url":"https:\/\/weinhandl-muehle.at\/wp-content\/uploads\/2021\/09\/weinhandl-muehle_200.png","contentUrl":"https:\/\/weinhandl-muehle.at\/wp-content\/uploads\/2021\/09\/weinhandl-muehle_200.png","width":243,"height":200,"caption":"Weinhandl M\u00fchle OG"},"image":{"@id":"https:\/\/weinhandl-muehle.at\/#logo"}},{"@type":"WebSite","@id":"https:\/\/weinhandl-muehle.at\/#website","url":"https:\/\/weinhandl-muehle.at\/","name":"Weinhandl M\u00fchle OG","description":"in der S\u00fcdoststeiermark","publisher":{"@id":"https:\/\/weinhandl-muehle.at\/#organization"},"potentialAction":[{"@type":"SearchAction","target":{"@type":"EntryPoint","urlTemplate":"https:\/\/weinhandl-muehle.at\/?s={search_term_string}"},"query-input":"required name=search_term_string"}],"inLanguage":"de-DE"},{"@type":"ImageObject","@id":"https:\/\/weinhandl-muehle.at\/#primaryimage","inLanguage":"de-DE","url":"https:\/\/weinhandl-muehle.at\/wp-content\/uploads\/2021\/10\/1-2.jpg","contentUrl":"https:\/\/weinhandl-muehle.at\/wp-content\/uploads\/2021\/10\/1-2.jpg","width":2000,"height":600},{"@type":"WebPage","@id":"https:\/\/weinhandl-muehle.at\/#webpage","url":"https:\/\/weinhandl-muehle.at\/","name":"Home - Weinhandl M\u00fchle OG","isPartOf":{"@id":"https:\/\/weinhandl-muehle.at\/#website"},"primaryImageOfPage":{"@id":"https:\/\/weinhandl-muehle.at\/#primaryimage"},"datePublished":"2021-08-18T08:18:30+00:00","dateModified":"2026-04-07T09:39:08+00:00","breadcrumb":{"@id":"https:\/\/weinhandl-muehle.at\/#breadcrumb"},"inLanguage":"de-DE","potentialAction":[{"@type":"ReadAction","target":["https:\/\/weinhandl-muehle.at\/"]}]},{"@type":"BreadcrumbList","@id":"https:\/\/weinhandl-muehle.at\/#breadcrumb","itemListElement":[{"@type":"ListItem","position":1,"name":"Startseite","item":"https:\/\/weinhandl-muehle.at\/"},{"@type":"ListItem","position":2,"name":"Home"}]}]}},"_links":{"self":[{"href":"https:\/\/weinhandl-muehle.at\/index.php?rest_route=\/wp\/v2\/pages\/1114"}],"collection":[{"href":"https:\/\/weinhandl-muehle.at\/index.php?rest_route=\/wp\/v2\/pages"}],"about":[{"href":"https:\/\/weinhandl-muehle.at\/index.php?rest_route=\/wp\/v2\/types\/page"}],"author":[{"embeddable":true,"href":"https:\/\/weinhandl-muehle.at\/index.php?rest_route=\/wp\/v2\/users\/1"}],"replies":[{"embeddable":true,"href":"https:\/\/weinhandl-muehle.at\/index.php?rest_route=%2Fwp%2Fv2%2Fcomments&post=1114"}],"version-history":[{"count":378,"href":"https:\/\/weinhandl-muehle.at\/index.php?rest_route=\/wp\/v2\/pages\/1114\/revisions"}],"predecessor-version":[{"id":6053,"href":"https:\/\/weinhandl-muehle.at\/index.php?rest_route=\/wp\/v2\/pages\/1114\/revisions\/6053"}],"wp:attachment":[{"href":"https:\/\/weinhandl-muehle.at\/index.php?rest_route=%2Fwp%2Fv2%2Fmedia&parent=1114"}],"curies":[{"name":"wp","href":"https:\/\/api.w.org\/{rel}","templated":true}]}}